{"id":1071,"date":"2019-11-16T18:29:01","date_gmt":"2019-11-16T17:29:01","guid":{"rendered":"https:\/\/www.sklenarice.com\/?page_id=1071"},"modified":"2019-11-16T18:34:54","modified_gmt":"2019-11-16T17:34:54","slug":"ucast2020","status":"publish","type":"page","link":"https:\/\/www.sklenarice.com\/aktuality\/ucast2020\/","title":{"rendered":"Akce Sklenky 2020 &#8211; \u00fa\u010dastn\u00edci"},"content":{"rendered":"<table class=\"fm-data\"><thead><tr><th class=\"fm-item-header-jmeno\" style=\"width:auto;\">Jm\u00e9no<\/th><th class=\"fm-item-header-dospelych\" style=\"width:auto;\">Po\u010det dosp\u011bl\u00fdch<\/th><th class=\"fm-item-header-deti\" style=\"width:auto;\">Po\u010det d\u011bt\u00ed<\/th><th class=\"fm-item-header-prijezd\" style=\"width:auto;\">P\u0159\u00edjezd<\/th><th class=\"fm-item-header-odjezd\" style=\"width:auto;\">Odjezd<\/th><th class=\"fm-item-header-ubytovani\" style=\"width:auto;\">Ubytov\u00e1n\u00ed<\/th><th class=\"fm-item-header-vzkaz\" style=\"width:auto;\">Vzkaz<\/th><th class=\"fm-item-header-poradi\" style=\"width:auto;\">Po\u0159ad\u00ed<\/th><\/tr><\/thead><tfoot><tr><th class=\"fm-item-header-jmeno\" style=\"width:auto;\">Jm\u00e9no<\/th><th class=\"fm-item-header-dospelych\" style=\"width:auto;\">Po\u010det dosp\u011bl\u00fdch<\/th><th class=\"fm-item-header-deti\" style=\"width:auto;\">Po\u010det d\u011bt\u00ed<\/th><th class=\"fm-item-header-prijezd\" style=\"width:auto;\">P\u0159\u00edjezd<\/th><th class=\"fm-item-header-odjezd\" style=\"width:auto;\">Odjezd<\/th><th class=\"fm-item-header-ubytovani\" style=\"width:auto;\">Ubytov\u00e1n\u00ed<\/th><th class=\"fm-item-header-vzkaz\" style=\"width:auto;\">Vzkaz<\/th><th class=\"fm-item-header-poradi\" style=\"width:auto;\">Po\u0159ad\u00ed<\/th><\/tr><\/tfoot><tr><td class=\"fm-item-cell-jmeno\">Sa\u0161a<\/td><td class=\"fm-item-cell-dospelych\">2<\/td><td class=\"fm-item-cell-deti\">0<\/td><td class=\"fm-item-cell-prijezd\">p\u00e1tek<\/td><td class=\"fm-item-cell-odjezd\">ned\u011ble<\/td><td class=\"fm-item-cell-ubytovani\">m\u00e1m probl\u00e9m ubytov\u00e1n\u00ed sehnat<\/td><td class=\"fm-item-cell-vzkaz\"><\/td><td class=\"fm-item-cell-poradi\">1<\/td><\/tr><tr><td class=\"fm-item-cell-jmeno\">Ka\u010domy\u0161<\/td><td class=\"fm-item-cell-dospelych\">2<\/td><td class=\"fm-item-cell-deti\">1<\/td><td class=\"fm-item-cell-prijezd\">p\u00e1tek<\/td><td class=\"fm-item-cell-odjezd\">ned\u011ble<\/td><td class=\"fm-item-cell-ubytovani\">za\u0159\u00edd\u00edm si s\u00e1m<\/td><td class=\"fm-item-cell-vzkaz\">Na pam\u00e1tku Lombarda ...<\/td><td class=\"fm-item-cell-poradi\">2<\/td><\/tr><tr><td class=\"fm-item-cell-jmeno\">Ko\u010dkovi<\/td><td class=\"fm-item-cell-dospelych\">2<\/td><td class=\"fm-item-cell-deti\">1<\/td><td class=\"fm-item-cell-prijezd\">p\u00e1tek<\/td><td class=\"fm-item-cell-odjezd\">ned\u011ble<\/td><td class=\"fm-item-cell-ubytovani\">za\u0159\u00edd\u00edm si s\u00e1m<\/td><td class=\"fm-item-cell-vzkaz\">=^..^=<\/td><td class=\"fm-item-cell-poradi\">3<\/td><\/tr><tr><td class=\"fm-item-cell-jmeno\">Skali\u010dt\u00ed<\/td><td class=\"fm-item-cell-dospelych\">2<\/td><td class=\"fm-item-cell-deti\">2<\/td><td class=\"fm-item-cell-prijezd\">p\u00e1tek<\/td><td class=\"fm-item-cell-odjezd\">ned\u011ble<\/td><td class=\"fm-item-cell-ubytovani\">za\u0159\u00edd\u00edm si s\u00e1m<\/td><td class=\"fm-item-cell-vzkaz\"><\/td><td class=\"fm-item-cell-poradi\">4<\/td><\/tr><tr><td class=\"fm-item-cell-jmeno\">Ji\u0159\u00ed Mou\u010dka<\/td><td class=\"fm-item-cell-dospelych\">1<\/td><td class=\"fm-item-cell-deti\">0<\/td><td class=\"fm-item-cell-prijezd\">p\u00e1tek<\/td><td class=\"fm-item-cell-odjezd\">ned\u011ble<\/td><td class=\"fm-item-cell-ubytovani\">za\u0159\u00edd\u00edm si s\u00e1m<\/td><td class=\"fm-item-cell-vzkaz\">To zas bude ve\u010d\u00edrek \ud83d\ude42<\/td><td class=\"fm-item-cell-poradi\">5<\/td><\/tr><tr><td class=\"fm-item-cell-jmeno\">Drg\u00e1\u010dci<\/td><td class=\"fm-item-cell-dospelych\">2<\/td><td class=\"fm-item-cell-deti\">2<\/td><td class=\"fm-item-cell-prijezd\">sobota<\/td><td class=\"fm-item-cell-odjezd\">ned\u011ble<\/td><td class=\"fm-item-cell-ubytovani\">za\u0159\u00edd\u00edm si s\u00e1m<\/td><td class=\"fm-item-cell-vzkaz\">Bydl\u00edme na Mexiku. T\u011b\u0161\u00edme se. <\/td><td class=\"fm-item-cell-poradi\">6<\/td><\/tr><tr><td class=\"fm-item-cell-jmeno\">Kamil \u0160legr<\/td><td class=\"fm-item-cell-dospelych\">2<\/td><td class=\"fm-item-cell-deti\">2<\/td><td class=\"fm-item-cell-prijezd\">p\u00e1tek<\/td><td class=\"fm-item-cell-odjezd\">ned\u011ble<\/td><td class=\"fm-item-cell-ubytovani\">za\u0159\u00edd\u00edm si s\u00e1m<\/td><td class=\"fm-item-cell-vzkaz\">U\u017e se nem\u016f\u017eeme do\u010dkat !!!<\/td><td class=\"fm-item-cell-poradi\">7<\/td><\/tr><tr><td class=\"fm-item-cell-jmeno\">Honza Sv\u011btla Vojta \u0160imon<\/td><td class=\"fm-item-cell-dospelych\">2<\/td><td class=\"fm-item-cell-deti\">2<\/td><td class=\"fm-item-cell-prijezd\">p\u00e1tek<\/td><td class=\"fm-item-cell-odjezd\">ned\u011ble<\/td><td class=\"fm-item-cell-ubytovani\">za\u0159\u00edd\u00edm si s\u00e1m<\/td><td class=\"fm-item-cell-vzkaz\">pac a pusu<\/td><td class=\"fm-item-cell-poradi\">8<\/td><\/tr><tr><td class=\"fm-item-cell-jmeno\">Robert \u0160T\u011aP\u00c1N<\/td><td class=\"fm-item-cell-dospelych\">2<\/td><td class=\"fm-item-cell-deti\">2<\/td><td class=\"fm-item-cell-prijezd\">p\u00e1tek<\/td><td class=\"fm-item-cell-odjezd\">ned\u011ble<\/td><td class=\"fm-item-cell-ubytovani\">za\u0159\u00edd\u00edm si s\u00e1m<\/td><td class=\"fm-item-cell-vzkaz\"><\/td><td class=\"fm-item-cell-poradi\">9<\/td><\/tr><tr><td class=\"fm-item-cell-jmeno\">Pe+Pa (Petr \u0160ed\u00fd\/Pavl\u00edna Vojtov\u00e1)<\/td><td class=\"fm-item-cell-dospelych\">2<\/td><td class=\"fm-item-cell-deti\">0<\/td><td class=\"fm-item-cell-prijezd\">p\u00e1tek<\/td><td class=\"fm-item-cell-odjezd\">ned\u011ble<\/td><td class=\"fm-item-cell-ubytovani\">m\u00e1m probl\u00e9m ubytov\u00e1n\u00ed sehnat<\/td><td class=\"fm-item-cell-vzkaz\">Ahoj Zdendo - zkou\u0161ela jsem ubytov\u00e1n\u00ed u Ku\u010der\u016f a n\u00e1sleduj\u00edc\u00ed odpov\u011b\u010f:\r\nAle pokud pat\u0159\u00edte ke skupin\u011b pana Br\u016fny, tak se asi nedomluv\u00edme. Dcera se odst\u011bhovala a o hosty se nem\u00e1 kdo starat. V\u00edm, \u017ee pan Br\u016fna obsadil apartm\u00e1n cel\u00fd, ale ka\u017ed\u00fd p\u0159ij\u00ed\u017ed\u011bl v jin\u00fd \u010das a n\u011bkte\u0159\u00ed se snad ani mezi sebou neznali. J\u00e1 vedu penzion ve Vysok\u00e9m - va\u0159\u00edm - a nem\u016f\u017eu si odsko\u010dit ubytov\u00e1vat lidi, jak si vzpomenou. To v tom p\u0159\u00edpad\u011b, \u017ee by to m\u011bla b\u00fdt stejn\u00e1 akce. Pokud by jste byli jen 2 tak to nep\u016fjde tak\u00e9, proto\u017ee d\u016fm je odstaven\u00fd - je tam asi 10\u00b0C - netop\u00edm.\r\nApartm\u00e1n pronaj\u00edm\u00e1m o jarn\u00edch pr\u00e1zdnin\u00e1ch,  jako celek - t\u00fddenn\u00ed pobyty - a min 8 osob. \r\n\ud83d\ude41<\/td><td class=\"fm-item-cell-poradi\">10<\/td><\/tr><tr><td class=\"fm-item-cell-jmeno\">OutdoorOutsiders 134<\/td><td class=\"fm-item-cell-dospelych\">2<\/td><td class=\"fm-item-cell-deti\">2<\/td><td class=\"fm-item-cell-prijezd\">p\u00e1tek<\/td><td class=\"fm-item-cell-odjezd\">ned\u011ble<\/td><td class=\"fm-item-cell-ubytovani\">za\u0159\u00edd\u00edm si s\u00e1m<\/td><td class=\"fm-item-cell-vzkaz\"><\/td><td class=\"fm-item-cell-poradi\">11<\/td><\/tr><tr><td class=\"fm-item-cell-jmeno\">Jarom\u00edr a Kate\u0159ina<\/td><td class=\"fm-item-cell-dospelych\">2<\/td><td class=\"fm-item-cell-deti\">0<\/td><td class=\"fm-item-cell-prijezd\">p\u00e1tek<\/td><td class=\"fm-item-cell-odjezd\">ned\u011ble<\/td><td class=\"fm-item-cell-ubytovani\">za\u0159\u00edd\u00edm si s\u00e1m<\/td><td class=\"fm-item-cell-vzkaz\">Cau ubytko mame uz zamluveny v Penzion Sklena\u0159ice 193 <\/td><td class=\"fm-item-cell-poradi\">12<\/td><\/tr><tr><td class=\"fm-item-cell-jmeno\">Sadkovic<\/td><td class=\"fm-item-cell-dospelych\">2<\/td><td class=\"fm-item-cell-deti\">2<\/td><td class=\"fm-item-cell-prijezd\">p\u00e1tek<\/td><td class=\"fm-item-cell-odjezd\">ned\u011ble<\/td><td class=\"fm-item-cell-ubytovani\">za\u0159\u00edd\u00edm si s\u00e1m<\/td><td class=\"fm-item-cell-vzkaz\">Faktor pa\u0159by je p\u011bt! \ud83d\ude42<\/td><td class=\"fm-item-cell-poradi\">13<\/td><\/tr><tr><td class=\"fm-item-cell-jmeno\">\u017dabkovi<\/td><td class=\"fm-item-cell-dospelych\">2<\/td><td class=\"fm-item-cell-deti\">2<\/td><td class=\"fm-item-cell-prijezd\">p\u00e1tek<\/td><td class=\"fm-item-cell-odjezd\">ned\u011ble<\/td><td class=\"fm-item-cell-ubytovani\">za\u0159\u00edd\u00edm si s\u00e1m<\/td><td class=\"fm-item-cell-vzkaz\">Pokud bude sn\u00edh, budeme asi oba dny na ly\u017e\u00edch, ale ve\u010dern\u00ed akce nevynech\u00e1me.<\/td><td class=\"fm-item-cell-poradi\">14<\/td><\/tr><tr><td class=\"fm-item-cell-jmeno\">Eva Fifkov\u00e1<\/td><td class=\"fm-item-cell-dospelych\">2<\/td><td class=\"fm-item-cell-deti\">1<\/td><td class=\"fm-item-cell-prijezd\">p\u00e1tek<\/td><td class=\"fm-item-cell-odjezd\">ned\u011ble<\/td><td class=\"fm-item-cell-ubytovani\">za\u0159\u00edd\u00edm si s\u00e1m<\/td><td class=\"fm-item-cell-vzkaz\">Bydl\u00edme na Mexiku<\/td><td class=\"fm-item-cell-poradi\">15<\/td><\/tr><tr><td class=\"fm-item-cell-jmeno\">Pastorkovi<\/td><td class=\"fm-item-cell-dospelych\">2<\/td><td class=\"fm-item-cell-deti\">2<\/td><td class=\"fm-item-cell-prijezd\">jindy<\/td><td class=\"fm-item-cell-odjezd\">jindy<\/td><td class=\"fm-item-cell-ubytovani\">za\u0159\u00edd\u00edm si s\u00e1m<\/td><td class=\"fm-item-cell-vzkaz\">Kdy a jak se z\u00fa\u010dastn\u00edme je\u0161t\u011b up\u0159esn\u00edme.<\/td><td class=\"fm-item-cell-poradi\">16<\/td><\/tr><tr><td class=\"fm-item-cell-jmeno\">Mlyn\u00e1\u0159ovic<\/td><td class=\"fm-item-cell-dospelych\">2<\/td><td class=\"fm-item-cell-deti\">2<\/td><td class=\"fm-item-cell-prijezd\">sobota<\/td><td class=\"fm-item-cell-odjezd\">sobota<\/td><td class=\"fm-item-cell-ubytovani\">za\u0159\u00edd\u00edm si s\u00e1m<\/td><td class=\"fm-item-cell-vzkaz\">jenom na skok bez noclehu:)<\/td><td class=\"fm-item-cell-poradi\">17<\/td><\/tr><tr><td class=\"fm-item-cell-jmeno\">trieklyxR<\/td><td class=\"fm-item-cell-dospelych\">2<\/td><td class=\"fm-item-cell-deti\">4<\/td><td class=\"fm-item-cell-prijezd\"><\/td><td class=\"fm-item-cell-odjezd\"><\/td><td class=\"fm-item-cell-ubytovani\"><\/td><td class=\"fm-item-cell-vzkaz\"><a href=https:\/\/cialis.motorcycles>buy cialis online with a prescription<\/a> Also essential was the outpouring of encouragement, prayer, and well wishes that she received from GMA viewers people across the country whom she has come to consider her extended family<\/td><td class=\"fm-item-cell-poradi\">18<\/td><\/tr><tr><td class=\"fm-item-cell-jmeno\">PreoloNokul<\/td><td class=\"fm-item-cell-dospelych\">2<\/td><td class=\"fm-item-cell-deti\">2<\/td><td class=\"fm-item-cell-prijezd\"><\/td><td class=\"fm-item-cell-odjezd\"><\/td><td class=\"fm-item-cell-ubytovani\"><\/td><td class=\"fm-item-cell-vzkaz\">Luciano xrkIfUCFwGfETxy 6 28 2022 <a href=http:\/\/viagr.buzz>do porn stars use viagra<\/a><\/td><td class=\"fm-item-cell-poradi\">19<\/td><\/tr><tr><td class=\"fm-item-cell-jmeno\">PreoloNokul<\/td><td class=\"fm-item-cell-dospelych\">2<\/td><td class=\"fm-item-cell-deti\">1<\/td><td class=\"fm-item-cell-prijezd\"><\/td><td class=\"fm-item-cell-odjezd\"><\/td><td class=\"fm-item-cell-ubytovani\"><\/td><td class=\"fm-item-cell-vzkaz\">In spite of a lot of morning sickness that caused her to lose 14 pounds the first three months, and 10 weeks of bed rest in the hospital during her last trimester, Karen said carrying four babies wasn t bad <a href=https:\/\/prilig.mom>priligy buy<\/a> Put into use<\/td><td class=\"fm-item-cell-poradi\">20<\/td><\/tr><tr><td class=\"fm-item-cell-jmeno\">luckiseVD<\/td><td class=\"fm-item-cell-dospelych\">2<\/td><td class=\"fm-item-cell-deti\">4<\/td><td class=\"fm-item-cell-prijezd\"><\/td><td class=\"fm-item-cell-odjezd\"><\/td><td class=\"fm-item-cell-ubytovani\"><\/td><td class=\"fm-item-cell-vzkaz\"><a href=https:\/\/cialis.lat\/discover-the-best-prices-for-cialis>can i buy cialis online<\/a> primary hyperparathyroidism with multiple endocrine neoplasia type 1<\/td><td class=\"fm-item-cell-poradi\">21<\/td><\/tr><tr><td class=\"fm-item-cell-jmeno\">AbsedetusTB<\/td><td class=\"fm-item-cell-dospelych\">2<\/td><td class=\"fm-item-cell-deti\">3<\/td><td class=\"fm-item-cell-prijezd\"><\/td><td class=\"fm-item-cell-odjezd\"><\/td><td class=\"fm-item-cell-ubytovani\"><\/td><td class=\"fm-item-cell-vzkaz\"><a href=https:\/\/fastpriligy.top\/>where to buy priligy usa<\/a> entocort tamoxifen muadili We continue to experience delays as we wait for permits toacquire new surveys, TGS Chief Executive Robert Hobbs said in astatement<\/td><td class=\"fm-item-cell-poradi\">22<\/td><\/tr><\/table>\n","protected":false},"excerpt":{"rendered":"","protected":false},"author":1,"featured_media":0,"parent":0,"menu_order":0,"comment_status":"closed","ping_status":"closed","template":"","meta":{"ngg_post_thumbnail":0,"footnotes":""},"class_list":["post-1071","page","type-page","status-publish","hentry"],"yoast_head":"<!-- This site is optimized with the Yoast SEO plugin v27.5 - https:\/\/yoast.com\/product\/yoast-seo-wordpress\/ -->\n<title>Akce Sklenky 2020 - \u00fa\u010dastn\u00edci - Sklena\u0159ice<\/title>\n<meta name=\"robots\" content=\"index, follow, max-snippet:-1, max-image-preview:large, max-video-preview:-1\" \/>\n<link rel=\"canonical\" href=\"https:\/\/www.sklenarice.com\/aktuality\/ucast2020\/\" \/>\n<meta property=\"og:locale\" content=\"cs_CZ\" \/>\n<meta property=\"og:type\" content=\"article\" \/>\n<meta property=\"og:title\" content=\"Akce Sklenky 2020 - \u00fa\u010dastn\u00edci - Sklena\u0159ice\" \/>\n<meta property=\"og:url\" content=\"https:\/\/www.sklenarice.com\/aktuality\/ucast2020\/\" \/>\n<meta property=\"og:site_name\" content=\"Sklena\u0159ice\" \/>\n<meta property=\"article:publisher\" content=\"https:\/\/www.facebook.com\/sklenky\/\" \/>\n<meta property=\"article:modified_time\" content=\"2019-11-16T17:34:54+00:00\" \/>\n<meta name=\"twitter:card\" content=\"summary_large_image\" \/>\n<script type=\"application\/ld+json\" class=\"yoast-schema-graph\">{\"@context\":\"https:\\\/\\\/schema.org\",\"@graph\":[{\"@type\":\"WebPage\",\"@id\":\"https:\\\/\\\/www.sklenarice.com\\\/aktuality\\\/ucast2020\\\/\",\"url\":\"https:\\\/\\\/www.sklenarice.com\\\/aktuality\\\/ucast2020\\\/\",\"name\":\"Akce Sklenky 2020 - \u00fa\u010dastn\u00edci - Sklena\u0159ice\",\"isPartOf\":{\"@id\":\"https:\\\/\\\/www.sklenarice.com\\\/aktuality\\\/#website\"},\"datePublished\":\"2019-11-16T17:29:01+00:00\",\"dateModified\":\"2019-11-16T17:34:54+00:00\",\"breadcrumb\":{\"@id\":\"https:\\\/\\\/www.sklenarice.com\\\/aktuality\\\/ucast2020\\\/#breadcrumb\"},\"inLanguage\":\"cs\",\"potentialAction\":[{\"@type\":\"ReadAction\",\"target\":[\"https:\\\/\\\/www.sklenarice.com\\\/aktuality\\\/ucast2020\\\/\"]}]},{\"@type\":\"BreadcrumbList\",\"@id\":\"https:\\\/\\\/www.sklenarice.com\\\/aktuality\\\/ucast2020\\\/#breadcrumb\",\"itemListElement\":[{\"@type\":\"ListItem\",\"position\":1,\"name\":\"Dom\u016f\",\"item\":\"https:\\\/\\\/www.sklenarice.com\\\/aktuality\\\/\"},{\"@type\":\"ListItem\",\"position\":2,\"name\":\"Akce Sklenky 2020 &#8211; \u00fa\u010dastn\u00edci\"}]},{\"@type\":\"WebSite\",\"@id\":\"https:\\\/\\\/www.sklenarice.com\\\/aktuality\\\/#website\",\"url\":\"https:\\\/\\\/www.sklenarice.com\\\/aktuality\\\/\",\"name\":\"Sklena\u0159ice\",\"description\":\"str\u00e1nky obce z podh\u016f\u0159\u00ed Krkono\u0161 a Jizersk\u00fdch hor\",\"potentialAction\":[{\"@type\":\"SearchAction\",\"target\":{\"@type\":\"EntryPoint\",\"urlTemplate\":\"https:\\\/\\\/www.sklenarice.com\\\/aktuality\\\/?s={search_term_string}\"},\"query-input\":{\"@type\":\"PropertyValueSpecification\",\"valueRequired\":true,\"valueName\":\"search_term_string\"}}],\"inLanguage\":\"cs\"}]}<\/script>\n<!-- \/ Yoast SEO plugin. -->","yoast_head_json":{"title":"Akce Sklenky 2020 - \u00fa\u010dastn\u00edci - Sklena\u0159ice","robots":{"index":"index","follow":"follow","max-snippet":"max-snippet:-1","max-image-preview":"max-image-preview:large","max-video-preview":"max-video-preview:-1"},"canonical":"https:\/\/www.sklenarice.com\/aktuality\/ucast2020\/","og_locale":"cs_CZ","og_type":"article","og_title":"Akce Sklenky 2020 - \u00fa\u010dastn\u00edci - Sklena\u0159ice","og_url":"https:\/\/www.sklenarice.com\/aktuality\/ucast2020\/","og_site_name":"Sklena\u0159ice","article_publisher":"https:\/\/www.facebook.com\/sklenky\/","article_modified_time":"2019-11-16T17:34:54+00:00","twitter_card":"summary_large_image","schema":{"@context":"https:\/\/schema.org","@graph":[{"@type":"WebPage","@id":"https:\/\/www.sklenarice.com\/aktuality\/ucast2020\/","url":"https:\/\/www.sklenarice.com\/aktuality\/ucast2020\/","name":"Akce Sklenky 2020 - \u00fa\u010dastn\u00edci - Sklena\u0159ice","isPartOf":{"@id":"https:\/\/www.sklenarice.com\/aktuality\/#website"},"datePublished":"2019-11-16T17:29:01+00:00","dateModified":"2019-11-16T17:34:54+00:00","breadcrumb":{"@id":"https:\/\/www.sklenarice.com\/aktuality\/ucast2020\/#breadcrumb"},"inLanguage":"cs","potentialAction":[{"@type":"ReadAction","target":["https:\/\/www.sklenarice.com\/aktuality\/ucast2020\/"]}]},{"@type":"BreadcrumbList","@id":"https:\/\/www.sklenarice.com\/aktuality\/ucast2020\/#breadcrumb","itemListElement":[{"@type":"ListItem","position":1,"name":"Dom\u016f","item":"https:\/\/www.sklenarice.com\/aktuality\/"},{"@type":"ListItem","position":2,"name":"Akce Sklenky 2020 &#8211; \u00fa\u010dastn\u00edci"}]},{"@type":"WebSite","@id":"https:\/\/www.sklenarice.com\/aktuality\/#website","url":"https:\/\/www.sklenarice.com\/aktuality\/","name":"Sklena\u0159ice","description":"str\u00e1nky obce z podh\u016f\u0159\u00ed Krkono\u0161 a Jizersk\u00fdch hor","potentialAction":[{"@type":"SearchAction","target":{"@type":"EntryPoint","urlTemplate":"https:\/\/www.sklenarice.com\/aktuality\/?s={search_term_string}"},"query-input":{"@type":"PropertyValueSpecification","valueRequired":true,"valueName":"search_term_string"}}],"inLanguage":"cs"}]}},"_links":{"self":[{"href":"https:\/\/www.sklenarice.com\/aktuality\/wp-json\/wp\/v2\/pages\/1071","targetHints":{"allow":["GET"]}}],"collection":[{"href":"https:\/\/www.sklenarice.com\/aktuality\/wp-json\/wp\/v2\/pages"}],"about":[{"href":"https:\/\/www.sklenarice.com\/aktuality\/wp-json\/wp\/v2\/types\/page"}],"author":[{"embeddable":true,"href":"https:\/\/www.sklenarice.com\/aktuality\/wp-json\/wp\/v2\/users\/1"}],"replies":[{"embeddable":true,"href":"https:\/\/www.sklenarice.com\/aktuality\/wp-json\/wp\/v2\/comments?post=1071"}],"version-history":[{"count":1,"href":"https:\/\/www.sklenarice.com\/aktuality\/wp-json\/wp\/v2\/pages\/1071\/revisions"}],"predecessor-version":[{"id":1072,"href":"https:\/\/www.sklenarice.com\/aktuality\/wp-json\/wp\/v2\/pages\/1071\/revisions\/1072"}],"wp:attachment":[{"href":"https:\/\/www.sklenarice.com\/aktuality\/wp-json\/wp\/v2\/media?parent=1071"}],"curies":[{"name":"wp","href":"https:\/\/api.w.org\/{rel}","templated":true}]}}