{"id":1129,"date":"2020-10-10T16:40:05","date_gmt":"2020-10-10T14:40:05","guid":{"rendered":"https:\/\/www.sklenarice.com\/?page_id=1129"},"modified":"2020-10-10T16:40:05","modified_gmt":"2020-10-10T14:40:05","slug":"areal-pevnych-kontrol","status":"publish","type":"page","link":"https:\/\/www.sklenarice.com\/aktuality\/areal-pevnych-kontrol\/","title":{"rendered":"Are\u00e1l pevn\u00fdch kontrol"},"content":{"rendered":"<p align=\"justify\">V nedalek\u00fdch P\u0159\u00edchovic\u00edch vyrostl v roce 2020 tzv. <a href=\"https:\/\/www.podlemapy.cz\/podturnovskou\/\" rel=\"noopener noreferrer\" target=\"_blank\">Are\u00e1l pevn\u00fdch kontrol Pod Turnovskou<\/a>. Zn\u00ed to mo\u017en\u00e1 megalomansky, ale jde o rozm\u00edst\u011bn\u00fdch 16 sloupk\u016f v ter\u00e9nu. V\u0161echny sloupky jsou zakresleny v podrobn\u00e9 speci\u00e1ln\u00ed map\u011b pro orienta\u010dn\u00ed b\u011bh (1:10 000) a maj\u00ed na sob\u011b p\u0159id\u011bl\u00e1ny kle\u0161ti\u010dky na procvak\u00e1v\u00e1n\u00ed karti\u010dky, jako d\u016fkazu o n\u00e1v\u0161t\u011bv\u011b sloupku. Kdo si chce obej\u00edt cca 6 km okruh a hledat u toho podle mapy um\u00edst\u011bn\u00ed sloupk\u016f nebo si u toho t\u0159eba i m\u011b\u0159it \u010das, nech\u0165 se vyd\u00e1 na <a href=\"https:\/\/turnovska-chata.cz\/\" rel=\"noopener noreferrer\" target=\"_blank\">Turnovskou chatu<\/a> nafasovat za p\u00e1r korun mapy a karti\u010dky. Ur\u010dit\u011b si to u\u017eij\u00ed rodiny s d\u011btmi, ale i sportovci!<\/p>\n<p><a href=\"https:\/\/www.sklenarice.com\/wp-content\/uploads\/2020\/10\/g200830005-Stavba-APK-Pod-Turnovskou-kontrola-12-zakopana.jpg\" data-rel=\"lightbox-image-0\" data-rl_title=\"\" data-rl_caption=\"\" title=\"\"><img loading=\"lazy\" decoding=\"async\" src=\"https:\/\/www.sklenarice.com\/wp-content\/uploads\/2020\/10\/g200830005-Stavba-APK-Pod-Turnovskou-kontrola-12-zakopana.jpg\" alt=\"\" width=\"1651\" height=\"928\" class=\"alignright size-full wp-image-1126\" srcset=\"https:\/\/www.sklenarice.com\/wp-content\/uploads\/2020\/10\/g200830005-Stavba-APK-Pod-Turnovskou-kontrola-12-zakopana.jpg 1651w, https:\/\/www.sklenarice.com\/wp-content\/uploads\/2020\/10\/g200830005-Stavba-APK-Pod-Turnovskou-kontrola-12-zakopana-300x169.jpg 300w, https:\/\/www.sklenarice.com\/wp-content\/uploads\/2020\/10\/g200830005-Stavba-APK-Pod-Turnovskou-kontrola-12-zakopana-1024x576.jpg 1024w, https:\/\/www.sklenarice.com\/wp-content\/uploads\/2020\/10\/g200830005-Stavba-APK-Pod-Turnovskou-kontrola-12-zakopana-768x432.jpg 768w, https:\/\/www.sklenarice.com\/wp-content\/uploads\/2020\/10\/g200830005-Stavba-APK-Pod-Turnovskou-kontrola-12-zakopana-1536x863.jpg 1536w\" sizes=\"auto, (max-width: 1651px) 100vw, 1651px\" \/><\/a><\/p>\n","protected":false},"excerpt":{"rendered":"<p>V nedalek\u00fdch P\u0159\u00edchovic\u00edch vyrostl v roce 2020 tzv. Are\u00e1l pevn\u00fdch kontrol Pod Turnovskou. Zn\u00ed to mo\u017en\u00e1 megalomansky, ale jde o rozm\u00edst\u011bn\u00fdch 16 sloupk\u016f v ter\u00e9nu. V\u0161echny sloupky jsou zakresleny v podrobn\u00e9 speci\u00e1ln\u00ed map\u011b pro orienta\u010dn\u00ed b\u011bh (1:10 000) a maj\u00ed na sob\u011b p\u0159id\u011bl\u00e1ny kle\u0161ti\u010dky na procvak\u00e1v\u00e1n\u00ed karti\u010dky, jako d\u016fkazu o n\u00e1v\u0161t\u011bv\u011b sloupku. Kdo si chce [&hellip;]<\/p>\n","protected":false},"author":1,"featured_media":0,"parent":0,"menu_order":0,"comment_status":"closed","ping_status":"closed","template":"","meta":{"ngg_post_thumbnail":0,"footnotes":""},"class_list":["post-1129","page","type-page","status-publish","hentry"],"yoast_head":"<!-- This site is optimized with the Yoast SEO plugin v27.4 - https:\/\/yoast.com\/product\/yoast-seo-wordpress\/ -->\n<title>Are\u00e1l pevn\u00fdch kontrol - Sklena\u0159ice<\/title>\n<meta name=\"robots\" content=\"index, follow, max-snippet:-1, max-image-preview:large, max-video-preview:-1\" \/>\n<link rel=\"canonical\" href=\"https:\/\/www.sklenarice.com\/aktuality\/areal-pevnych-kontrol\/\" \/>\n<meta property=\"og:locale\" content=\"cs_CZ\" \/>\n<meta property=\"og:type\" content=\"article\" \/>\n<meta property=\"og:title\" content=\"Are\u00e1l pevn\u00fdch kontrol - Sklena\u0159ice\" \/>\n<meta property=\"og:description\" content=\"V nedalek\u00fdch P\u0159\u00edchovic\u00edch vyrostl v roce 2020 tzv. Are\u00e1l pevn\u00fdch kontrol Pod Turnovskou. Zn\u00ed to mo\u017en\u00e1 megalomansky, ale jde o rozm\u00edst\u011bn\u00fdch 16 sloupk\u016f v ter\u00e9nu. V\u0161echny sloupky jsou zakresleny v podrobn\u00e9 speci\u00e1ln\u00ed map\u011b pro orienta\u010dn\u00ed b\u011bh (1:10 000) a maj\u00ed na sob\u011b p\u0159id\u011bl\u00e1ny kle\u0161ti\u010dky na procvak\u00e1v\u00e1n\u00ed karti\u010dky, jako d\u016fkazu o n\u00e1v\u0161t\u011bv\u011b sloupku. Kdo si chce [&hellip;]\" \/>\n<meta property=\"og:url\" content=\"https:\/\/www.sklenarice.com\/aktuality\/areal-pevnych-kontrol\/\" \/>\n<meta property=\"og:site_name\" content=\"Sklena\u0159ice\" \/>\n<meta property=\"article:publisher\" content=\"https:\/\/www.facebook.com\/sklenky\/\" \/>\n<meta property=\"og:image\" content=\"https:\/\/www.sklenarice.com\/wp-content\/uploads\/2020\/10\/g200830005-Stavba-APK-Pod-Turnovskou-kontrola-12-zakopana.jpg\" \/>\n<meta name=\"twitter:card\" content=\"summary_large_image\" \/>\n<meta name=\"twitter:label1\" content=\"Odhadovan\u00e1 doba \u010dten\u00ed\" \/>\n\t<meta name=\"twitter:data1\" content=\"1 minuta\" \/>\n<script type=\"application\/ld+json\" class=\"yoast-schema-graph\">{\"@context\":\"https:\\\/\\\/schema.org\",\"@graph\":[{\"@type\":\"WebPage\",\"@id\":\"https:\\\/\\\/www.sklenarice.com\\\/aktuality\\\/areal-pevnych-kontrol\\\/\",\"url\":\"https:\\\/\\\/www.sklenarice.com\\\/aktuality\\\/areal-pevnych-kontrol\\\/\",\"name\":\"Are\u00e1l pevn\u00fdch kontrol - Sklena\u0159ice\",\"isPartOf\":{\"@id\":\"https:\\\/\\\/www.sklenarice.com\\\/aktuality\\\/#website\"},\"primaryImageOfPage\":{\"@id\":\"https:\\\/\\\/www.sklenarice.com\\\/aktuality\\\/areal-pevnych-kontrol\\\/#primaryimage\"},\"image\":{\"@id\":\"https:\\\/\\\/www.sklenarice.com\\\/aktuality\\\/areal-pevnych-kontrol\\\/#primaryimage\"},\"thumbnailUrl\":\"https:\\\/\\\/www.sklenarice.com\\\/wp-content\\\/uploads\\\/2020\\\/10\\\/g200830005-Stavba-APK-Pod-Turnovskou-kontrola-12-zakopana.jpg\",\"datePublished\":\"2020-10-10T14:40:05+00:00\",\"breadcrumb\":{\"@id\":\"https:\\\/\\\/www.sklenarice.com\\\/aktuality\\\/areal-pevnych-kontrol\\\/#breadcrumb\"},\"inLanguage\":\"cs\",\"potentialAction\":[{\"@type\":\"ReadAction\",\"target\":[\"https:\\\/\\\/www.sklenarice.com\\\/aktuality\\\/areal-pevnych-kontrol\\\/\"]}]},{\"@type\":\"ImageObject\",\"inLanguage\":\"cs\",\"@id\":\"https:\\\/\\\/www.sklenarice.com\\\/aktuality\\\/areal-pevnych-kontrol\\\/#primaryimage\",\"url\":\"https:\\\/\\\/www.sklenarice.com\\\/wp-content\\\/uploads\\\/2020\\\/10\\\/g200830005-Stavba-APK-Pod-Turnovskou-kontrola-12-zakopana.jpg\",\"contentUrl\":\"https:\\\/\\\/www.sklenarice.com\\\/wp-content\\\/uploads\\\/2020\\\/10\\\/g200830005-Stavba-APK-Pod-Turnovskou-kontrola-12-zakopana.jpg\"},{\"@type\":\"BreadcrumbList\",\"@id\":\"https:\\\/\\\/www.sklenarice.com\\\/aktuality\\\/areal-pevnych-kontrol\\\/#breadcrumb\",\"itemListElement\":[{\"@type\":\"ListItem\",\"position\":1,\"name\":\"Dom\u016f\",\"item\":\"https:\\\/\\\/www.sklenarice.com\\\/aktuality\\\/\"},{\"@type\":\"ListItem\",\"position\":2,\"name\":\"Are\u00e1l pevn\u00fdch kontrol\"}]},{\"@type\":\"WebSite\",\"@id\":\"https:\\\/\\\/www.sklenarice.com\\\/aktuality\\\/#website\",\"url\":\"https:\\\/\\\/www.sklenarice.com\\\/aktuality\\\/\",\"name\":\"Sklena\u0159ice\",\"description\":\"str\u00e1nky obce z podh\u016f\u0159\u00ed Krkono\u0161 a Jizersk\u00fdch hor\",\"potentialAction\":[{\"@type\":\"SearchAction\",\"target\":{\"@type\":\"EntryPoint\",\"urlTemplate\":\"https:\\\/\\\/www.sklenarice.com\\\/aktuality\\\/?s={search_term_string}\"},\"query-input\":{\"@type\":\"PropertyValueSpecification\",\"valueRequired\":true,\"valueName\":\"search_term_string\"}}],\"inLanguage\":\"cs\"}]}<\/script>\n<!-- \/ Yoast SEO plugin. -->","yoast_head_json":{"title":"Are\u00e1l pevn\u00fdch kontrol - Sklena\u0159ice","robots":{"index":"index","follow":"follow","max-snippet":"max-snippet:-1","max-image-preview":"max-image-preview:large","max-video-preview":"max-video-preview:-1"},"canonical":"https:\/\/www.sklenarice.com\/aktuality\/areal-pevnych-kontrol\/","og_locale":"cs_CZ","og_type":"article","og_title":"Are\u00e1l pevn\u00fdch kontrol - Sklena\u0159ice","og_description":"V nedalek\u00fdch P\u0159\u00edchovic\u00edch vyrostl v roce 2020 tzv. Are\u00e1l pevn\u00fdch kontrol Pod Turnovskou. Zn\u00ed to mo\u017en\u00e1 megalomansky, ale jde o rozm\u00edst\u011bn\u00fdch 16 sloupk\u016f v ter\u00e9nu. V\u0161echny sloupky jsou zakresleny v podrobn\u00e9 speci\u00e1ln\u00ed map\u011b pro orienta\u010dn\u00ed b\u011bh (1:10 000) a maj\u00ed na sob\u011b p\u0159id\u011bl\u00e1ny kle\u0161ti\u010dky na procvak\u00e1v\u00e1n\u00ed karti\u010dky, jako d\u016fkazu o n\u00e1v\u0161t\u011bv\u011b sloupku. Kdo si chce [&hellip;]","og_url":"https:\/\/www.sklenarice.com\/aktuality\/areal-pevnych-kontrol\/","og_site_name":"Sklena\u0159ice","article_publisher":"https:\/\/www.facebook.com\/sklenky\/","og_image":[{"url":"https:\/\/www.sklenarice.com\/wp-content\/uploads\/2020\/10\/g200830005-Stavba-APK-Pod-Turnovskou-kontrola-12-zakopana.jpg","type":"","width":"","height":""}],"twitter_card":"summary_large_image","twitter_misc":{"Odhadovan\u00e1 doba \u010dten\u00ed":"1 minuta"},"schema":{"@context":"https:\/\/schema.org","@graph":[{"@type":"WebPage","@id":"https:\/\/www.sklenarice.com\/aktuality\/areal-pevnych-kontrol\/","url":"https:\/\/www.sklenarice.com\/aktuality\/areal-pevnych-kontrol\/","name":"Are\u00e1l pevn\u00fdch kontrol - Sklena\u0159ice","isPartOf":{"@id":"https:\/\/www.sklenarice.com\/aktuality\/#website"},"primaryImageOfPage":{"@id":"https:\/\/www.sklenarice.com\/aktuality\/areal-pevnych-kontrol\/#primaryimage"},"image":{"@id":"https:\/\/www.sklenarice.com\/aktuality\/areal-pevnych-kontrol\/#primaryimage"},"thumbnailUrl":"https:\/\/www.sklenarice.com\/wp-content\/uploads\/2020\/10\/g200830005-Stavba-APK-Pod-Turnovskou-kontrola-12-zakopana.jpg","datePublished":"2020-10-10T14:40:05+00:00","breadcrumb":{"@id":"https:\/\/www.sklenarice.com\/aktuality\/areal-pevnych-kontrol\/#breadcrumb"},"inLanguage":"cs","potentialAction":[{"@type":"ReadAction","target":["https:\/\/www.sklenarice.com\/aktuality\/areal-pevnych-kontrol\/"]}]},{"@type":"ImageObject","inLanguage":"cs","@id":"https:\/\/www.sklenarice.com\/aktuality\/areal-pevnych-kontrol\/#primaryimage","url":"https:\/\/www.sklenarice.com\/wp-content\/uploads\/2020\/10\/g200830005-Stavba-APK-Pod-Turnovskou-kontrola-12-zakopana.jpg","contentUrl":"https:\/\/www.sklenarice.com\/wp-content\/uploads\/2020\/10\/g200830005-Stavba-APK-Pod-Turnovskou-kontrola-12-zakopana.jpg"},{"@type":"BreadcrumbList","@id":"https:\/\/www.sklenarice.com\/aktuality\/areal-pevnych-kontrol\/#breadcrumb","itemListElement":[{"@type":"ListItem","position":1,"name":"Dom\u016f","item":"https:\/\/www.sklenarice.com\/aktuality\/"},{"@type":"ListItem","position":2,"name":"Are\u00e1l pevn\u00fdch kontrol"}]},{"@type":"WebSite","@id":"https:\/\/www.sklenarice.com\/aktuality\/#website","url":"https:\/\/www.sklenarice.com\/aktuality\/","name":"Sklena\u0159ice","description":"str\u00e1nky obce z podh\u016f\u0159\u00ed Krkono\u0161 a Jizersk\u00fdch hor","potentialAction":[{"@type":"SearchAction","target":{"@type":"EntryPoint","urlTemplate":"https:\/\/www.sklenarice.com\/aktuality\/?s={search_term_string}"},"query-input":{"@type":"PropertyValueSpecification","valueRequired":true,"valueName":"search_term_string"}}],"inLanguage":"cs"}]}},"_links":{"self":[{"href":"https:\/\/www.sklenarice.com\/aktuality\/wp-json\/wp\/v2\/pages\/1129","targetHints":{"allow":["GET"]}}],"collection":[{"href":"https:\/\/www.sklenarice.com\/aktuality\/wp-json\/wp\/v2\/pages"}],"about":[{"href":"https:\/\/www.sklenarice.com\/aktuality\/wp-json\/wp\/v2\/types\/page"}],"author":[{"embeddable":true,"href":"https:\/\/www.sklenarice.com\/aktuality\/wp-json\/wp\/v2\/users\/1"}],"replies":[{"embeddable":true,"href":"https:\/\/www.sklenarice.com\/aktuality\/wp-json\/wp\/v2\/comments?post=1129"}],"version-history":[{"count":1,"href":"https:\/\/www.sklenarice.com\/aktuality\/wp-json\/wp\/v2\/pages\/1129\/revisions"}],"predecessor-version":[{"id":1130,"href":"https:\/\/www.sklenarice.com\/aktuality\/wp-json\/wp\/v2\/pages\/1129\/revisions\/1130"}],"wp:attachment":[{"href":"https:\/\/www.sklenarice.com\/aktuality\/wp-json\/wp\/v2\/media?parent=1129"}],"curies":[{"name":"wp","href":"https:\/\/api.w.org\/{rel}","templated":true}]}}