{"id":15,"date":"2014-08-16T15:38:14","date_gmt":"2014-08-16T13:38:14","guid":{"rendered":"http:\/\/www.sklenarice.com\/?page_id=15"},"modified":"2014-08-16T16:09:55","modified_gmt":"2014-08-16T14:09:55","slug":"historie","status":"publish","type":"page","link":"https:\/\/www.sklenarice.com\/aktuality\/historie\/","title":{"rendered":"Historie"},"content":{"rendered":"<p style=\"text-align: justify;\">Historie na\u0161\u00ed obce sah\u00e1 daleko do st\u0159edov\u011bku, do doby, kdy si neproniknuteln\u00fdmi lesy razily cestu lid\u00e9, co byli zvykl\u00ed nem\u00edt jednoduch\u00fd \u017eivot &#8230; a ono to tak z\u016fstalo do dne\u0161ka. Ale o historii Sklena\u0159ic se tu do\u010dtete tro\u0161ku v\u00edce.<\/p>\n","protected":false},"excerpt":{"rendered":"<p>Historie na\u0161\u00ed obce sah\u00e1 daleko do st\u0159edov\u011bku, do doby, kdy si neproniknuteln\u00fdmi lesy razily cestu lid\u00e9, co byli zvykl\u00ed nem\u00edt jednoduch\u00fd \u017eivot &#8230; a ono to tak z\u016fstalo do dne\u0161ka. Ale o historii Sklena\u0159ic se tu do\u010dtete tro\u0161ku v\u00edce.<\/p>\n","protected":false},"author":1,"featured_media":0,"parent":0,"menu_order":0,"comment_status":"closed","ping_status":"closed","template":"onecolumn-page.php","meta":{"ngg_post_thumbnail":0,"footnotes":""},"class_list":["post-15","page","type-page","status-publish","hentry"],"yoast_head":"<!-- This site is optimized with the Yoast SEO plugin v27.5 - https:\/\/yoast.com\/product\/yoast-seo-wordpress\/ -->\n<title>Historie - Sklena\u0159ice<\/title>\n<meta name=\"robots\" content=\"index, follow, max-snippet:-1, max-image-preview:large, max-video-preview:-1\" \/>\n<link rel=\"canonical\" href=\"https:\/\/www.sklenarice.com\/aktuality\/historie\/\" \/>\n<meta property=\"og:locale\" content=\"cs_CZ\" \/>\n<meta property=\"og:type\" content=\"article\" \/>\n<meta property=\"og:title\" content=\"Historie - Sklena\u0159ice\" \/>\n<meta property=\"og:description\" content=\"Historie na\u0161\u00ed obce sah\u00e1 daleko do st\u0159edov\u011bku, do doby, kdy si neproniknuteln\u00fdmi lesy razily cestu lid\u00e9, co byli zvykl\u00ed nem\u00edt jednoduch\u00fd \u017eivot &#8230; a ono to tak z\u016fstalo do dne\u0161ka. Ale o historii Sklena\u0159ic se tu do\u010dtete tro\u0161ku v\u00edce.\" \/>\n<meta property=\"og:url\" content=\"https:\/\/www.sklenarice.com\/aktuality\/historie\/\" \/>\n<meta property=\"og:site_name\" content=\"Sklena\u0159ice\" \/>\n<meta property=\"article:publisher\" content=\"https:\/\/www.facebook.com\/sklenky\/\" \/>\n<meta property=\"article:modified_time\" content=\"2014-08-16T14:09:55+00:00\" \/>\n<meta name=\"twitter:card\" content=\"summary_large_image\" \/>\n<script type=\"application\/ld+json\" class=\"yoast-schema-graph\">{\"@context\":\"https:\\\/\\\/schema.org\",\"@graph\":[{\"@type\":\"WebPage\",\"@id\":\"https:\\\/\\\/www.sklenarice.com\\\/aktuality\\\/historie\\\/\",\"url\":\"https:\\\/\\\/www.sklenarice.com\\\/aktuality\\\/historie\\\/\",\"name\":\"Historie - Sklena\u0159ice\",\"isPartOf\":{\"@id\":\"https:\\\/\\\/www.sklenarice.com\\\/aktuality\\\/#website\"},\"datePublished\":\"2014-08-16T13:38:14+00:00\",\"dateModified\":\"2014-08-16T14:09:55+00:00\",\"breadcrumb\":{\"@id\":\"https:\\\/\\\/www.sklenarice.com\\\/aktuality\\\/historie\\\/#breadcrumb\"},\"inLanguage\":\"cs\",\"potentialAction\":[{\"@type\":\"ReadAction\",\"target\":[\"https:\\\/\\\/www.sklenarice.com\\\/aktuality\\\/historie\\\/\"]}]},{\"@type\":\"BreadcrumbList\",\"@id\":\"https:\\\/\\\/www.sklenarice.com\\\/aktuality\\\/historie\\\/#breadcrumb\",\"itemListElement\":[{\"@type\":\"ListItem\",\"position\":1,\"name\":\"Dom\u016f\",\"item\":\"https:\\\/\\\/www.sklenarice.com\\\/aktuality\\\/\"},{\"@type\":\"ListItem\",\"position\":2,\"name\":\"Historie\"}]},{\"@type\":\"WebSite\",\"@id\":\"https:\\\/\\\/www.sklenarice.com\\\/aktuality\\\/#website\",\"url\":\"https:\\\/\\\/www.sklenarice.com\\\/aktuality\\\/\",\"name\":\"Sklena\u0159ice\",\"description\":\"str\u00e1nky obce z podh\u016f\u0159\u00ed Krkono\u0161 a Jizersk\u00fdch hor\",\"potentialAction\":[{\"@type\":\"SearchAction\",\"target\":{\"@type\":\"EntryPoint\",\"urlTemplate\":\"https:\\\/\\\/www.sklenarice.com\\\/aktuality\\\/?s={search_term_string}\"},\"query-input\":{\"@type\":\"PropertyValueSpecification\",\"valueRequired\":true,\"valueName\":\"search_term_string\"}}],\"inLanguage\":\"cs\"}]}<\/script>\n<!-- \/ Yoast SEO plugin. -->","yoast_head_json":{"title":"Historie - Sklena\u0159ice","robots":{"index":"index","follow":"follow","max-snippet":"max-snippet:-1","max-image-preview":"max-image-preview:large","max-video-preview":"max-video-preview:-1"},"canonical":"https:\/\/www.sklenarice.com\/aktuality\/historie\/","og_locale":"cs_CZ","og_type":"article","og_title":"Historie - Sklena\u0159ice","og_description":"Historie na\u0161\u00ed obce sah\u00e1 daleko do st\u0159edov\u011bku, do doby, kdy si neproniknuteln\u00fdmi lesy razily cestu lid\u00e9, co byli zvykl\u00ed nem\u00edt jednoduch\u00fd \u017eivot &#8230; a ono to tak z\u016fstalo do dne\u0161ka. Ale o historii Sklena\u0159ic se tu do\u010dtete tro\u0161ku v\u00edce.","og_url":"https:\/\/www.sklenarice.com\/aktuality\/historie\/","og_site_name":"Sklena\u0159ice","article_publisher":"https:\/\/www.facebook.com\/sklenky\/","article_modified_time":"2014-08-16T14:09:55+00:00","twitter_card":"summary_large_image","schema":{"@context":"https:\/\/schema.org","@graph":[{"@type":"WebPage","@id":"https:\/\/www.sklenarice.com\/aktuality\/historie\/","url":"https:\/\/www.sklenarice.com\/aktuality\/historie\/","name":"Historie - Sklena\u0159ice","isPartOf":{"@id":"https:\/\/www.sklenarice.com\/aktuality\/#website"},"datePublished":"2014-08-16T13:38:14+00:00","dateModified":"2014-08-16T14:09:55+00:00","breadcrumb":{"@id":"https:\/\/www.sklenarice.com\/aktuality\/historie\/#breadcrumb"},"inLanguage":"cs","potentialAction":[{"@type":"ReadAction","target":["https:\/\/www.sklenarice.com\/aktuality\/historie\/"]}]},{"@type":"BreadcrumbList","@id":"https:\/\/www.sklenarice.com\/aktuality\/historie\/#breadcrumb","itemListElement":[{"@type":"ListItem","position":1,"name":"Dom\u016f","item":"https:\/\/www.sklenarice.com\/aktuality\/"},{"@type":"ListItem","position":2,"name":"Historie"}]},{"@type":"WebSite","@id":"https:\/\/www.sklenarice.com\/aktuality\/#website","url":"https:\/\/www.sklenarice.com\/aktuality\/","name":"Sklena\u0159ice","description":"str\u00e1nky obce z podh\u016f\u0159\u00ed Krkono\u0161 a Jizersk\u00fdch hor","potentialAction":[{"@type":"SearchAction","target":{"@type":"EntryPoint","urlTemplate":"https:\/\/www.sklenarice.com\/aktuality\/?s={search_term_string}"},"query-input":{"@type":"PropertyValueSpecification","valueRequired":true,"valueName":"search_term_string"}}],"inLanguage":"cs"}]}},"_links":{"self":[{"href":"https:\/\/www.sklenarice.com\/aktuality\/wp-json\/wp\/v2\/pages\/15","targetHints":{"allow":["GET"]}}],"collection":[{"href":"https:\/\/www.sklenarice.com\/aktuality\/wp-json\/wp\/v2\/pages"}],"about":[{"href":"https:\/\/www.sklenarice.com\/aktuality\/wp-json\/wp\/v2\/types\/page"}],"author":[{"embeddable":true,"href":"https:\/\/www.sklenarice.com\/aktuality\/wp-json\/wp\/v2\/users\/1"}],"replies":[{"embeddable":true,"href":"https:\/\/www.sklenarice.com\/aktuality\/wp-json\/wp\/v2\/comments?post=15"}],"version-history":[{"count":3,"href":"https:\/\/www.sklenarice.com\/aktuality\/wp-json\/wp\/v2\/pages\/15\/revisions"}],"predecessor-version":[{"id":53,"href":"https:\/\/www.sklenarice.com\/aktuality\/wp-json\/wp\/v2\/pages\/15\/revisions\/53"}],"wp:attachment":[{"href":"https:\/\/www.sklenarice.com\/aktuality\/wp-json\/wp\/v2\/media?parent=15"}],"curies":[{"name":"wp","href":"https:\/\/api.w.org\/{rel}","templated":true}]}}