{"id":29,"date":"2014-08-16T15:50:08","date_gmt":"2014-08-16T13:50:08","guid":{"rendered":"http:\/\/www.sklenarice.com\/?page_id=29"},"modified":"2014-08-16T15:50:46","modified_gmt":"2014-08-16T13:50:46","slug":"povesti","status":"publish","type":"page","link":"https:\/\/www.sklenarice.com\/aktuality\/historie\/povesti\/","title":{"rendered":"Pov\u011bsti"},"content":{"rendered":"<div>\n<p style=\"text-align: justify;\">&#8230; aneb pov\u00edd\u00e1n\u00ed o tom, jak to tehdy bylo a nebo t\u0159eba taky nebylo &#8230;<\/p>\n<\/div>\n<p style=\"text-align: justify;\">Nic z toho, co je zde uvedeno, jsem si nevymyslel. \u010cerpal jsem z opisu sklena\u0159ick\u00e9 kroniky a jestli to do n\u00ed n\u011bkdo vymyslel&#8230; Co j\u00e1 v\u00edm, j\u00e1 jen, \u017ee bych V\u00e1s nerad o\u0161idil o ta kr\u00e1sn\u00e1 vypr\u00e1v\u011bn\u00ed, p\u0159i kter\u00fd n\u011bkdy i tro\u0161ku mraz\u00ed &#8230;Ale jinak &#8230; v\u011bt\u0161ina z t\u011bch pov\u011bst\u00ed mn\u011b p\u0159ijde tro\u0161ku slaboduchejch, ale budi\u017e &#8230;<\/p>\n","protected":false},"excerpt":{"rendered":"<p>&#8230; aneb pov\u00edd\u00e1n\u00ed o tom, jak to tehdy bylo a nebo t\u0159eba taky nebylo &#8230; Nic z toho, co je zde uvedeno, jsem si nevymyslel. \u010cerpal jsem z opisu sklena\u0159ick\u00e9 kroniky a jestli to do n\u00ed n\u011bkdo vymyslel&#8230; Co j\u00e1 v\u00edm, j\u00e1 jen, \u017ee bych V\u00e1s nerad o\u0161idil o ta kr\u00e1sn\u00e1 vypr\u00e1v\u011bn\u00ed, p\u0159i kter\u00fd n\u011bkdy [&hellip;]<\/p>\n","protected":false},"author":1,"featured_media":0,"parent":15,"menu_order":0,"comment_status":"closed","ping_status":"closed","template":"onecolumn-page.php","meta":{"ngg_post_thumbnail":0,"footnotes":""},"class_list":["post-29","page","type-page","status-publish","hentry"],"yoast_head":"<!-- This site is optimized with the Yoast SEO plugin v27.5 - https:\/\/yoast.com\/product\/yoast-seo-wordpress\/ -->\n<title>Pov\u011bsti - Sklena\u0159ice<\/title>\n<meta name=\"robots\" content=\"index, follow, max-snippet:-1, max-image-preview:large, max-video-preview:-1\" \/>\n<link rel=\"canonical\" href=\"https:\/\/www.sklenarice.com\/aktuality\/historie\/povesti\/\" \/>\n<meta property=\"og:locale\" content=\"cs_CZ\" \/>\n<meta property=\"og:type\" content=\"article\" \/>\n<meta property=\"og:title\" content=\"Pov\u011bsti - Sklena\u0159ice\" \/>\n<meta property=\"og:description\" content=\"&#8230; aneb pov\u00edd\u00e1n\u00ed o tom, jak to tehdy bylo a nebo t\u0159eba taky nebylo &#8230; Nic z toho, co je zde uvedeno, jsem si nevymyslel. \u010cerpal jsem z opisu sklena\u0159ick\u00e9 kroniky a jestli to do n\u00ed n\u011bkdo vymyslel&#8230; Co j\u00e1 v\u00edm, j\u00e1 jen, \u017ee bych V\u00e1s nerad o\u0161idil o ta kr\u00e1sn\u00e1 vypr\u00e1v\u011bn\u00ed, p\u0159i kter\u00fd n\u011bkdy [&hellip;]\" \/>\n<meta property=\"og:url\" content=\"https:\/\/www.sklenarice.com\/aktuality\/historie\/povesti\/\" \/>\n<meta property=\"og:site_name\" content=\"Sklena\u0159ice\" \/>\n<meta property=\"article:publisher\" content=\"https:\/\/www.facebook.com\/sklenky\/\" \/>\n<meta property=\"article:modified_time\" content=\"2014-08-16T13:50:46+00:00\" \/>\n<meta name=\"twitter:card\" content=\"summary_large_image\" \/>\n<script type=\"application\/ld+json\" class=\"yoast-schema-graph\">{\"@context\":\"https:\\\/\\\/schema.org\",\"@graph\":[{\"@type\":\"WebPage\",\"@id\":\"https:\\\/\\\/www.sklenarice.com\\\/aktuality\\\/historie\\\/povesti\\\/\",\"url\":\"https:\\\/\\\/www.sklenarice.com\\\/aktuality\\\/historie\\\/povesti\\\/\",\"name\":\"Pov\u011bsti - Sklena\u0159ice\",\"isPartOf\":{\"@id\":\"https:\\\/\\\/www.sklenarice.com\\\/aktuality\\\/#website\"},\"datePublished\":\"2014-08-16T13:50:08+00:00\",\"dateModified\":\"2014-08-16T13:50:46+00:00\",\"breadcrumb\":{\"@id\":\"https:\\\/\\\/www.sklenarice.com\\\/aktuality\\\/historie\\\/povesti\\\/#breadcrumb\"},\"inLanguage\":\"cs\",\"potentialAction\":[{\"@type\":\"ReadAction\",\"target\":[\"https:\\\/\\\/www.sklenarice.com\\\/aktuality\\\/historie\\\/povesti\\\/\"]}]},{\"@type\":\"BreadcrumbList\",\"@id\":\"https:\\\/\\\/www.sklenarice.com\\\/aktuality\\\/historie\\\/povesti\\\/#breadcrumb\",\"itemListElement\":[{\"@type\":\"ListItem\",\"position\":1,\"name\":\"Dom\u016f\",\"item\":\"https:\\\/\\\/www.sklenarice.com\\\/aktuality\\\/\"},{\"@type\":\"ListItem\",\"position\":2,\"name\":\"Historie\",\"item\":\"https:\\\/\\\/www.sklenarice.com\\\/aktuality\\\/historie\\\/\"},{\"@type\":\"ListItem\",\"position\":3,\"name\":\"Pov\u011bsti\"}]},{\"@type\":\"WebSite\",\"@id\":\"https:\\\/\\\/www.sklenarice.com\\\/aktuality\\\/#website\",\"url\":\"https:\\\/\\\/www.sklenarice.com\\\/aktuality\\\/\",\"name\":\"Sklena\u0159ice\",\"description\":\"str\u00e1nky obce z podh\u016f\u0159\u00ed Krkono\u0161 a Jizersk\u00fdch hor\",\"potentialAction\":[{\"@type\":\"SearchAction\",\"target\":{\"@type\":\"EntryPoint\",\"urlTemplate\":\"https:\\\/\\\/www.sklenarice.com\\\/aktuality\\\/?s={search_term_string}\"},\"query-input\":{\"@type\":\"PropertyValueSpecification\",\"valueRequired\":true,\"valueName\":\"search_term_string\"}}],\"inLanguage\":\"cs\"}]}<\/script>\n<!-- \/ Yoast SEO plugin. -->","yoast_head_json":{"title":"Pov\u011bsti - Sklena\u0159ice","robots":{"index":"index","follow":"follow","max-snippet":"max-snippet:-1","max-image-preview":"max-image-preview:large","max-video-preview":"max-video-preview:-1"},"canonical":"https:\/\/www.sklenarice.com\/aktuality\/historie\/povesti\/","og_locale":"cs_CZ","og_type":"article","og_title":"Pov\u011bsti - Sklena\u0159ice","og_description":"&#8230; aneb pov\u00edd\u00e1n\u00ed o tom, jak to tehdy bylo a nebo t\u0159eba taky nebylo &#8230; Nic z toho, co je zde uvedeno, jsem si nevymyslel. \u010cerpal jsem z opisu sklena\u0159ick\u00e9 kroniky a jestli to do n\u00ed n\u011bkdo vymyslel&#8230; Co j\u00e1 v\u00edm, j\u00e1 jen, \u017ee bych V\u00e1s nerad o\u0161idil o ta kr\u00e1sn\u00e1 vypr\u00e1v\u011bn\u00ed, p\u0159i kter\u00fd n\u011bkdy [&hellip;]","og_url":"https:\/\/www.sklenarice.com\/aktuality\/historie\/povesti\/","og_site_name":"Sklena\u0159ice","article_publisher":"https:\/\/www.facebook.com\/sklenky\/","article_modified_time":"2014-08-16T13:50:46+00:00","twitter_card":"summary_large_image","schema":{"@context":"https:\/\/schema.org","@graph":[{"@type":"WebPage","@id":"https:\/\/www.sklenarice.com\/aktuality\/historie\/povesti\/","url":"https:\/\/www.sklenarice.com\/aktuality\/historie\/povesti\/","name":"Pov\u011bsti - Sklena\u0159ice","isPartOf":{"@id":"https:\/\/www.sklenarice.com\/aktuality\/#website"},"datePublished":"2014-08-16T13:50:08+00:00","dateModified":"2014-08-16T13:50:46+00:00","breadcrumb":{"@id":"https:\/\/www.sklenarice.com\/aktuality\/historie\/povesti\/#breadcrumb"},"inLanguage":"cs","potentialAction":[{"@type":"ReadAction","target":["https:\/\/www.sklenarice.com\/aktuality\/historie\/povesti\/"]}]},{"@type":"BreadcrumbList","@id":"https:\/\/www.sklenarice.com\/aktuality\/historie\/povesti\/#breadcrumb","itemListElement":[{"@type":"ListItem","position":1,"name":"Dom\u016f","item":"https:\/\/www.sklenarice.com\/aktuality\/"},{"@type":"ListItem","position":2,"name":"Historie","item":"https:\/\/www.sklenarice.com\/aktuality\/historie\/"},{"@type":"ListItem","position":3,"name":"Pov\u011bsti"}]},{"@type":"WebSite","@id":"https:\/\/www.sklenarice.com\/aktuality\/#website","url":"https:\/\/www.sklenarice.com\/aktuality\/","name":"Sklena\u0159ice","description":"str\u00e1nky obce z podh\u016f\u0159\u00ed Krkono\u0161 a Jizersk\u00fdch hor","potentialAction":[{"@type":"SearchAction","target":{"@type":"EntryPoint","urlTemplate":"https:\/\/www.sklenarice.com\/aktuality\/?s={search_term_string}"},"query-input":{"@type":"PropertyValueSpecification","valueRequired":true,"valueName":"search_term_string"}}],"inLanguage":"cs"}]}},"_links":{"self":[{"href":"https:\/\/www.sklenarice.com\/aktuality\/wp-json\/wp\/v2\/pages\/29","targetHints":{"allow":["GET"]}}],"collection":[{"href":"https:\/\/www.sklenarice.com\/aktuality\/wp-json\/wp\/v2\/pages"}],"about":[{"href":"https:\/\/www.sklenarice.com\/aktuality\/wp-json\/wp\/v2\/types\/page"}],"author":[{"embeddable":true,"href":"https:\/\/www.sklenarice.com\/aktuality\/wp-json\/wp\/v2\/users\/1"}],"replies":[{"embeddable":true,"href":"https:\/\/www.sklenarice.com\/aktuality\/wp-json\/wp\/v2\/comments?post=29"}],"version-history":[{"count":1,"href":"https:\/\/www.sklenarice.com\/aktuality\/wp-json\/wp\/v2\/pages\/29\/revisions"}],"predecessor-version":[{"id":30,"href":"https:\/\/www.sklenarice.com\/aktuality\/wp-json\/wp\/v2\/pages\/29\/revisions\/30"}],"up":[{"embeddable":true,"href":"https:\/\/www.sklenarice.com\/aktuality\/wp-json\/wp\/v2\/pages\/15"}],"wp:attachment":[{"href":"https:\/\/www.sklenarice.com\/aktuality\/wp-json\/wp\/v2\/media?parent=29"}],"curies":[{"name":"wp","href":"https:\/\/api.w.org\/{rel}","templated":true}]}}