{"id":33,"date":"2014-08-16T15:52:02","date_gmt":"2014-08-16T13:52:02","guid":{"rendered":"http:\/\/www.sklenarice.com\/?page_id=33"},"modified":"2015-01-12T07:50:41","modified_gmt":"2015-01-12T06:50:41","slug":"mandova-lipa","status":"publish","type":"page","link":"https:\/\/www.sklenarice.com\/aktuality\/historie\/povesti\/mandova-lipa\/","title":{"rendered":"Man\u010fova l\u00edpa"},"content":{"rendered":"<p style=\"text-align: justify;\">U \u010d\u00edsla pop. 48, &#8220;u Man\u010f\u016f&#8221;, st\u00e1vala do 28.7.1942 mohutn\u00e1 l\u00edpa, k n\u00ed\u017e se v\u00e1zaly \u010detn\u00e9 pov\u011bsti.<br \/>\nKdy\u017e tudy t\u00e1hli r. 1424 Husit\u00e9 do Lu\u017eice, v\u016fdce jejich pod lipou odpo\u010d\u00edval. Byl to asi pan Hynek Bo\u010dek z Kun\u0161t\u00e1tu; \u017di\u017eka to nemohl b\u00fdti, proto\u017ee v tu dobu nach\u00e1z\u00edme ho u hlavn\u00edho voje v kraji.<br \/>\nL\u00edpa byla skute\u010dn\u011b prastar\u00e1 a ji\u017e jej\u00ed poloha u b\u00fdval\u00e9ho &#8220;brani\u0161t\u011b&#8221; byla v\u00fdznamn\u00e1, chr\u00e1n\u011bn\u00e1 Pam\u00e1tkov\u00fdm \u00fa\u0159adem a mapov\u00e1na.<br \/>\nDne 28. \u010dervence 1942 po siln\u00e9m de\u0161ti n\u00e1sledkem vodn\u00ed t\u00ed\u017ee na listech sk\u00e1cela se odpoledne. Lipov\u00fd jej\u00ed kv\u011bt na pam\u00e1tku ob\u010dan\u00e9 o\u010desali.<br \/>\nObjem v prsn\u00ed v\u00fd\u0161i m\u011b\u0159\u00ed 7m, 50cm, pr\u016fm\u011br 2m a 50cm. Strom byl uvnit\u0159 dut\u00fd, st\u011bny 30 cm. Zbyl kmen o v\u00fd\u0161i 2m. Uprost\u0159ed ztrouchniv\u011bl\u00e9ho kmene zasadila r. 1948 p\u00ed. Marie Prajzlerov\u00e1 z \u010dp. 48 novou lipku, tak\u017ee to tam n\u011bkolik let pot\u00e9 vypadalo tak, jak je to zobrazeno dole na sn\u00edmku.<br \/>\nPokud l\u00edpa st\u00e1la, m\u011bla na kmeni zasklenou sk\u0159\u00ed\u0148ku se so\u0161kou Panny Marie a sv. Prokopem a \u010dertem.<br \/>\nO Man\u010fov\u011b l\u00edp\u011b \u0161la vs\u00ed b\u00e1chorka, \u017ee jsou v n\u00ed mal\u00e9 d\u011bti, tak se aspo\u0148 odpov\u00eddalo zv\u011bdav\u00fdm d\u011btem na jejich ot\u00e1zku, odkud jsou mal\u00e9 d\u011bti. U n\u00e1s nenosili d\u011bti \u010d\u00e1pi ani vr\u00e1ny, proto\u017ee se pro n\u011b \u0161lo do Man\u010fovy l\u00edpy.<br \/>\nPo p\u00e1du l\u00edpy \u0159\u00edkali sta\u0159\u00ed lid\u00e9, \u017ee ji\u017e nebudou mal\u00e9 d\u011bti. V\u0161ak tak\u00e9 v okupaci bylo m\u00e1lo novoroze\u0148at ve vsi, ale po r. 1945 se to p\u0159ehojnou m\u00edrou dohonilo!<br \/>\nL\u00edpa Man\u010fova byla pouze pro Dol\u00e1nky. Ho\u0159enec m\u011bl a m\u00e1 dosud l\u00edpu s d\u011btmi u \u010dp. 26. Tam snad pov\u011bst vznikla a byla p\u0159enesena na pam\u00e1tnou l\u00edpu Man\u010fovu. Tak\u00e9 v tom hr\u00e1la trochu \u00falohu rivalita mezi horn\u00ed a doln\u00ed \u010d\u00e1st\u00ed obce.<\/p>\n<div style=\"width: 243px\" class=\"wp-caption aligncenter\"><a href=\"http:\/\/www.sklenarice.com\/wp-content\/gallery\/cernobile-historicke\/lipa.jpg\" data-rel=\"lightbox-image-0\" data-rl_title=\"\" data-rl_caption=\"\" title=\"\"><img loading=\"lazy\" decoding=\"async\" class=\"ngg-singlepic ngg-center\" src=\"http:\/\/www.sklenarice.com\/wp-content\/gallery\/cernobile-historicke\/lipa.jpg\" alt=\"Man\u010fova l\u00edpa\" width=\"233\" height=\"413\" \/><\/a><p class=\"wp-caption-text\">Man\u010fova l\u00edpa<\/p><\/div>\n","protected":false},"excerpt":{"rendered":"<p>U \u010d\u00edsla pop. 48, &#8220;u Man\u010f\u016f&#8221;, st\u00e1vala do 28.7.1942 mohutn\u00e1 l\u00edpa, k n\u00ed\u017e se v\u00e1zaly \u010detn\u00e9 pov\u011bsti. Kdy\u017e tudy t\u00e1hli r. 1424 Husit\u00e9 do Lu\u017eice, v\u016fdce jejich pod lipou odpo\u010d\u00edval. Byl to asi pan Hynek Bo\u010dek z Kun\u0161t\u00e1tu; \u017di\u017eka to nemohl b\u00fdti, proto\u017ee v tu dobu nach\u00e1z\u00edme ho u hlavn\u00edho voje v kraji. L\u00edpa byla [&hellip;]<\/p>\n","protected":false},"author":1,"featured_media":0,"parent":29,"menu_order":0,"comment_status":"closed","ping_status":"closed","template":"","meta":{"ngg_post_thumbnail":0,"footnotes":""},"class_list":["post-33","page","type-page","status-publish","hentry"],"yoast_head":"<!-- This site is optimized with the Yoast SEO plugin v27.4 - https:\/\/yoast.com\/product\/yoast-seo-wordpress\/ -->\n<title>Man\u010fova l\u00edpa - Sklena\u0159ice<\/title>\n<meta name=\"robots\" content=\"index, follow, max-snippet:-1, max-image-preview:large, max-video-preview:-1\" \/>\n<link rel=\"canonical\" href=\"https:\/\/www.sklenarice.com\/aktuality\/historie\/povesti\/mandova-lipa\/\" \/>\n<meta property=\"og:locale\" content=\"cs_CZ\" \/>\n<meta property=\"og:type\" content=\"article\" \/>\n<meta property=\"og:title\" content=\"Man\u010fova l\u00edpa - Sklena\u0159ice\" \/>\n<meta property=\"og:description\" content=\"U \u010d\u00edsla pop. 48, &#8220;u Man\u010f\u016f&#8221;, st\u00e1vala do 28.7.1942 mohutn\u00e1 l\u00edpa, k n\u00ed\u017e se v\u00e1zaly \u010detn\u00e9 pov\u011bsti. Kdy\u017e tudy t\u00e1hli r. 1424 Husit\u00e9 do Lu\u017eice, v\u016fdce jejich pod lipou odpo\u010d\u00edval. Byl to asi pan Hynek Bo\u010dek z Kun\u0161t\u00e1tu; \u017di\u017eka to nemohl b\u00fdti, proto\u017ee v tu dobu nach\u00e1z\u00edme ho u hlavn\u00edho voje v kraji. L\u00edpa byla [&hellip;]\" \/>\n<meta property=\"og:url\" content=\"https:\/\/www.sklenarice.com\/aktuality\/historie\/povesti\/mandova-lipa\/\" \/>\n<meta property=\"og:site_name\" content=\"Sklena\u0159ice\" \/>\n<meta property=\"article:publisher\" content=\"https:\/\/www.facebook.com\/sklenky\/\" \/>\n<meta property=\"article:modified_time\" content=\"2015-01-12T06:50:41+00:00\" \/>\n<meta property=\"og:image\" content=\"http:\/\/www.sklenarice.com\/wp-content\/gallery\/cernobile-historicke\/lipa.jpg\" \/>\n<meta name=\"twitter:card\" content=\"summary_large_image\" \/>\n<meta name=\"twitter:label1\" content=\"Odhadovan\u00e1 doba \u010dten\u00ed\" \/>\n\t<meta name=\"twitter:data1\" content=\"2 minuty\" \/>\n<script type=\"application\/ld+json\" class=\"yoast-schema-graph\">{\"@context\":\"https:\\\/\\\/schema.org\",\"@graph\":[{\"@type\":\"WebPage\",\"@id\":\"https:\\\/\\\/www.sklenarice.com\\\/aktuality\\\/historie\\\/povesti\\\/mandova-lipa\\\/\",\"url\":\"https:\\\/\\\/www.sklenarice.com\\\/aktuality\\\/historie\\\/povesti\\\/mandova-lipa\\\/\",\"name\":\"Man\u010fova l\u00edpa - Sklena\u0159ice\",\"isPartOf\":{\"@id\":\"https:\\\/\\\/www.sklenarice.com\\\/aktuality\\\/#website\"},\"primaryImageOfPage\":{\"@id\":\"https:\\\/\\\/www.sklenarice.com\\\/aktuality\\\/historie\\\/povesti\\\/mandova-lipa\\\/#primaryimage\"},\"image\":{\"@id\":\"https:\\\/\\\/www.sklenarice.com\\\/aktuality\\\/historie\\\/povesti\\\/mandova-lipa\\\/#primaryimage\"},\"thumbnailUrl\":\"http:\\\/\\\/www.sklenarice.com\\\/wp-content\\\/gallery\\\/cernobile-historicke\\\/lipa.jpg\",\"datePublished\":\"2014-08-16T13:52:02+00:00\",\"dateModified\":\"2015-01-12T06:50:41+00:00\",\"breadcrumb\":{\"@id\":\"https:\\\/\\\/www.sklenarice.com\\\/aktuality\\\/historie\\\/povesti\\\/mandova-lipa\\\/#breadcrumb\"},\"inLanguage\":\"cs\",\"potentialAction\":[{\"@type\":\"ReadAction\",\"target\":[\"https:\\\/\\\/www.sklenarice.com\\\/aktuality\\\/historie\\\/povesti\\\/mandova-lipa\\\/\"]}]},{\"@type\":\"ImageObject\",\"inLanguage\":\"cs\",\"@id\":\"https:\\\/\\\/www.sklenarice.com\\\/aktuality\\\/historie\\\/povesti\\\/mandova-lipa\\\/#primaryimage\",\"url\":\"http:\\\/\\\/www.sklenarice.com\\\/wp-content\\\/gallery\\\/cernobile-historicke\\\/lipa.jpg\",\"contentUrl\":\"http:\\\/\\\/www.sklenarice.com\\\/wp-content\\\/gallery\\\/cernobile-historicke\\\/lipa.jpg\"},{\"@type\":\"BreadcrumbList\",\"@id\":\"https:\\\/\\\/www.sklenarice.com\\\/aktuality\\\/historie\\\/povesti\\\/mandova-lipa\\\/#breadcrumb\",\"itemListElement\":[{\"@type\":\"ListItem\",\"position\":1,\"name\":\"Dom\u016f\",\"item\":\"https:\\\/\\\/www.sklenarice.com\\\/aktuality\\\/\"},{\"@type\":\"ListItem\",\"position\":2,\"name\":\"Historie\",\"item\":\"https:\\\/\\\/www.sklenarice.com\\\/aktuality\\\/historie\\\/\"},{\"@type\":\"ListItem\",\"position\":3,\"name\":\"Pov\u011bsti\",\"item\":\"https:\\\/\\\/www.sklenarice.com\\\/aktuality\\\/historie\\\/povesti\\\/\"},{\"@type\":\"ListItem\",\"position\":4,\"name\":\"Man\u010fova l\u00edpa\"}]},{\"@type\":\"WebSite\",\"@id\":\"https:\\\/\\\/www.sklenarice.com\\\/aktuality\\\/#website\",\"url\":\"https:\\\/\\\/www.sklenarice.com\\\/aktuality\\\/\",\"name\":\"Sklena\u0159ice\",\"description\":\"str\u00e1nky obce z podh\u016f\u0159\u00ed Krkono\u0161 a Jizersk\u00fdch hor\",\"potentialAction\":[{\"@type\":\"SearchAction\",\"target\":{\"@type\":\"EntryPoint\",\"urlTemplate\":\"https:\\\/\\\/www.sklenarice.com\\\/aktuality\\\/?s={search_term_string}\"},\"query-input\":{\"@type\":\"PropertyValueSpecification\",\"valueRequired\":true,\"valueName\":\"search_term_string\"}}],\"inLanguage\":\"cs\"}]}<\/script>\n<!-- \/ Yoast SEO plugin. -->","yoast_head_json":{"title":"Man\u010fova l\u00edpa - Sklena\u0159ice","robots":{"index":"index","follow":"follow","max-snippet":"max-snippet:-1","max-image-preview":"max-image-preview:large","max-video-preview":"max-video-preview:-1"},"canonical":"https:\/\/www.sklenarice.com\/aktuality\/historie\/povesti\/mandova-lipa\/","og_locale":"cs_CZ","og_type":"article","og_title":"Man\u010fova l\u00edpa - Sklena\u0159ice","og_description":"U \u010d\u00edsla pop. 48, &#8220;u Man\u010f\u016f&#8221;, st\u00e1vala do 28.7.1942 mohutn\u00e1 l\u00edpa, k n\u00ed\u017e se v\u00e1zaly \u010detn\u00e9 pov\u011bsti. Kdy\u017e tudy t\u00e1hli r. 1424 Husit\u00e9 do Lu\u017eice, v\u016fdce jejich pod lipou odpo\u010d\u00edval. Byl to asi pan Hynek Bo\u010dek z Kun\u0161t\u00e1tu; \u017di\u017eka to nemohl b\u00fdti, proto\u017ee v tu dobu nach\u00e1z\u00edme ho u hlavn\u00edho voje v kraji. L\u00edpa byla [&hellip;]","og_url":"https:\/\/www.sklenarice.com\/aktuality\/historie\/povesti\/mandova-lipa\/","og_site_name":"Sklena\u0159ice","article_publisher":"https:\/\/www.facebook.com\/sklenky\/","article_modified_time":"2015-01-12T06:50:41+00:00","og_image":[{"url":"http:\/\/www.sklenarice.com\/wp-content\/gallery\/cernobile-historicke\/lipa.jpg","type":"","width":"","height":""}],"twitter_card":"summary_large_image","twitter_misc":{"Odhadovan\u00e1 doba \u010dten\u00ed":"2 minuty"},"schema":{"@context":"https:\/\/schema.org","@graph":[{"@type":"WebPage","@id":"https:\/\/www.sklenarice.com\/aktuality\/historie\/povesti\/mandova-lipa\/","url":"https:\/\/www.sklenarice.com\/aktuality\/historie\/povesti\/mandova-lipa\/","name":"Man\u010fova l\u00edpa - Sklena\u0159ice","isPartOf":{"@id":"https:\/\/www.sklenarice.com\/aktuality\/#website"},"primaryImageOfPage":{"@id":"https:\/\/www.sklenarice.com\/aktuality\/historie\/povesti\/mandova-lipa\/#primaryimage"},"image":{"@id":"https:\/\/www.sklenarice.com\/aktuality\/historie\/povesti\/mandova-lipa\/#primaryimage"},"thumbnailUrl":"http:\/\/www.sklenarice.com\/wp-content\/gallery\/cernobile-historicke\/lipa.jpg","datePublished":"2014-08-16T13:52:02+00:00","dateModified":"2015-01-12T06:50:41+00:00","breadcrumb":{"@id":"https:\/\/www.sklenarice.com\/aktuality\/historie\/povesti\/mandova-lipa\/#breadcrumb"},"inLanguage":"cs","potentialAction":[{"@type":"ReadAction","target":["https:\/\/www.sklenarice.com\/aktuality\/historie\/povesti\/mandova-lipa\/"]}]},{"@type":"ImageObject","inLanguage":"cs","@id":"https:\/\/www.sklenarice.com\/aktuality\/historie\/povesti\/mandova-lipa\/#primaryimage","url":"http:\/\/www.sklenarice.com\/wp-content\/gallery\/cernobile-historicke\/lipa.jpg","contentUrl":"http:\/\/www.sklenarice.com\/wp-content\/gallery\/cernobile-historicke\/lipa.jpg"},{"@type":"BreadcrumbList","@id":"https:\/\/www.sklenarice.com\/aktuality\/historie\/povesti\/mandova-lipa\/#breadcrumb","itemListElement":[{"@type":"ListItem","position":1,"name":"Dom\u016f","item":"https:\/\/www.sklenarice.com\/aktuality\/"},{"@type":"ListItem","position":2,"name":"Historie","item":"https:\/\/www.sklenarice.com\/aktuality\/historie\/"},{"@type":"ListItem","position":3,"name":"Pov\u011bsti","item":"https:\/\/www.sklenarice.com\/aktuality\/historie\/povesti\/"},{"@type":"ListItem","position":4,"name":"Man\u010fova l\u00edpa"}]},{"@type":"WebSite","@id":"https:\/\/www.sklenarice.com\/aktuality\/#website","url":"https:\/\/www.sklenarice.com\/aktuality\/","name":"Sklena\u0159ice","description":"str\u00e1nky obce z podh\u016f\u0159\u00ed Krkono\u0161 a Jizersk\u00fdch hor","potentialAction":[{"@type":"SearchAction","target":{"@type":"EntryPoint","urlTemplate":"https:\/\/www.sklenarice.com\/aktuality\/?s={search_term_string}"},"query-input":{"@type":"PropertyValueSpecification","valueRequired":true,"valueName":"search_term_string"}}],"inLanguage":"cs"}]}},"_links":{"self":[{"href":"https:\/\/www.sklenarice.com\/aktuality\/wp-json\/wp\/v2\/pages\/33","targetHints":{"allow":["GET"]}}],"collection":[{"href":"https:\/\/www.sklenarice.com\/aktuality\/wp-json\/wp\/v2\/pages"}],"about":[{"href":"https:\/\/www.sklenarice.com\/aktuality\/wp-json\/wp\/v2\/types\/page"}],"author":[{"embeddable":true,"href":"https:\/\/www.sklenarice.com\/aktuality\/wp-json\/wp\/v2\/users\/1"}],"replies":[{"embeddable":true,"href":"https:\/\/www.sklenarice.com\/aktuality\/wp-json\/wp\/v2\/comments?post=33"}],"version-history":[{"count":4,"href":"https:\/\/www.sklenarice.com\/aktuality\/wp-json\/wp\/v2\/pages\/33\/revisions"}],"predecessor-version":[{"id":706,"href":"https:\/\/www.sklenarice.com\/aktuality\/wp-json\/wp\/v2\/pages\/33\/revisions\/706"}],"up":[{"embeddable":true,"href":"https:\/\/www.sklenarice.com\/aktuality\/wp-json\/wp\/v2\/pages\/29"}],"wp:attachment":[{"href":"https:\/\/www.sklenarice.com\/aktuality\/wp-json\/wp\/v2\/media?parent=33"}],"curies":[{"name":"wp","href":"https:\/\/api.w.org\/{rel}","templated":true}]}}