{"id":35,"date":"2014-08-16T15:53:06","date_gmt":"2014-08-16T13:53:06","guid":{"rendered":"http:\/\/www.sklenarice.com\/?page_id=35"},"modified":"2015-01-12T08:02:51","modified_gmt":"2015-01-12T07:02:51","slug":"o-vodnikovi","status":"publish","type":"page","link":"https:\/\/www.sklenarice.com\/aktuality\/historie\/povesti\/o-vodnikovi\/","title":{"rendered":"O vodn\u00edkovi"},"content":{"rendered":"<h6><span style=\"color: #800080;\"><em>Dle Josefa Voto\u010dka<\/em><\/span><\/h6>\n<p style=\"text-align: justify;\">Vodn\u00edk s\u00eddlil v Jize\u0159e a na letn\u00ed pobyt se odst\u011bhoval do Sklena\u0159ick\u00fdch &#8220;Lu\u017e\u00ed&#8221;. Z dlouh\u00e9 chv\u00edle \u0161k\u00e1dl\u00edval star\u00e9 ob\u010dany, jdouc\u00ed z Rokytnice na trh nebo odv\u00e1d\u011bj\u00edc\u00ed utkalcovan\u00e9 zbo\u017e\u00ed.<br \/>\nNalezen\u00fd ko\u017eich na most\u011b p\u0159es Jizeru prom\u011bnil se v ko\u0161i na z\u00e1dech sklena\u0159ick\u00e9 hospodyn\u011b ve vodn\u00edka, kter\u00fd se nechal n\u00e9sti a\u017e do &#8220;Lu\u017e\u00ed&#8221;, kde vysko\u010dil a zvolal: &#8220;Co Ti z\u016fstalo, m\u00e1\u0161 od cesty!&#8221; Bez dechu p\u0159ib\u011bhla ud\u011b\u0161en\u00e1 hospodyn\u011b dom\u016f. Cel\u00e9 t\u011blo ji p\u00e1lilo jako ohe\u0148. Uhodnete, co bylo ve star\u00e9m ko\u017eichu? Blechy. Tak se kdysi st\u011bhoval vodn\u00edk na letn\u00ed byt v &#8220;Lu\u017e\u00ed&#8221;.<br \/>\nJindy se zase vodn\u00edk prom\u011bnil v pa\u0159ez na b\u0159ehu u cesty. Babka, aby si oddechla, kdy\u017e \u0161la kolem, postavila ko\u0161 pln\u00fd vajec na pa\u0159ez. Putiny a ko\u0161e m\u011bla na ramenou. Posp\u00edchala do Rokytnice. Pa\u0159ez se pojednou ztratil, vejce se z ko\u0161e vysypaly a babka se v nich vyv\u00e1lela. Achich, ouvej!<br \/>\nPodruh\u00e9 zase m\u00e1sla\u0159 nesl v ko\u0161i na prodej m\u00e1slo. Aby \u017e\u00edze\u0148 ukojil, slo\u017eil ko\u0161 u stru\u017eky a napil se vody. Zat\u00edm mu vodn\u00edk vym\u011bnil m\u00e1slo za j\u00edl. V Rokytnici byl pak m\u00e1sla\u0159 potrest\u00e1n, \u017ee \u0161id\u00ed. Kdy\u017e se vracel a v &#8220;Lu\u017eic\u00edch&#8221; si u\u0159\u00edzl na d\u011bti metlu a dal si ji do ko\u0161e, vodn\u00edk mu ji prom\u011bnil zase naopak v m\u00e1slo. Kdy\u017e cht\u011bl potrestati d\u011bti, vyhazoval m\u00e1slo na zem a hledal metlu, nastalo p\u0159ekvapen\u00ed.<br \/>\nOb\u010dan\u00e9 chod\u00edvali \u010dasto na trhy do Rokytnice. V &#8220;Lu\u017e\u00edch&#8221; st\u00e1val u cesty kr\u00e1me\u010dek s pestr\u00fdmi pentli\u010dkami. Vodn\u00edk ka\u017ed\u00e9mu vnucoval pentli\u010dky a kus cesty je doprov\u00e1zel. Ceny pen\u011bz v\u0161ak neznal, i knofl\u00edky jej mohl n\u011bkdo o\u0161iditi. Koupen\u00e9 pentli\u010dky byly ale stejn\u011b nepot\u0159ebn\u00e9, nebo\u0165 se prom\u011bnily v dlouh\u00e9 ostr\u00e9 traviny, rostouc\u00ed v bahnech.<br \/>\nA jak se vodn\u00edk odst\u011bhoval? Jednodu\u0161e. Prom\u011bnil se v zabit\u00e9ho zaj\u00edce a po\u010dkal si na n\u011bkoho, kdo si ho vzal do ko\u0161e. Na most\u011b p\u0159es Jizeru ob\u017eivl, vysko\u010dil a je\u0161t\u011b zvolal:&#8221;He\u010d, to jsem se poponesl!&#8221; Od t\u00e9 doby \u017eije ve vodn\u00edch t\u016fn\u00edch Jizery.<\/p>\n","protected":false},"excerpt":{"rendered":"<p>Dle Josefa Voto\u010dka Vodn\u00edk s\u00eddlil v Jize\u0159e a na letn\u00ed pobyt se odst\u011bhoval do Sklena\u0159ick\u00fdch &#8220;Lu\u017e\u00ed&#8221;. Z dlouh\u00e9 chv\u00edle \u0161k\u00e1dl\u00edval star\u00e9 ob\u010dany, jdouc\u00ed z Rokytnice na trh nebo odv\u00e1d\u011bj\u00edc\u00ed utkalcovan\u00e9 zbo\u017e\u00ed. Nalezen\u00fd ko\u017eich na most\u011b p\u0159es Jizeru prom\u011bnil se v ko\u0161i na z\u00e1dech sklena\u0159ick\u00e9 hospodyn\u011b ve vodn\u00edka, kter\u00fd se nechal n\u00e9sti a\u017e do &#8220;Lu\u017e\u00ed&#8221;, kde [&hellip;]<\/p>\n","protected":false},"author":1,"featured_media":0,"parent":29,"menu_order":0,"comment_status":"closed","ping_status":"closed","template":"","meta":{"ngg_post_thumbnail":0,"footnotes":""},"class_list":["post-35","page","type-page","status-publish","hentry"],"yoast_head":"<!-- This site is optimized with the Yoast SEO plugin v27.5 - https:\/\/yoast.com\/product\/yoast-seo-wordpress\/ -->\n<title>O vodn\u00edkovi - Sklena\u0159ice<\/title>\n<meta name=\"robots\" content=\"index, follow, max-snippet:-1, max-image-preview:large, max-video-preview:-1\" \/>\n<link rel=\"canonical\" href=\"https:\/\/www.sklenarice.com\/aktuality\/historie\/povesti\/o-vodnikovi\/\" \/>\n<meta property=\"og:locale\" content=\"cs_CZ\" \/>\n<meta property=\"og:type\" content=\"article\" \/>\n<meta property=\"og:title\" content=\"O vodn\u00edkovi - Sklena\u0159ice\" \/>\n<meta property=\"og:description\" content=\"Dle Josefa Voto\u010dka Vodn\u00edk s\u00eddlil v Jize\u0159e a na letn\u00ed pobyt se odst\u011bhoval do Sklena\u0159ick\u00fdch &#8220;Lu\u017e\u00ed&#8221;. Z dlouh\u00e9 chv\u00edle \u0161k\u00e1dl\u00edval star\u00e9 ob\u010dany, jdouc\u00ed z Rokytnice na trh nebo odv\u00e1d\u011bj\u00edc\u00ed utkalcovan\u00e9 zbo\u017e\u00ed. Nalezen\u00fd ko\u017eich na most\u011b p\u0159es Jizeru prom\u011bnil se v ko\u0161i na z\u00e1dech sklena\u0159ick\u00e9 hospodyn\u011b ve vodn\u00edka, kter\u00fd se nechal n\u00e9sti a\u017e do &#8220;Lu\u017e\u00ed&#8221;, kde [&hellip;]\" \/>\n<meta property=\"og:url\" content=\"https:\/\/www.sklenarice.com\/aktuality\/historie\/povesti\/o-vodnikovi\/\" \/>\n<meta property=\"og:site_name\" content=\"Sklena\u0159ice\" \/>\n<meta property=\"article:publisher\" content=\"https:\/\/www.facebook.com\/sklenky\/\" \/>\n<meta property=\"article:modified_time\" content=\"2015-01-12T07:02:51+00:00\" \/>\n<meta name=\"twitter:card\" content=\"summary_large_image\" \/>\n<meta name=\"twitter:label1\" content=\"Odhadovan\u00e1 doba \u010dten\u00ed\" \/>\n\t<meta name=\"twitter:data1\" content=\"2 minuty\" \/>\n<script type=\"application\/ld+json\" class=\"yoast-schema-graph\">{\"@context\":\"https:\\\/\\\/schema.org\",\"@graph\":[{\"@type\":\"WebPage\",\"@id\":\"https:\\\/\\\/www.sklenarice.com\\\/aktuality\\\/historie\\\/povesti\\\/o-vodnikovi\\\/\",\"url\":\"https:\\\/\\\/www.sklenarice.com\\\/aktuality\\\/historie\\\/povesti\\\/o-vodnikovi\\\/\",\"name\":\"O vodn\u00edkovi - Sklena\u0159ice\",\"isPartOf\":{\"@id\":\"https:\\\/\\\/www.sklenarice.com\\\/aktuality\\\/#website\"},\"datePublished\":\"2014-08-16T13:53:06+00:00\",\"dateModified\":\"2015-01-12T07:02:51+00:00\",\"breadcrumb\":{\"@id\":\"https:\\\/\\\/www.sklenarice.com\\\/aktuality\\\/historie\\\/povesti\\\/o-vodnikovi\\\/#breadcrumb\"},\"inLanguage\":\"cs\",\"potentialAction\":[{\"@type\":\"ReadAction\",\"target\":[\"https:\\\/\\\/www.sklenarice.com\\\/aktuality\\\/historie\\\/povesti\\\/o-vodnikovi\\\/\"]}]},{\"@type\":\"BreadcrumbList\",\"@id\":\"https:\\\/\\\/www.sklenarice.com\\\/aktuality\\\/historie\\\/povesti\\\/o-vodnikovi\\\/#breadcrumb\",\"itemListElement\":[{\"@type\":\"ListItem\",\"position\":1,\"name\":\"Dom\u016f\",\"item\":\"https:\\\/\\\/www.sklenarice.com\\\/aktuality\\\/\"},{\"@type\":\"ListItem\",\"position\":2,\"name\":\"Historie\",\"item\":\"https:\\\/\\\/www.sklenarice.com\\\/aktuality\\\/historie\\\/\"},{\"@type\":\"ListItem\",\"position\":3,\"name\":\"Pov\u011bsti\",\"item\":\"https:\\\/\\\/www.sklenarice.com\\\/aktuality\\\/historie\\\/povesti\\\/\"},{\"@type\":\"ListItem\",\"position\":4,\"name\":\"O vodn\u00edkovi\"}]},{\"@type\":\"WebSite\",\"@id\":\"https:\\\/\\\/www.sklenarice.com\\\/aktuality\\\/#website\",\"url\":\"https:\\\/\\\/www.sklenarice.com\\\/aktuality\\\/\",\"name\":\"Sklena\u0159ice\",\"description\":\"str\u00e1nky obce z podh\u016f\u0159\u00ed Krkono\u0161 a Jizersk\u00fdch hor\",\"potentialAction\":[{\"@type\":\"SearchAction\",\"target\":{\"@type\":\"EntryPoint\",\"urlTemplate\":\"https:\\\/\\\/www.sklenarice.com\\\/aktuality\\\/?s={search_term_string}\"},\"query-input\":{\"@type\":\"PropertyValueSpecification\",\"valueRequired\":true,\"valueName\":\"search_term_string\"}}],\"inLanguage\":\"cs\"}]}<\/script>\n<!-- \/ Yoast SEO plugin. -->","yoast_head_json":{"title":"O vodn\u00edkovi - Sklena\u0159ice","robots":{"index":"index","follow":"follow","max-snippet":"max-snippet:-1","max-image-preview":"max-image-preview:large","max-video-preview":"max-video-preview:-1"},"canonical":"https:\/\/www.sklenarice.com\/aktuality\/historie\/povesti\/o-vodnikovi\/","og_locale":"cs_CZ","og_type":"article","og_title":"O vodn\u00edkovi - Sklena\u0159ice","og_description":"Dle Josefa Voto\u010dka Vodn\u00edk s\u00eddlil v Jize\u0159e a na letn\u00ed pobyt se odst\u011bhoval do Sklena\u0159ick\u00fdch &#8220;Lu\u017e\u00ed&#8221;. Z dlouh\u00e9 chv\u00edle \u0161k\u00e1dl\u00edval star\u00e9 ob\u010dany, jdouc\u00ed z Rokytnice na trh nebo odv\u00e1d\u011bj\u00edc\u00ed utkalcovan\u00e9 zbo\u017e\u00ed. Nalezen\u00fd ko\u017eich na most\u011b p\u0159es Jizeru prom\u011bnil se v ko\u0161i na z\u00e1dech sklena\u0159ick\u00e9 hospodyn\u011b ve vodn\u00edka, kter\u00fd se nechal n\u00e9sti a\u017e do &#8220;Lu\u017e\u00ed&#8221;, kde [&hellip;]","og_url":"https:\/\/www.sklenarice.com\/aktuality\/historie\/povesti\/o-vodnikovi\/","og_site_name":"Sklena\u0159ice","article_publisher":"https:\/\/www.facebook.com\/sklenky\/","article_modified_time":"2015-01-12T07:02:51+00:00","twitter_card":"summary_large_image","twitter_misc":{"Odhadovan\u00e1 doba \u010dten\u00ed":"2 minuty"},"schema":{"@context":"https:\/\/schema.org","@graph":[{"@type":"WebPage","@id":"https:\/\/www.sklenarice.com\/aktuality\/historie\/povesti\/o-vodnikovi\/","url":"https:\/\/www.sklenarice.com\/aktuality\/historie\/povesti\/o-vodnikovi\/","name":"O vodn\u00edkovi - Sklena\u0159ice","isPartOf":{"@id":"https:\/\/www.sklenarice.com\/aktuality\/#website"},"datePublished":"2014-08-16T13:53:06+00:00","dateModified":"2015-01-12T07:02:51+00:00","breadcrumb":{"@id":"https:\/\/www.sklenarice.com\/aktuality\/historie\/povesti\/o-vodnikovi\/#breadcrumb"},"inLanguage":"cs","potentialAction":[{"@type":"ReadAction","target":["https:\/\/www.sklenarice.com\/aktuality\/historie\/povesti\/o-vodnikovi\/"]}]},{"@type":"BreadcrumbList","@id":"https:\/\/www.sklenarice.com\/aktuality\/historie\/povesti\/o-vodnikovi\/#breadcrumb","itemListElement":[{"@type":"ListItem","position":1,"name":"Dom\u016f","item":"https:\/\/www.sklenarice.com\/aktuality\/"},{"@type":"ListItem","position":2,"name":"Historie","item":"https:\/\/www.sklenarice.com\/aktuality\/historie\/"},{"@type":"ListItem","position":3,"name":"Pov\u011bsti","item":"https:\/\/www.sklenarice.com\/aktuality\/historie\/povesti\/"},{"@type":"ListItem","position":4,"name":"O vodn\u00edkovi"}]},{"@type":"WebSite","@id":"https:\/\/www.sklenarice.com\/aktuality\/#website","url":"https:\/\/www.sklenarice.com\/aktuality\/","name":"Sklena\u0159ice","description":"str\u00e1nky obce z podh\u016f\u0159\u00ed Krkono\u0161 a Jizersk\u00fdch hor","potentialAction":[{"@type":"SearchAction","target":{"@type":"EntryPoint","urlTemplate":"https:\/\/www.sklenarice.com\/aktuality\/?s={search_term_string}"},"query-input":{"@type":"PropertyValueSpecification","valueRequired":true,"valueName":"search_term_string"}}],"inLanguage":"cs"}]}},"_links":{"self":[{"href":"https:\/\/www.sklenarice.com\/aktuality\/wp-json\/wp\/v2\/pages\/35","targetHints":{"allow":["GET"]}}],"collection":[{"href":"https:\/\/www.sklenarice.com\/aktuality\/wp-json\/wp\/v2\/pages"}],"about":[{"href":"https:\/\/www.sklenarice.com\/aktuality\/wp-json\/wp\/v2\/types\/page"}],"author":[{"embeddable":true,"href":"https:\/\/www.sklenarice.com\/aktuality\/wp-json\/wp\/v2\/users\/1"}],"replies":[{"embeddable":true,"href":"https:\/\/www.sklenarice.com\/aktuality\/wp-json\/wp\/v2\/comments?post=35"}],"version-history":[{"count":2,"href":"https:\/\/www.sklenarice.com\/aktuality\/wp-json\/wp\/v2\/pages\/35\/revisions"}],"predecessor-version":[{"id":718,"href":"https:\/\/www.sklenarice.com\/aktuality\/wp-json\/wp\/v2\/pages\/35\/revisions\/718"}],"up":[{"embeddable":true,"href":"https:\/\/www.sklenarice.com\/aktuality\/wp-json\/wp\/v2\/pages\/29"}],"wp:attachment":[{"href":"https:\/\/www.sklenarice.com\/aktuality\/wp-json\/wp\/v2\/media?parent=35"}],"curies":[{"name":"wp","href":"https:\/\/api.w.org\/{rel}","templated":true}]}}