{"id":43,"date":"2014-08-16T15:56:52","date_gmt":"2014-08-16T13:56:52","guid":{"rendered":"http:\/\/www.sklenarice.com\/?page_id=43"},"modified":"2015-01-12T08:01:15","modified_gmt":"2015-01-12T07:01:15","slug":"o-faustovi","status":"publish","type":"page","link":"https:\/\/www.sklenarice.com\/aktuality\/historie\/povesti\/o-faustovi\/","title":{"rendered":"O faustovi"},"content":{"rendered":"<div style=\"text-align: justify;\">\n<h4>Kde bydlel severo\u010desk\u00fd Faust?<\/h4>\n<\/div>\n<div style=\"text-align: justify;\">\n<p>Mezi nejpodivuhodn\u011bj\u0161\u00ed osobnosti 18. stolet\u00ed pat\u0159\u00ed nepochybn\u011b dr. Kytl, venkovsk\u00fd l\u00e9ka\u0159 z vesni\u010dky pod \u010cernou studnic\u00ed v Jizersk\u00fdch hor\u00e1ch. V\u00fdborn\u00fd ranhoji\u010d, kter\u00fd um\u011bl dob\u0159e vyu\u017e\u00edt i zku\u0161enost\u00ed lidov\u00e9ho l\u00e9\u010den\u00ed (l\u00e9\u010div\u00e9 byliny, koupele a pod.), z\u00edskal brzy v\u011bhlas nejen v okol\u00ed rodn\u00e9ho \u0160umburku, ale byl vol\u00e1n k nemocn\u00fdm i do Prahy a jin\u00fdch vzd\u00e1len\u00fdch m\u00edst. Prost\u00ed sou\u010dasn\u00edci si nedovedli jeho \u00fasp\u011bchy vysv\u011btliti jinak, ne\u017e smlouvou s \u010f\u00e1blem, jemu\u017e upsal du\u0161i.<br \/>\nPra\u017esk\u00e9 n\u00e1v\u0161t\u011bvy Kytlovy p\u0159ipom\u00ednal hostinec &#8220;U chytr\u00e9ho zv\u00ed\u0159ete&#8221;, dnes ji\u017e zbo\u0159en\u00fd, v bl\u00edzkosti pr\u00e1vnick\u00e9 fakulty, n\u011bkolik pov\u011bst\u00ed s pra\u017eskou tematikou a zejm\u00e9na p\u016fsobiv\u00e1 kresba Mikol\u00e1\u0161e Al\u0161e, ilustruj\u00edc\u00ed jednu z nich: doktor Kytl se vrac\u00ed nakvap z Prahy do \u0160umburku, aby zachr\u00e1nil sv\u00e9 d\u011bti z moci havran\u016f &#8211; \u010f\u00e1bl\u016f, kter\u00e9 ony z nerozumu pomoc\u00ed jeho kouzeln\u00e9 knihy vyvolaly. Rozk\u00e1zal pr\u00fd tehdy t\u011bmto pekeln\u00fdm pt\u00e1k\u016fm, aby sesb\u00edrali v\u0161echno kamen\u00ed z louky u jeho s\u00eddla a postavili z nich ze\u010f a tato ze\u010f pr\u00fd slou\u017e\u00ed doposud.<br \/>\nZv\u011bdavost n\u00e1m nedala a jedn\u00e9 kv\u011btn\u00e9 ned\u011ble jsme se za tou zd\u00ed vypravili do nedalek\u00e9ho \u0160umburka. Nalezli jsme ji pod barokn\u00edm kostelem, jej\u017e tak\u00e9 dr. Kytl zalo\u017eil. Poznali jsme ji snadno. Kameny na n\u00ed le\u017e\u00ed voln\u011b polo\u017eeny, bez spojen\u00ed maltou. A za zd\u00ed, uprost\u0159ed louky, na n\u00ed\u017e opravdu nen\u00ed ani kam\u00ednek, stoj\u00ed mohutn\u00e1 poscho\u010fov\u00e1 d\u0159ev\u011bn\u00e1 tvrz Burk, s\u00eddlo doktora Kytla. Pochopen\u00edm \u010dinitel\u016f m\u00edstn\u00edho n\u00e1rodn\u00edho v\u00fdboru byla po roce 1945 budova zachr\u00e1n\u011bna p\u0159ed str\u017een\u00edm, dostalo se j\u00ed nov\u00e9 krytiny i dal\u0161\u00ed \u00fapravy a dnes v jej\u00edch zdech bydl\u00ed spokojen\u011b n\u011bkolik rodin. Kouzeln\u00fd pl\u00e1\u0161\u0165, ani \u010darod\u011bjnou knihu ov\u0161em nemaj\u00ed, ale technick\u00fd pokrok p\u0159inesl zato do star\u00e9 tvrze za\u0159\u00edzen\u00ed, o n\u011bm\u017e se dr. Kytlovi ani nesnilo. Televizn\u00ed ant\u00e9na na st\u0159e\u0161e Burku sv\u011bd\u010d\u00ed, \u017ee jeho obyvatel\u00e9 vid\u00ed do d\u00e1lky byst\u0159eji ne\u017e Faust 18. stolet\u00ed.<\/p>\n<\/div>\n","protected":false},"excerpt":{"rendered":"<p>Kde bydlel severo\u010desk\u00fd Faust? Mezi nejpodivuhodn\u011bj\u0161\u00ed osobnosti 18. stolet\u00ed pat\u0159\u00ed nepochybn\u011b dr. Kytl, venkovsk\u00fd l\u00e9ka\u0159 z vesni\u010dky pod \u010cernou studnic\u00ed v Jizersk\u00fdch hor\u00e1ch. V\u00fdborn\u00fd ranhoji\u010d, kter\u00fd um\u011bl dob\u0159e vyu\u017e\u00edt i zku\u0161enost\u00ed lidov\u00e9ho l\u00e9\u010den\u00ed (l\u00e9\u010div\u00e9 byliny, koupele a pod.), z\u00edskal brzy v\u011bhlas nejen v okol\u00ed rodn\u00e9ho \u0160umburku, ale byl vol\u00e1n k nemocn\u00fdm i do Prahy a [&hellip;]<\/p>\n","protected":false},"author":1,"featured_media":0,"parent":29,"menu_order":0,"comment_status":"closed","ping_status":"closed","template":"","meta":{"ngg_post_thumbnail":0,"footnotes":""},"class_list":["post-43","page","type-page","status-publish","hentry"],"yoast_head":"<!-- This site is optimized with the Yoast SEO plugin v27.5 - https:\/\/yoast.com\/product\/yoast-seo-wordpress\/ -->\n<title>O faustovi - Sklena\u0159ice<\/title>\n<meta name=\"robots\" content=\"index, follow, max-snippet:-1, max-image-preview:large, max-video-preview:-1\" \/>\n<link rel=\"canonical\" href=\"https:\/\/www.sklenarice.com\/aktuality\/historie\/povesti\/o-faustovi\/\" \/>\n<meta property=\"og:locale\" content=\"cs_CZ\" \/>\n<meta property=\"og:type\" content=\"article\" \/>\n<meta property=\"og:title\" content=\"O faustovi - Sklena\u0159ice\" \/>\n<meta property=\"og:description\" content=\"Kde bydlel severo\u010desk\u00fd Faust? Mezi nejpodivuhodn\u011bj\u0161\u00ed osobnosti 18. stolet\u00ed pat\u0159\u00ed nepochybn\u011b dr. Kytl, venkovsk\u00fd l\u00e9ka\u0159 z vesni\u010dky pod \u010cernou studnic\u00ed v Jizersk\u00fdch hor\u00e1ch. V\u00fdborn\u00fd ranhoji\u010d, kter\u00fd um\u011bl dob\u0159e vyu\u017e\u00edt i zku\u0161enost\u00ed lidov\u00e9ho l\u00e9\u010den\u00ed (l\u00e9\u010div\u00e9 byliny, koupele a pod.), z\u00edskal brzy v\u011bhlas nejen v okol\u00ed rodn\u00e9ho \u0160umburku, ale byl vol\u00e1n k nemocn\u00fdm i do Prahy a [&hellip;]\" \/>\n<meta property=\"og:url\" content=\"https:\/\/www.sklenarice.com\/aktuality\/historie\/povesti\/o-faustovi\/\" \/>\n<meta property=\"og:site_name\" content=\"Sklena\u0159ice\" \/>\n<meta property=\"article:publisher\" content=\"https:\/\/www.facebook.com\/sklenky\/\" \/>\n<meta property=\"article:modified_time\" content=\"2015-01-12T07:01:15+00:00\" \/>\n<meta name=\"twitter:card\" content=\"summary_large_image\" \/>\n<meta name=\"twitter:label1\" content=\"Odhadovan\u00e1 doba \u010dten\u00ed\" \/>\n\t<meta name=\"twitter:data1\" content=\"2 minuty\" \/>\n<script type=\"application\/ld+json\" class=\"yoast-schema-graph\">{\"@context\":\"https:\\\/\\\/schema.org\",\"@graph\":[{\"@type\":\"WebPage\",\"@id\":\"https:\\\/\\\/www.sklenarice.com\\\/aktuality\\\/historie\\\/povesti\\\/o-faustovi\\\/\",\"url\":\"https:\\\/\\\/www.sklenarice.com\\\/aktuality\\\/historie\\\/povesti\\\/o-faustovi\\\/\",\"name\":\"O faustovi - Sklena\u0159ice\",\"isPartOf\":{\"@id\":\"https:\\\/\\\/www.sklenarice.com\\\/aktuality\\\/#website\"},\"datePublished\":\"2014-08-16T13:56:52+00:00\",\"dateModified\":\"2015-01-12T07:01:15+00:00\",\"breadcrumb\":{\"@id\":\"https:\\\/\\\/www.sklenarice.com\\\/aktuality\\\/historie\\\/povesti\\\/o-faustovi\\\/#breadcrumb\"},\"inLanguage\":\"cs\",\"potentialAction\":[{\"@type\":\"ReadAction\",\"target\":[\"https:\\\/\\\/www.sklenarice.com\\\/aktuality\\\/historie\\\/povesti\\\/o-faustovi\\\/\"]}]},{\"@type\":\"BreadcrumbList\",\"@id\":\"https:\\\/\\\/www.sklenarice.com\\\/aktuality\\\/historie\\\/povesti\\\/o-faustovi\\\/#breadcrumb\",\"itemListElement\":[{\"@type\":\"ListItem\",\"position\":1,\"name\":\"Dom\u016f\",\"item\":\"https:\\\/\\\/www.sklenarice.com\\\/aktuality\\\/\"},{\"@type\":\"ListItem\",\"position\":2,\"name\":\"Historie\",\"item\":\"https:\\\/\\\/www.sklenarice.com\\\/aktuality\\\/historie\\\/\"},{\"@type\":\"ListItem\",\"position\":3,\"name\":\"Pov\u011bsti\",\"item\":\"https:\\\/\\\/www.sklenarice.com\\\/aktuality\\\/historie\\\/povesti\\\/\"},{\"@type\":\"ListItem\",\"position\":4,\"name\":\"O faustovi\"}]},{\"@type\":\"WebSite\",\"@id\":\"https:\\\/\\\/www.sklenarice.com\\\/aktuality\\\/#website\",\"url\":\"https:\\\/\\\/www.sklenarice.com\\\/aktuality\\\/\",\"name\":\"Sklena\u0159ice\",\"description\":\"str\u00e1nky obce z podh\u016f\u0159\u00ed Krkono\u0161 a Jizersk\u00fdch hor\",\"potentialAction\":[{\"@type\":\"SearchAction\",\"target\":{\"@type\":\"EntryPoint\",\"urlTemplate\":\"https:\\\/\\\/www.sklenarice.com\\\/aktuality\\\/?s={search_term_string}\"},\"query-input\":{\"@type\":\"PropertyValueSpecification\",\"valueRequired\":true,\"valueName\":\"search_term_string\"}}],\"inLanguage\":\"cs\"}]}<\/script>\n<!-- \/ Yoast SEO plugin. -->","yoast_head_json":{"title":"O faustovi - Sklena\u0159ice","robots":{"index":"index","follow":"follow","max-snippet":"max-snippet:-1","max-image-preview":"max-image-preview:large","max-video-preview":"max-video-preview:-1"},"canonical":"https:\/\/www.sklenarice.com\/aktuality\/historie\/povesti\/o-faustovi\/","og_locale":"cs_CZ","og_type":"article","og_title":"O faustovi - Sklena\u0159ice","og_description":"Kde bydlel severo\u010desk\u00fd Faust? Mezi nejpodivuhodn\u011bj\u0161\u00ed osobnosti 18. stolet\u00ed pat\u0159\u00ed nepochybn\u011b dr. Kytl, venkovsk\u00fd l\u00e9ka\u0159 z vesni\u010dky pod \u010cernou studnic\u00ed v Jizersk\u00fdch hor\u00e1ch. V\u00fdborn\u00fd ranhoji\u010d, kter\u00fd um\u011bl dob\u0159e vyu\u017e\u00edt i zku\u0161enost\u00ed lidov\u00e9ho l\u00e9\u010den\u00ed (l\u00e9\u010div\u00e9 byliny, koupele a pod.), z\u00edskal brzy v\u011bhlas nejen v okol\u00ed rodn\u00e9ho \u0160umburku, ale byl vol\u00e1n k nemocn\u00fdm i do Prahy a [&hellip;]","og_url":"https:\/\/www.sklenarice.com\/aktuality\/historie\/povesti\/o-faustovi\/","og_site_name":"Sklena\u0159ice","article_publisher":"https:\/\/www.facebook.com\/sklenky\/","article_modified_time":"2015-01-12T07:01:15+00:00","twitter_card":"summary_large_image","twitter_misc":{"Odhadovan\u00e1 doba \u010dten\u00ed":"2 minuty"},"schema":{"@context":"https:\/\/schema.org","@graph":[{"@type":"WebPage","@id":"https:\/\/www.sklenarice.com\/aktuality\/historie\/povesti\/o-faustovi\/","url":"https:\/\/www.sklenarice.com\/aktuality\/historie\/povesti\/o-faustovi\/","name":"O faustovi - Sklena\u0159ice","isPartOf":{"@id":"https:\/\/www.sklenarice.com\/aktuality\/#website"},"datePublished":"2014-08-16T13:56:52+00:00","dateModified":"2015-01-12T07:01:15+00:00","breadcrumb":{"@id":"https:\/\/www.sklenarice.com\/aktuality\/historie\/povesti\/o-faustovi\/#breadcrumb"},"inLanguage":"cs","potentialAction":[{"@type":"ReadAction","target":["https:\/\/www.sklenarice.com\/aktuality\/historie\/povesti\/o-faustovi\/"]}]},{"@type":"BreadcrumbList","@id":"https:\/\/www.sklenarice.com\/aktuality\/historie\/povesti\/o-faustovi\/#breadcrumb","itemListElement":[{"@type":"ListItem","position":1,"name":"Dom\u016f","item":"https:\/\/www.sklenarice.com\/aktuality\/"},{"@type":"ListItem","position":2,"name":"Historie","item":"https:\/\/www.sklenarice.com\/aktuality\/historie\/"},{"@type":"ListItem","position":3,"name":"Pov\u011bsti","item":"https:\/\/www.sklenarice.com\/aktuality\/historie\/povesti\/"},{"@type":"ListItem","position":4,"name":"O faustovi"}]},{"@type":"WebSite","@id":"https:\/\/www.sklenarice.com\/aktuality\/#website","url":"https:\/\/www.sklenarice.com\/aktuality\/","name":"Sklena\u0159ice","description":"str\u00e1nky obce z podh\u016f\u0159\u00ed Krkono\u0161 a Jizersk\u00fdch hor","potentialAction":[{"@type":"SearchAction","target":{"@type":"EntryPoint","urlTemplate":"https:\/\/www.sklenarice.com\/aktuality\/?s={search_term_string}"},"query-input":{"@type":"PropertyValueSpecification","valueRequired":true,"valueName":"search_term_string"}}],"inLanguage":"cs"}]}},"_links":{"self":[{"href":"https:\/\/www.sklenarice.com\/aktuality\/wp-json\/wp\/v2\/pages\/43","targetHints":{"allow":["GET"]}}],"collection":[{"href":"https:\/\/www.sklenarice.com\/aktuality\/wp-json\/wp\/v2\/pages"}],"about":[{"href":"https:\/\/www.sklenarice.com\/aktuality\/wp-json\/wp\/v2\/types\/page"}],"author":[{"embeddable":true,"href":"https:\/\/www.sklenarice.com\/aktuality\/wp-json\/wp\/v2\/users\/1"}],"replies":[{"embeddable":true,"href":"https:\/\/www.sklenarice.com\/aktuality\/wp-json\/wp\/v2\/comments?post=43"}],"version-history":[{"count":2,"href":"https:\/\/www.sklenarice.com\/aktuality\/wp-json\/wp\/v2\/pages\/43\/revisions"}],"predecessor-version":[{"id":717,"href":"https:\/\/www.sklenarice.com\/aktuality\/wp-json\/wp\/v2\/pages\/43\/revisions\/717"}],"up":[{"embeddable":true,"href":"https:\/\/www.sklenarice.com\/aktuality\/wp-json\/wp\/v2\/pages\/29"}],"wp:attachment":[{"href":"https:\/\/www.sklenarice.com\/aktuality\/wp-json\/wp\/v2\/media?parent=43"}],"curies":[{"name":"wp","href":"https:\/\/api.w.org\/{rel}","templated":true}]}}