{"id":51,"date":"2014-08-16T16:02:49","date_gmt":"2014-08-16T14:02:49","guid":{"rendered":"http:\/\/www.sklenarice.com\/?page_id=51"},"modified":"2015-01-10T23:06:52","modified_gmt":"2015-01-10T22:06:52","slug":"164-mexiko","status":"publish","type":"page","link":"https:\/\/www.sklenarice.com\/aktuality\/historie\/historie-staveni\/164-mexiko\/","title":{"rendered":"164 &#8211; Mexiko"},"content":{"rendered":"<p style=\"text-align: justify;\">Hostinec Mexiko byl postaven roku 1867. Byla to prvn\u00ed stavba na &#8220;Trhovici&#8221; p\u0159i nov\u00e9 silnici. A pr\u00e1v\u011b kdy\u017e tesa\u0159i zvedali vazbu, do\u0161la zpr\u00e1va o zast\u0159elen\u00ed c\u00edsa\u0159e Maxmili\u00e1na dne 19.6.1867 v Querataru v Mexiku. A tak stavba byla podle toho hned nazv\u00e1na.<br \/>\nProto\u017ee si hostinec zachoval sv\u016fj p\u016fvodn\u00ed r\u00e1z, poslou\u017eila ji\u017e n\u011bkolikr\u00e1t jako interi\u00e9r p\u0159i nat\u00e1\u010den\u00ed mnoha \u010desk\u00fdch film\u016f jako nap\u0159\u00edklad Krakono\u0161 a ly\u017en\u00edci, Cena medu, Zapomenut\u00e9 sv\u011btlo, Noc smaragdov\u00e9ho m\u011bs\u00edce nebo Sn\u011bhov\u00e1 kr\u00e1lovna.<br \/>\nV sou\u010dasn\u00e9 dob\u011b, tj. v roce 2014, hostinec provozuje Du\u0161an Ka\u0161\u0165\u00e1k. Hospoda funguje hlavn\u011b p\u0159es zimu, kdy tu jsou n\u00e1valy ly\u017ea\u0159\u016f a pak p\u0159es l\u00e9to, kdy\u017e je tu zase spousta luf\u0165\u00e1k\u016f na pr\u00e1zdnin\u00e1ch.<br \/>\nV l\u00e9t\u011b se taky d\u00e1 sed\u011bt venku a d\u00edvat se na hory, na Kotel a Lysou horu, co\u017e je fajn pro proj\u00ed\u017ed\u011bj\u00edc\u00ed cyklisty, co sem p\u0159ijdou na &#8220;limon\u00e1du&#8221;. U\u017e spoustu let se tu to\u010d\u00ed hlineck\u00e9 pivo Rycht\u00e1\u0159, celkem dost dobr\u00e1 volba. I kdy\u017e Svijany by na\u0161emu kraji slu\u0161ely l\u00edp! Co je na hostinci Mexiko tot\u00e1ln\u011b dobr\u00fd je to, \u017ee je neku\u0159\u00e1ck\u00e1! A to se v na\u0161ich kon\u010din\u00e1ch moc nevid\u00ed.<\/p>\n<p style=\"text-align: justify;\"><img decoding=\"async\" class=\"ngg-singlepic ngg-none\" src=\"http:\/\/www.sklenarice.com\/wp-content\/gallery\/barevne-foceno-digitalem\/g040613049.jpg\" alt=\"Mexiko\" \/><\/p>\n","protected":false},"excerpt":{"rendered":"<p>Hostinec Mexiko byl postaven roku 1867. Byla to prvn\u00ed stavba na &#8220;Trhovici&#8221; p\u0159i nov\u00e9 silnici. A pr\u00e1v\u011b kdy\u017e tesa\u0159i zvedali vazbu, do\u0161la zpr\u00e1va o zast\u0159elen\u00ed c\u00edsa\u0159e Maxmili\u00e1na dne 19.6.1867 v Querataru v Mexiku. A tak stavba byla podle toho hned nazv\u00e1na. Proto\u017ee si hostinec zachoval sv\u016fj p\u016fvodn\u00ed r\u00e1z, poslou\u017eila ji\u017e n\u011bkolikr\u00e1t jako interi\u00e9r p\u0159i nat\u00e1\u010den\u00ed [&hellip;]<\/p>\n","protected":false},"author":1,"featured_media":0,"parent":47,"menu_order":0,"comment_status":"closed","ping_status":"closed","template":"","meta":{"ngg_post_thumbnail":0,"footnotes":""},"class_list":["post-51","page","type-page","status-publish","hentry"],"yoast_head":"<!-- This site is optimized with the Yoast SEO plugin v27.5 - https:\/\/yoast.com\/product\/yoast-seo-wordpress\/ -->\n<title>164 - Mexiko - Sklena\u0159ice<\/title>\n<meta name=\"robots\" content=\"index, follow, max-snippet:-1, max-image-preview:large, max-video-preview:-1\" \/>\n<link rel=\"canonical\" href=\"https:\/\/www.sklenarice.com\/aktuality\/historie\/historie-staveni\/164-mexiko\/\" \/>\n<meta property=\"og:locale\" content=\"cs_CZ\" \/>\n<meta property=\"og:type\" content=\"article\" \/>\n<meta property=\"og:title\" content=\"164 - Mexiko - Sklena\u0159ice\" \/>\n<meta property=\"og:description\" content=\"Hostinec Mexiko byl postaven roku 1867. Byla to prvn\u00ed stavba na &#8220;Trhovici&#8221; p\u0159i nov\u00e9 silnici. A pr\u00e1v\u011b kdy\u017e tesa\u0159i zvedali vazbu, do\u0161la zpr\u00e1va o zast\u0159elen\u00ed c\u00edsa\u0159e Maxmili\u00e1na dne 19.6.1867 v Querataru v Mexiku. A tak stavba byla podle toho hned nazv\u00e1na. Proto\u017ee si hostinec zachoval sv\u016fj p\u016fvodn\u00ed r\u00e1z, poslou\u017eila ji\u017e n\u011bkolikr\u00e1t jako interi\u00e9r p\u0159i nat\u00e1\u010den\u00ed [&hellip;]\" \/>\n<meta property=\"og:url\" content=\"https:\/\/www.sklenarice.com\/aktuality\/historie\/historie-staveni\/164-mexiko\/\" \/>\n<meta property=\"og:site_name\" content=\"Sklena\u0159ice\" \/>\n<meta property=\"article:publisher\" content=\"https:\/\/www.facebook.com\/sklenky\/\" \/>\n<meta property=\"article:modified_time\" content=\"2015-01-10T22:06:52+00:00\" \/>\n<meta property=\"og:image\" content=\"http:\/\/www.sklenarice.com\/wp-content\/gallery\/barevne-foceno-digitalem\/g040613049.jpg\" \/>\n<meta name=\"twitter:card\" content=\"summary_large_image\" \/>\n<meta name=\"twitter:label1\" content=\"Odhadovan\u00e1 doba \u010dten\u00ed\" \/>\n\t<meta name=\"twitter:data1\" content=\"1 minuta\" \/>\n<script type=\"application\/ld+json\" class=\"yoast-schema-graph\">{\"@context\":\"https:\\\/\\\/schema.org\",\"@graph\":[{\"@type\":\"WebPage\",\"@id\":\"https:\\\/\\\/www.sklenarice.com\\\/aktuality\\\/historie\\\/historie-staveni\\\/164-mexiko\\\/\",\"url\":\"https:\\\/\\\/www.sklenarice.com\\\/aktuality\\\/historie\\\/historie-staveni\\\/164-mexiko\\\/\",\"name\":\"164 - Mexiko - Sklena\u0159ice\",\"isPartOf\":{\"@id\":\"https:\\\/\\\/www.sklenarice.com\\\/aktuality\\\/#website\"},\"primaryImageOfPage\":{\"@id\":\"https:\\\/\\\/www.sklenarice.com\\\/aktuality\\\/historie\\\/historie-staveni\\\/164-mexiko\\\/#primaryimage\"},\"image\":{\"@id\":\"https:\\\/\\\/www.sklenarice.com\\\/aktuality\\\/historie\\\/historie-staveni\\\/164-mexiko\\\/#primaryimage\"},\"thumbnailUrl\":\"http:\\\/\\\/www.sklenarice.com\\\/wp-content\\\/gallery\\\/barevne-foceno-digitalem\\\/g040613049.jpg\",\"datePublished\":\"2014-08-16T14:02:49+00:00\",\"dateModified\":\"2015-01-10T22:06:52+00:00\",\"breadcrumb\":{\"@id\":\"https:\\\/\\\/www.sklenarice.com\\\/aktuality\\\/historie\\\/historie-staveni\\\/164-mexiko\\\/#breadcrumb\"},\"inLanguage\":\"cs\",\"potentialAction\":[{\"@type\":\"ReadAction\",\"target\":[\"https:\\\/\\\/www.sklenarice.com\\\/aktuality\\\/historie\\\/historie-staveni\\\/164-mexiko\\\/\"]}]},{\"@type\":\"ImageObject\",\"inLanguage\":\"cs\",\"@id\":\"https:\\\/\\\/www.sklenarice.com\\\/aktuality\\\/historie\\\/historie-staveni\\\/164-mexiko\\\/#primaryimage\",\"url\":\"http:\\\/\\\/www.sklenarice.com\\\/wp-content\\\/gallery\\\/barevne-foceno-digitalem\\\/g040613049.jpg\",\"contentUrl\":\"http:\\\/\\\/www.sklenarice.com\\\/wp-content\\\/gallery\\\/barevne-foceno-digitalem\\\/g040613049.jpg\"},{\"@type\":\"BreadcrumbList\",\"@id\":\"https:\\\/\\\/www.sklenarice.com\\\/aktuality\\\/historie\\\/historie-staveni\\\/164-mexiko\\\/#breadcrumb\",\"itemListElement\":[{\"@type\":\"ListItem\",\"position\":1,\"name\":\"Dom\u016f\",\"item\":\"https:\\\/\\\/www.sklenarice.com\\\/aktuality\\\/\"},{\"@type\":\"ListItem\",\"position\":2,\"name\":\"Historie\",\"item\":\"https:\\\/\\\/www.sklenarice.com\\\/aktuality\\\/historie\\\/\"},{\"@type\":\"ListItem\",\"position\":3,\"name\":\"Historie staven\u00ed\",\"item\":\"https:\\\/\\\/www.sklenarice.com\\\/aktuality\\\/historie\\\/historie-staveni\\\/\"},{\"@type\":\"ListItem\",\"position\":4,\"name\":\"164 &#8211; Mexiko\"}]},{\"@type\":\"WebSite\",\"@id\":\"https:\\\/\\\/www.sklenarice.com\\\/aktuality\\\/#website\",\"url\":\"https:\\\/\\\/www.sklenarice.com\\\/aktuality\\\/\",\"name\":\"Sklena\u0159ice\",\"description\":\"str\u00e1nky obce z podh\u016f\u0159\u00ed Krkono\u0161 a Jizersk\u00fdch hor\",\"potentialAction\":[{\"@type\":\"SearchAction\",\"target\":{\"@type\":\"EntryPoint\",\"urlTemplate\":\"https:\\\/\\\/www.sklenarice.com\\\/aktuality\\\/?s={search_term_string}\"},\"query-input\":{\"@type\":\"PropertyValueSpecification\",\"valueRequired\":true,\"valueName\":\"search_term_string\"}}],\"inLanguage\":\"cs\"}]}<\/script>\n<!-- \/ Yoast SEO plugin. -->","yoast_head_json":{"title":"164 - Mexiko - Sklena\u0159ice","robots":{"index":"index","follow":"follow","max-snippet":"max-snippet:-1","max-image-preview":"max-image-preview:large","max-video-preview":"max-video-preview:-1"},"canonical":"https:\/\/www.sklenarice.com\/aktuality\/historie\/historie-staveni\/164-mexiko\/","og_locale":"cs_CZ","og_type":"article","og_title":"164 - Mexiko - Sklena\u0159ice","og_description":"Hostinec Mexiko byl postaven roku 1867. Byla to prvn\u00ed stavba na &#8220;Trhovici&#8221; p\u0159i nov\u00e9 silnici. A pr\u00e1v\u011b kdy\u017e tesa\u0159i zvedali vazbu, do\u0161la zpr\u00e1va o zast\u0159elen\u00ed c\u00edsa\u0159e Maxmili\u00e1na dne 19.6.1867 v Querataru v Mexiku. A tak stavba byla podle toho hned nazv\u00e1na. Proto\u017ee si hostinec zachoval sv\u016fj p\u016fvodn\u00ed r\u00e1z, poslou\u017eila ji\u017e n\u011bkolikr\u00e1t jako interi\u00e9r p\u0159i nat\u00e1\u010den\u00ed [&hellip;]","og_url":"https:\/\/www.sklenarice.com\/aktuality\/historie\/historie-staveni\/164-mexiko\/","og_site_name":"Sklena\u0159ice","article_publisher":"https:\/\/www.facebook.com\/sklenky\/","article_modified_time":"2015-01-10T22:06:52+00:00","og_image":[{"url":"http:\/\/www.sklenarice.com\/wp-content\/gallery\/barevne-foceno-digitalem\/g040613049.jpg","type":"","width":"","height":""}],"twitter_card":"summary_large_image","twitter_misc":{"Odhadovan\u00e1 doba \u010dten\u00ed":"1 minuta"},"schema":{"@context":"https:\/\/schema.org","@graph":[{"@type":"WebPage","@id":"https:\/\/www.sklenarice.com\/aktuality\/historie\/historie-staveni\/164-mexiko\/","url":"https:\/\/www.sklenarice.com\/aktuality\/historie\/historie-staveni\/164-mexiko\/","name":"164 - Mexiko - Sklena\u0159ice","isPartOf":{"@id":"https:\/\/www.sklenarice.com\/aktuality\/#website"},"primaryImageOfPage":{"@id":"https:\/\/www.sklenarice.com\/aktuality\/historie\/historie-staveni\/164-mexiko\/#primaryimage"},"image":{"@id":"https:\/\/www.sklenarice.com\/aktuality\/historie\/historie-staveni\/164-mexiko\/#primaryimage"},"thumbnailUrl":"http:\/\/www.sklenarice.com\/wp-content\/gallery\/barevne-foceno-digitalem\/g040613049.jpg","datePublished":"2014-08-16T14:02:49+00:00","dateModified":"2015-01-10T22:06:52+00:00","breadcrumb":{"@id":"https:\/\/www.sklenarice.com\/aktuality\/historie\/historie-staveni\/164-mexiko\/#breadcrumb"},"inLanguage":"cs","potentialAction":[{"@type":"ReadAction","target":["https:\/\/www.sklenarice.com\/aktuality\/historie\/historie-staveni\/164-mexiko\/"]}]},{"@type":"ImageObject","inLanguage":"cs","@id":"https:\/\/www.sklenarice.com\/aktuality\/historie\/historie-staveni\/164-mexiko\/#primaryimage","url":"http:\/\/www.sklenarice.com\/wp-content\/gallery\/barevne-foceno-digitalem\/g040613049.jpg","contentUrl":"http:\/\/www.sklenarice.com\/wp-content\/gallery\/barevne-foceno-digitalem\/g040613049.jpg"},{"@type":"BreadcrumbList","@id":"https:\/\/www.sklenarice.com\/aktuality\/historie\/historie-staveni\/164-mexiko\/#breadcrumb","itemListElement":[{"@type":"ListItem","position":1,"name":"Dom\u016f","item":"https:\/\/www.sklenarice.com\/aktuality\/"},{"@type":"ListItem","position":2,"name":"Historie","item":"https:\/\/www.sklenarice.com\/aktuality\/historie\/"},{"@type":"ListItem","position":3,"name":"Historie staven\u00ed","item":"https:\/\/www.sklenarice.com\/aktuality\/historie\/historie-staveni\/"},{"@type":"ListItem","position":4,"name":"164 &#8211; Mexiko"}]},{"@type":"WebSite","@id":"https:\/\/www.sklenarice.com\/aktuality\/#website","url":"https:\/\/www.sklenarice.com\/aktuality\/","name":"Sklena\u0159ice","description":"str\u00e1nky obce z podh\u016f\u0159\u00ed Krkono\u0161 a Jizersk\u00fdch hor","potentialAction":[{"@type":"SearchAction","target":{"@type":"EntryPoint","urlTemplate":"https:\/\/www.sklenarice.com\/aktuality\/?s={search_term_string}"},"query-input":{"@type":"PropertyValueSpecification","valueRequired":true,"valueName":"search_term_string"}}],"inLanguage":"cs"}]}},"_links":{"self":[{"href":"https:\/\/www.sklenarice.com\/aktuality\/wp-json\/wp\/v2\/pages\/51","targetHints":{"allow":["GET"]}}],"collection":[{"href":"https:\/\/www.sklenarice.com\/aktuality\/wp-json\/wp\/v2\/pages"}],"about":[{"href":"https:\/\/www.sklenarice.com\/aktuality\/wp-json\/wp\/v2\/types\/page"}],"author":[{"embeddable":true,"href":"https:\/\/www.sklenarice.com\/aktuality\/wp-json\/wp\/v2\/users\/1"}],"replies":[{"embeddable":true,"href":"https:\/\/www.sklenarice.com\/aktuality\/wp-json\/wp\/v2\/comments?post=51"}],"version-history":[{"count":3,"href":"https:\/\/www.sklenarice.com\/aktuality\/wp-json\/wp\/v2\/pages\/51\/revisions"}],"predecessor-version":[{"id":700,"href":"https:\/\/www.sklenarice.com\/aktuality\/wp-json\/wp\/v2\/pages\/51\/revisions\/700"}],"up":[{"embeddable":true,"href":"https:\/\/www.sklenarice.com\/aktuality\/wp-json\/wp\/v2\/pages\/47"}],"wp:attachment":[{"href":"https:\/\/www.sklenarice.com\/aktuality\/wp-json\/wp\/v2\/media?parent=51"}],"curies":[{"name":"wp","href":"https:\/\/api.w.org\/{rel}","templated":true}]}}