{"id":60,"date":"2014-08-16T16:23:47","date_gmt":"2014-08-16T14:23:47","guid":{"rendered":"http:\/\/www.sklenarice.com\/?page_id=60"},"modified":"2014-08-27T21:15:42","modified_gmt":"2014-08-27T19:15:42","slug":"nejen-k-josefodolske-prehrade","status":"publish","type":"page","link":"https:\/\/www.sklenarice.com\/aktuality\/tipy\/vylety\/nejen-k-josefodolske-prehrade\/","title":{"rendered":"Nejen k Josefodolsk\u00e9 p\u0159ehrad\u011b"},"content":{"rendered":"<div>\n<p style=\"text-align: center;\"><strong>&#8212; ?? km &#8212;<\/strong><\/p>\n<p style=\"text-align: center;\"><b>TRASA: Sklena\u0159ice &#8211; \u010cerm\u00e1kovy Rovn\u011b (2km) &#8211; Rejdice (4km) &#8211; P\u0159\u00edchovice, odb. na \u0160t\u011bp\u00e1nku (7,5km) &#8211; P\u0159\u00edchovice, motorest Beseda (9km) &#8211; Horn\u00ed Polubn\u00fd, kostel (11,5km) &#8211; odb. Sou\u0161 (13,5km) &#8211; Desn\u00e1, odb. Tanvald a Ko\u0159enov (15,2km) &#8211; Desn\u00e1, odb. Albrechtice v Jiz. hor\u00e1ch (17,6km) &#8211; Albrechtice v Jizersk\u00fdch hor\u00e1ch, odb. na \u0160pi\u010d\u00e1k (20km) &#8211; Albrechtice, odb. na Mari\u00e1nskou Horu (20,7km) &#8211; Mari\u00e1nsk\u00e1 Hora, odb. na Mari\u00e1nskohorsk\u00e9 boudy (22km) &#8211; Penzion Alpin (23,3km) &#8211; Anton\u00ednov (25,5km) &#8211; Josef\u016fv D\u016fl, vlakov\u00e9 n\u00e1dra\u017e\u00ed (27km) &#8211; Josef\u016fv D\u016fl, kostel (27,5km) &#8211; Hrab\u011btice, kiosek (31,8km) &#8211; vodn\u00ed n\u00e1dr\u017e Josef\u016fv D\u016fl, budovy (34km) &#8211; Kristi\u00e1nov () &#8211; Rozmez\u00ed () &#8211; Na \u010cihadle () &#8211; zimn\u00ed kiosek () &#8211; k\u0159i\u017eovatka Kas\u00e1rensk\u00e1 silnice, Sou\u0161sk\u00e1 silnice () &#8211; vodn\u00ed n\u00e1dr\u017e Sou\u0161 () &#8211; odb. Sou\u0161 () a zp\u011bt po zn\u00e1m\u00e9 trase do Sklena\u0159ic k Mexiku ().<\/b><\/p>\n<p><i>Horsk\u00e1 trasa s opakovan\u00fdm nab\u00edr\u00e1n\u00edm a ztr\u00e1cen\u00edm nadmo\u0159sk\u00e9 v\u00fd\u0161ky &#8211; n\u00e1ro\u010dn\u00e1 trasa<\/i><\/p>\n<p style=\"text-align: justify;\">Z k\u0159i\u017eovatky p\u0159ed Mexikem se vyd\u00e1me vzh\u016fru do m\u00edrn\u00e9ho kopce sm\u011brem na P\u0159\u00edchovice. P\u0159ipravme se na cca 6 km \u0161lap\u00e1n\u00ed do ped\u00e1l\u016f, ale ne n\u011bjak zvl\u00e1\u0161\u0165 n\u00e1ro\u010dn\u00e9ho. Hned v prvn\u00edm kilometru m\u00edj\u00edme samotu &#8220;Amerika&#8221;, je to nyn\u00ed ji\u017e opravovan\u00fd domek po prav\u00e9 stran\u011b. Asi po kilometru cesty do kopce se ter\u00e9n narovn\u00e1, co\u017e znamen\u00e1, \u017ee jsme se ocitli na \u010cerm\u00e1kov\u00fdch Rovn\u00edch, sou\u010d\u00e1sti Sklena\u0159ic. Mineme odbo\u010dku do Pasek nad Jizerou a j\u00edzdu na rovince vyu\u017eijeme k pohledu na Kotel a Lysou horu a pod nimi na Rokytnici nad Jizerou. Kdy\u017e se dostate\u010dn\u011b naba\u017e\u00edme tohoto kr\u00e1sn\u00e9ho pohledu, pokra\u010dujeme d\u00e1le po silnici ji\u017e zase do m\u00edrn\u00e9ho kopce.<br \/>\nKdy\u017e vyjedem z lesa a m\u00e1me \u0161t\u011bst\u00ed na po\u010das\u00ed, m\u016f\u017eeme se zase hezky rozhl\u00eddnout po okol\u00ed. Ale to u\u017e budeme m\u00edt v noh\u00e1ch 4,5 km, a octneme se ji\u017e v obci zvan\u00e9 Rejdice. Hned na jej\u00edm za\u010d\u00e1tku m\u00edj\u00edme hostinec Espero, na konci zase penzion Agros. Rejdice n\u00e1m poskytuj\u00ed pohled na opa\u010dnou stranu, ne\u017e tomu bylo na Rovn\u00edch. A tak se m\u016f\u017eeme kochat pohledy na Jizersk\u00e9 hory, konkr\u00e9tn\u011bji t\u0159eba na Tanvald a jeho \u0160pi\u010d\u00e1k, rozhlednu \u010cern\u00e1 Studnice a nebo t\u0159eba i Je\u0161t\u011bd. U penzionu Agros p\u0159ijde ji\u017e asi tolik o\u010dek\u00e1v\u00e1n\u00e9 narovn\u00e1n\u00ed ter\u00e9nu, po 5,2 kilometrech ur\u010dit\u011b zaslou\u017een\u00e9 a a\u017e do P\u0159\u00edchovic se ji\u017e dostaneme jen s nepatrn\u00fdm \u00fasil\u00edm. Rovina si asi po kilometru d\u00e1 \u0159\u00edct a zm\u011bn\u00ed se v kles\u00e1n\u00ed, kter\u00e9 je dlouh\u00e9 n\u011bkolik kilometr\u016f. Do P\u0159\u00edchovic m\u016f\u017eeme tedy p\u0159ijet ji\u017e ve zna\u010dn\u00e9 rychlosti, ale mo\u017en\u00e1 by to byla \u0161koda, proto\u017ee ji\u017e p\u0159ed nimi se m\u016f\u017eeme op\u011bt rozhl\u00e9dnout do jizerskohorsk\u00e9 krajiny, nyn\u00ed je v\u0161ak obzor mnohem \u0161ir\u0161\u00ed. Kdy\u017e mineme odbo\u010dku na rozhlednu \u0160t\u011bp\u00e1nka, na kterou to je odsud necel\u00fd kilometr, sledujeme hlavn\u011b t\u00e9m\u011b\u0159 na obzoru \u00fadoln\u00ed n\u00e1dr\u017e Sou\u0161 a v d\u00e1lce za n\u00ed t\u0159et\u00ed nejvy\u0161\u0161\u00ed vrchol Jizersk\u00fdch hor Jizeru (1122 m.n.m.), s jej\u00edmi typick\u00fdmi skaln\u00edmi \u00fatvary na vrcholku. St\u00e1le pad\u00e1me do \u00fadol\u00ed, a\u017e k motorestu Beseda. Za motorestem zahneme doprava, jedeme asi 100 metr\u016f a pak odbo\u010dujeme doleva. Ji\u017e po rovin\u011b a pak z kopce se dostaneme do Polubn\u00e9ho, cestou sledujeme po prav\u00e9 stran\u011b nikdy nepou\u017eit\u00e1 opevn\u011bn\u00ed proti ve t\u0159ic\u00e1t\u00fdch letech se rozp\u00ednaj\u00edc\u00edmu N\u011bmecku. V Polubn\u00e9m u kostela odbo\u010d\u00edme vlevo, po dvou stech metrech m\u00edj\u00edme odbo\u010dku na B\u00edlou vydru, kam se pod\u00edv\u00e1me zase jindy, a sm\u011b\u0159ujeme z kopce dol\u016f, kde op\u011bt bez pov\u0161imnut\u00ed m\u00edj\u00edme odbo\u010dku k N\u00fd\u010dov\u00fdm domk\u016fm a nebo odbo\u010dku k vodn\u00ed n\u00e1dr\u017ei Sou\u0161. T\u00edmto nev\u0161\u00edmav\u00fdm zp\u016fsobem se dostaneme a\u017e na k\u0159i\u017eovatku v Desn\u00e9, kter\u00e1 n\u00e1m umo\u017e\u0148uje se vr\u00e1tit zp\u00e1tky k motorestu Beseda, ale my m\u00e1me nam\u00ed\u0159eno jinam, tedy odbo\u010dujeme vpravo a vychutn\u00e1v\u00e1me pon\u011bkud siln\u011bj\u0161\u00ed provoz na t\u00e9to ru\u0161n\u00e9 komunikaci a hlavn\u011b p\u0159\u00edjemn\u00e9 kles\u00e1n\u00ed, kter\u00e9 ukon\u010d\u00edme, kdy\u017e odbo\u010d\u00edme vpravo na Albrechtice. To jsme ji\u017e minuli tov\u00e1rnu na kor\u00e1lky Ornelu, divizi Desensk\u00e9 skl\u00e1rny. Stoup\u00e1n\u00ed do Albrechtic n\u00e1m jist\u011b zp\u0159\u00edjemn\u00ed \u017eelezni\u010dn\u00ed p\u0159ejezd a nebo po chv\u00edli i mo\u017enost kr\u00e1sn\u00e9ho rozhledu na zdej\u0161\u00ed kraj, proto\u017ee stoup\u00e1n\u00ed je zde opravdu strm\u00e9. Ale neboj\u00edme se vlka nic a po necel\u00fdch 2,5 kilometrech jsme v Albrechtic\u00edch, dokonce p\u0159ed odbo\u010dkou na \u0160pi\u010d\u00e1k. Na ten \u0160pi\u010d\u00e1k u\u017e by to zase nebyla a\u017e takov\u00e1 hr\u016fza, ale my rad\u011bji nech\u00e1me noh\u00e1m odpo\u010dinout a n\u011bkolik metr\u016f kles\u00e1me Albrechticemi. Neodpo\u010d\u00edv\u00e1me v\u0161ak dlouho a jakmile uvid\u00edme odbo\u010dku vpravo na Mari\u00e1nskou Horu, nev\u00e1h\u00e1me a d\u00e1v\u00e1me znamen\u00ed o zm\u011bn\u011b sm\u011bru j\u00edzdy. Stoup\u00e1me, na\u0161t\u011bst\u00ed v\u0161ak ne zdaleka a\u017e na Mari\u00e1nskou horu, ale jen do m\u00edsta zvan\u00e9ho Mari\u00e1nsk\u00e1 hora, osad\u011b n\u011bkdej\u0161\u00edch brusi\u010d\u016f. V\u0161ak n\u00e1m to sta\u010d\u00ed a nemus\u00edme se moc p\u0159emlouvat, abysme po 1,5 kilometru stoup\u00e1n\u00ed nevydali sm\u011brem na Mari\u00e1nskohorsk\u00e9 boudy, ale pokra\u010dovali nejd\u0159\u00edve po vrstevnici a potom i z kopce do Anton\u00ednova. Nezapomeneme se v\u0161ak t\u0159eba u penzionu Alpin rozhl\u00e9dnout po okol\u00ed, proto\u017ee odsud je opravdu tanvaldsk\u00fd \u0160pi\u010d\u00e1k s rozhlednou jako na dlani, o \u00fadol\u00ed pod n\u00edm ani nemluv\u00edm. A\u017e sem to zat\u00edm bylo 23,3 kilometru. Dal\u0161\u00ed dva m\u00e1me v noh\u00e1ch velmi lehce, proto\u017ee a\u017e do Anton\u00ednova to je p\u011bkn\u011b z kope\u010dka.<br \/>\nAle Anton\u00ednov, to je vlastn\u011b u\u017e &#8220;p\u0159edm\u011bst\u00ed&#8221; Josefova Dolu a my jsme tam po rovn\u00e9 silni\u010dce opravdu za chvili\u010dku. V t\u00e9to obci se starou skl\u00e1\u0159skou tradic\u00ed nejd\u0159\u00edve m\u00edj\u00edme pilu, pak p\u0159ejedeme \u017eelezni\u010dn\u00ed p\u0159ejezd a za n\u00edm odbo\u010d\u00edme doprava. Jsme vlastn\u011b na vlakov\u00e9m n\u00e1dra\u017e\u00ed a odtud pak je to jen p\u016fl kilometru k dominantn\u00ed pam\u00e1tce obce k jednolodn\u00edmu pseudogotick\u00e9mu kostelu Prom\u011bn\u011bn\u00ed P\u00e1n\u011b z let 1862-65. Ty l\u00e9ta jsou na n\u011bm p\u011bkn\u011b zn\u00e1t &#8230; \ud83d\ude42 Abych nezapomn\u011bl, ta \u0159eka, co se tu kolem vyskytuje, je Kamenice a je nap\u00e1jena z Josefodolsk\u00e9 p\u0159ehrady, kam vlastn\u011b sm\u011b\u0159ujeme. Pokra\u010dujeme tedy Josefov\u00fdm Dolem jakoby sm\u011brem na Bed\u0159ichov. To znamen\u00e1, \u017ee po shl\u00e9dnut\u00ed kostela, pokra\u010dujeme st\u00e1le rovn\u011b a\u017e pak odbo\u010d\u00edme p\u0159es Kamenici a vyd\u00e1me se asi na t\u0159\u00edkilometrov\u00e9 stoup\u00e1n\u00ed, kter\u00e9 n\u00e1m ur\u010dit\u011b vezme hodn\u011b sil a je\u0161t\u011b r\u00e1di naho\u0159e v Hrab\u011btic\u00edch u st\u00e1nku vyu\u017eijeme mo\u017enosti ob\u010derstven\u00ed. V\u0161ak u\u017e m\u00e1me za sebou 32 kilometr\u016f. Cestou nahoru projedeme osadou zvanou Karlov, kde z\u00e1sadn\u011b neodbo\u010dujeme vlevo. U st\u00e1nku naho\u0159e v Hrab\u011btic\u00edch m\u016f\u017eeme v klidu pop\u0159em\u00fd\u0161let, jestli nezm\u011bn\u00edme \u00famysly a nepod\u00edv\u00e1me se na bl\u00edzk\u00e9 hledny Kr\u00e1lovka (sm\u011br Bed\u0159ichov) a nebo Slovanka (sm\u011br Janov nad Nisou). Dokonce kdy\u017e se zamysl\u00edme je\u0161t\u011b v\u00edc, zjist\u00edme, \u017ee by v dosahu byly je\u0161t\u011b rozhledny Bramberk a vlastn\u011b i \u010cern\u00e1 Studnice, co\u017e by v n\u00e1s s p\u0159ihl\u00e9dnut\u00edm na m\u00edjen\u00ed rozhleden \u0160t\u011bp\u00e1nka a \u0160pi\u010d\u00e1k mohlo vyvolat dojem, \u017ee m\u00e1me n\u00e1pad na dal\u0161\u00ed skv\u011blou cyklistickou trasu, kter\u00e1 by si vzala za c\u00edl nem\u00edjet tyto rozhledny, ale naopak, nav\u0161t\u00edvit je a rozhl\u00e9dnout se po krajin\u011b pon\u011bkud s nadhledem. Nech\u00e1me tento n\u00e1pad ule\u017eet a vyd\u00e1v\u00e1me se k vod\u011b. To jest u kiosku odbo\u010d\u00edme vpravo, po 100 metrech zase vpravo a pak u\u017e jen rovn\u011b za nosem. Ale pozor, abysme si ho po zvln\u011bn\u00e9 chvilce ve strm\u00e9m kles\u00e1n\u00ed k p\u0159ehrad\u011b nerozbili &#8230; A jsme tu, u nejv\u011bt\u0161\u00ed \u00fadoln\u00ed n\u00e1dr\u017ee Jizersk\u00fdch hor, obklopen\u00e9 Kamenick\u00fdmi lesy, kter\u00e9 zde dotv\u00e1\u0159ej\u00ed opravdu romantickou scen\u00e9rii a nediv\u00edme se pak, \u017ee je zdej\u0161\u00ed n\u00e1dr\u017e n\u011bkdy p\u0159irovn\u00e1v\u00e1na ke kanadsk\u00fdm jezer\u016fm. Tato p\u0159ehrada byla vybudov\u00e1na v letech 1976-82, dv\u011b sypan\u00e9 44 metry vysok\u00e9 hr\u00e1ze zadr\u017euj\u00ed 23 mili\u00f3n\u016f krychlov\u00fdch metr\u016f vody, kter\u00e9 by jist\u011b vykonaly sv\u00e9, kdyby se m\u011bly prohnat Josefodolsk\u00fdm \u00fadol\u00edm, kam je odsud dobr\u00fd v\u00fdhled. Odb\u011brn\u00e1 v\u011b\u017e uprost\u0159ed vody je propojena podzemn\u00ed \u0161tolou s \u00fapravnou vody v Bed\u0159ichov\u011b. Tato \u0161tola je m\u00edsty a\u017e 130 metr\u016f pod zem\u00ed a proud\u00ed j\u00ed voda ur\u010den\u00e1 pro pit\u00ed na Liberecku, z \u010deho\u017e plyne, \u017ee koupat se z\u0159ejm\u011b nebudeme.<br \/>\nProjedeme po vrcholu hr\u00e1ze a na jej\u00edm konci se napoj\u00edme na \u017elutou turistickou trasu, kter\u00e1 vede jednak zp\u00e1tky dol\u016f do Josefova Dolu a &#8220;druhak&#8221; do Kristi\u00e1nova. Jedeme st\u00e1le po \u017elut\u00e9, nenech\u00e1me se sv\u00e9st cestou sm\u011b\u0159uj\u00edc\u00ed kolem p\u0159ehrady a zabo\u010d\u00edme tedy do lesa, kde budeme muset \u017elutou barvu opustit, abychom l\u00e9pe to v sedle zvl\u00e1dli a nemuseli jsme kolo tla\u010dit. Ten &#8220;bezbarv\u00fd&#8221; kus cesty v pohod\u011b zvl\u00e1dneme a hned jak p\u0159ijedeme na cestu zna\u010denou mod\u0159e, d\u00e1me se doprava a stoup\u00e1me a\u017e do Kristi\u00e1nova, odlehl\u00e9 osady, kter\u00e1 je slavn\u00fdm skl\u00e1\u0159sk\u00fdm m\u00edstem. Kristi\u00e1nov se stal koncem 18. a v polovin\u011b 19.stolet\u00ed sv\u011btem s\u00e1m pro sebe, byl zde vysv\u011bcen h\u0159bitov, \u017eil zde i katolick\u00fd duchovn\u00ed, v roce 1846 dostaly kristi\u00e1novsk\u00e9 d\u011bti \u0161kolu, &#8230; \u017dily zde cel\u00e9 generace skl\u00e1\u0159sk\u00fdch d\u011bln\u00edk\u016f, ale i skl\u00e1\u0159sk\u00e1 sl\u00e1va Kristi\u00e1nova jednou skon\u010dila, proto\u017ee zde doch\u00e1zelo d\u0159\u00edv\u00ed, za\u010dala se prosazovat technologie vyt\u00e1p\u011bn\u00ed pec\u00ed plynem a na \u0161kodu byla i velk\u00e1 odlehlost t\u00e9to osady. Roku 1882 zde byla zastavena skl\u00e1\u0159sk\u00e1 v\u00fdroba a \u00faplnou zk\u00e1zu Kristi\u00e1novu p\u0159inesl roku 1887 po\u017e\u00e1r, kter\u00fd zni\u010dil hu\u0165, \u0161kolu i chalupy skl\u00e1\u0159\u016f. Dodnes tu zbyla jen myslivna z roku 1866 a b\u00fdval\u00e1 skl\u00e1\u0159sk\u00e1 hospoda, zn\u00e1m\u00e1 pod jm\u00e9nem Li\u0161\u010d\u00ed bouda, kde je expozice skl\u00e1\u0159stv\u00ed a p\u0159\u00edrody Jizersk\u00fdch hor s modelem star\u00e9ho Kristi\u00e1nova.<br \/>\nKdy\u017e si pat\u0159i\u010dn\u011b zavzpom\u00edn\u00e1me na star\u00e9 skl\u00e1\u0159sk\u00e9 \u010dasy, nadejde \u010das v\u00fdstupu na vrcholky Jizersk\u00fdch hor a my tedy pokra\u010dujeme st\u00e1le po modr\u00e9 turistick\u00e9 zna\u010dce, Kristi\u00e1novsk\u00e9 cest\u011b a to po\u0159\u00e1dn\u011b do kopce. Dostaneme se a\u017e na zn\u00e1mou k\u0159i\u017eovatku turistick\u00fdch cest Rozmez\u00ed, co\u017e je nejvy\u0161\u0161\u00ed m\u00edsto Kristi\u00e1novsk\u00e9 silnice a ur\u010dit\u011b n\u00e1s zah\u0159eje u srdce, \u017ee na\u0161e nadmo\u0159sk\u00e1 v\u00fd\u0161ka je t\u00e9me\u0159 1000 m.n.m. Pokra\u010dujeme st\u00e1le po modr\u00e9 a koch\u00e1me se rozhledy na okoln\u00ed &#8220;tis\u00edcovky&#8221; jako jsou \u010cern\u00e1 hora, Sn\u011b\u017en\u00e9 v\u011b\u017ei\u010dky a nebo t\u0159et\u00ed nejvy\u0161\u0161\u00ed vrchol Jizersk\u00fdch hor Jizera (1122 m.n.m.), ke kter\u00e9 v podstat\u011b sm\u011b\u0159ujeme. A to tak, \u017ee se bl\u00edzko m\u00edsta, kde se \u0159\u00edk\u00e1 na \u010cihadle, napoj\u00edme na \u0160tolpi\u0161skou silnici a jedeme sm\u011brem na Sm\u011bdavu, tedy doprava. Doleva by to bylo pr\u00e1v\u011b na \u010cihadla, nejzn\u00e1m\u011bj\u0161\u00edmu vrchovi\u0161ti Jizersk\u00fdch hor s vyhl\u00eddkovou v\u011b\u017e\u00ed a a s nejv\u011bt\u0161\u00edm po\u010dtem ra\u0161elinn\u00fdch ok. Dostaneme se a\u017e k zimn\u00edmu kiosku, kter\u00fd funguje i v l\u00e9t\u011b a z\u0159ejm\u011b se i ob\u010derstv\u00edme po n\u00e1ro\u010dn\u00e9m v\u00fdstupu. Kamenit\u00fd vrchol Jizery je ji\u017e na dosah, ale proto\u017ee na kole se d\u00e1 nahoru dostat jen t\u011b\u017eko a my m\u00e1me svoje za sebou, vol\u00edme nejkrat\u0161\u00ed cestu dom\u016f. Vyraz\u00edme tedy po Kas\u00e1rensk\u00e9 silnici, co\u017e je odbo\u010den\u00ed doprava ze \u0160tolpi\u0161sk\u00e9 silnice. Vychutn\u00e1v\u00e1me cestu po vrstevnici a pak z kopce. Dojedeme a\u017e na Sou\u0161skou silnici, kde odbo\u010d\u00edme zase doprava a kles\u00e1me vlastn\u011b a\u017e k vodn\u00ed n\u00e1dr\u017ei na \u010cern\u00e9 Desn\u00e9 &#8211; Sou\u0161i. Je to divn\u00e9, ale kles\u00e1me tak\u00e9 k jednomu z vrchol\u016f dne\u0161n\u00ed cesty. Mus\u00ed se to vid\u011bt, popisuje se to t\u011b\u017eko. V t\u00e9to lokalit\u011b se zdr\u017eujeme vylu\u010dov\u00e1n\u00ed \u010dehokoliv, nechceme p\u0159ece otr\u00e1vit lidi v Jablonci nad Nisou, kam se odsud dod\u00e1v\u00e1 pitn\u00e1 voda a tedy bohu\u017eel op\u011bt mus\u00edme zapomenout i na koup\u00e1n\u00ed. Taky by n\u00e1s pak mohl n\u011bkdo p\u011bkn\u011b zkoupat. \ud83d\ude42 Opust\u00edme rovinu kolem p\u0159ehrady, kter\u00e1 byla vybudov\u00e1na v letech 1912-15. Jej\u00ed zlobiv\u011bj\u0161\u00ed sestra zbudovan\u00e1 ve stejn\u00fdch letech tak\u00e9 jako sypan\u00e1 hr\u00e1z na sousedn\u00ed B\u00edl\u00e9 Desn\u00e9 se roku 1916 protrhla. Postupn\u011b ztr\u00e1c\u00edme nadmo\u0159skou v\u00fd\u0161ku a\u017e k odbo\u010dce na Desnou a Horn\u00ed Polubn\u00fd, kde to u\u017e d\u016fv\u011brn\u011b zn\u00e1me a v\u00edme, \u017ee cesta dom\u016f povede bohu\u017eel doleva do kopce. Ale na tento kopec a pak je\u0161t\u011b na stoup\u00e1n\u00ed do P\u0159\u00edchovic jsme si p\u0159ece jen u\u0161et\u0159ili zbytek sil a tak si zbyl\u00fdch 13,5 kilometr\u016f opravdu vychutn\u00e1me, p\u0159es to, nebo pr\u00e1v\u011b proto, \u017ee dnes tu jedeme ji\u017e podruh\u00e9.<\/p>\n<\/div>\n","protected":false},"excerpt":{"rendered":"<p>&#8212; ?? km &#8212; TRASA: Sklena\u0159ice &#8211; \u010cerm\u00e1kovy Rovn\u011b (2km) &#8211; Rejdice (4km) &#8211; P\u0159\u00edchovice, odb. na \u0160t\u011bp\u00e1nku (7,5km) &#8211; P\u0159\u00edchovice, motorest Beseda (9km) &#8211; Horn\u00ed Polubn\u00fd, kostel (11,5km) &#8211; odb. Sou\u0161 (13,5km) &#8211; Desn\u00e1, odb. Tanvald a Ko\u0159enov (15,2km) &#8211; Desn\u00e1, odb. Albrechtice v Jiz. hor\u00e1ch (17,6km) &#8211; Albrechtice v Jizersk\u00fdch hor\u00e1ch, odb. na [&hellip;]<\/p>\n","protected":false},"author":1,"featured_media":0,"parent":54,"menu_order":0,"comment_status":"closed","ping_status":"closed","template":"onecolumn-page.php","meta":{"ngg_post_thumbnail":0,"footnotes":""},"class_list":["post-60","page","type-page","status-publish","hentry"],"yoast_head":"<!-- This site is optimized with the Yoast SEO plugin v27.5 - https:\/\/yoast.com\/product\/yoast-seo-wordpress\/ -->\n<title>Nejen k Josefodolsk\u00e9 p\u0159ehrad\u011b - Sklena\u0159ice<\/title>\n<meta name=\"robots\" content=\"index, follow, max-snippet:-1, max-image-preview:large, max-video-preview:-1\" \/>\n<link rel=\"canonical\" href=\"https:\/\/www.sklenarice.com\/aktuality\/tipy\/vylety\/nejen-k-josefodolske-prehrade\/\" \/>\n<meta property=\"og:locale\" content=\"cs_CZ\" \/>\n<meta property=\"og:type\" content=\"article\" \/>\n<meta property=\"og:title\" content=\"Nejen k Josefodolsk\u00e9 p\u0159ehrad\u011b - Sklena\u0159ice\" \/>\n<meta property=\"og:description\" content=\"&#8212; ?? km &#8212; TRASA: Sklena\u0159ice &#8211; \u010cerm\u00e1kovy Rovn\u011b (2km) &#8211; Rejdice (4km) &#8211; P\u0159\u00edchovice, odb. na \u0160t\u011bp\u00e1nku (7,5km) &#8211; P\u0159\u00edchovice, motorest Beseda (9km) &#8211; Horn\u00ed Polubn\u00fd, kostel (11,5km) &#8211; odb. Sou\u0161 (13,5km) &#8211; Desn\u00e1, odb. Tanvald a Ko\u0159enov (15,2km) &#8211; Desn\u00e1, odb. Albrechtice v Jiz. hor\u00e1ch (17,6km) &#8211; Albrechtice v Jizersk\u00fdch hor\u00e1ch, odb. na [&hellip;]\" \/>\n<meta property=\"og:url\" content=\"https:\/\/www.sklenarice.com\/aktuality\/tipy\/vylety\/nejen-k-josefodolske-prehrade\/\" \/>\n<meta property=\"og:site_name\" content=\"Sklena\u0159ice\" \/>\n<meta property=\"article:publisher\" content=\"https:\/\/www.facebook.com\/sklenky\/\" \/>\n<meta property=\"article:modified_time\" content=\"2014-08-27T19:15:42+00:00\" \/>\n<meta name=\"twitter:card\" content=\"summary_large_image\" \/>\n<meta name=\"twitter:label1\" content=\"Odhadovan\u00e1 doba \u010dten\u00ed\" \/>\n\t<meta name=\"twitter:data1\" content=\"12 minut\" \/>\n<script type=\"application\/ld+json\" class=\"yoast-schema-graph\">{\"@context\":\"https:\\\/\\\/schema.org\",\"@graph\":[{\"@type\":\"WebPage\",\"@id\":\"https:\\\/\\\/www.sklenarice.com\\\/aktuality\\\/tipy\\\/vylety\\\/nejen-k-josefodolske-prehrade\\\/\",\"url\":\"https:\\\/\\\/www.sklenarice.com\\\/aktuality\\\/tipy\\\/vylety\\\/nejen-k-josefodolske-prehrade\\\/\",\"name\":\"Nejen k Josefodolsk\u00e9 p\u0159ehrad\u011b - Sklena\u0159ice\",\"isPartOf\":{\"@id\":\"https:\\\/\\\/www.sklenarice.com\\\/aktuality\\\/#website\"},\"datePublished\":\"2014-08-16T14:23:47+00:00\",\"dateModified\":\"2014-08-27T19:15:42+00:00\",\"breadcrumb\":{\"@id\":\"https:\\\/\\\/www.sklenarice.com\\\/aktuality\\\/tipy\\\/vylety\\\/nejen-k-josefodolske-prehrade\\\/#breadcrumb\"},\"inLanguage\":\"cs\",\"potentialAction\":[{\"@type\":\"ReadAction\",\"target\":[\"https:\\\/\\\/www.sklenarice.com\\\/aktuality\\\/tipy\\\/vylety\\\/nejen-k-josefodolske-prehrade\\\/\"]}]},{\"@type\":\"BreadcrumbList\",\"@id\":\"https:\\\/\\\/www.sklenarice.com\\\/aktuality\\\/tipy\\\/vylety\\\/nejen-k-josefodolske-prehrade\\\/#breadcrumb\",\"itemListElement\":[{\"@type\":\"ListItem\",\"position\":1,\"name\":\"Dom\u016f\",\"item\":\"https:\\\/\\\/www.sklenarice.com\\\/aktuality\\\/\"},{\"@type\":\"ListItem\",\"position\":2,\"name\":\"Tipy\",\"item\":\"https:\\\/\\\/www.sklenarice.com\\\/aktuality\\\/tipy\\\/\"},{\"@type\":\"ListItem\",\"position\":3,\"name\":\"Cyklov\u00fdlety\",\"item\":\"https:\\\/\\\/www.sklenarice.com\\\/aktuality\\\/tipy\\\/vylety\\\/\"},{\"@type\":\"ListItem\",\"position\":4,\"name\":\"Nejen k Josefodolsk\u00e9 p\u0159ehrad\u011b\"}]},{\"@type\":\"WebSite\",\"@id\":\"https:\\\/\\\/www.sklenarice.com\\\/aktuality\\\/#website\",\"url\":\"https:\\\/\\\/www.sklenarice.com\\\/aktuality\\\/\",\"name\":\"Sklena\u0159ice\",\"description\":\"str\u00e1nky obce z podh\u016f\u0159\u00ed Krkono\u0161 a Jizersk\u00fdch hor\",\"potentialAction\":[{\"@type\":\"SearchAction\",\"target\":{\"@type\":\"EntryPoint\",\"urlTemplate\":\"https:\\\/\\\/www.sklenarice.com\\\/aktuality\\\/?s={search_term_string}\"},\"query-input\":{\"@type\":\"PropertyValueSpecification\",\"valueRequired\":true,\"valueName\":\"search_term_string\"}}],\"inLanguage\":\"cs\"}]}<\/script>\n<!-- \/ Yoast SEO plugin. -->","yoast_head_json":{"title":"Nejen k Josefodolsk\u00e9 p\u0159ehrad\u011b - Sklena\u0159ice","robots":{"index":"index","follow":"follow","max-snippet":"max-snippet:-1","max-image-preview":"max-image-preview:large","max-video-preview":"max-video-preview:-1"},"canonical":"https:\/\/www.sklenarice.com\/aktuality\/tipy\/vylety\/nejen-k-josefodolske-prehrade\/","og_locale":"cs_CZ","og_type":"article","og_title":"Nejen k Josefodolsk\u00e9 p\u0159ehrad\u011b - Sklena\u0159ice","og_description":"&#8212; ?? km &#8212; TRASA: Sklena\u0159ice &#8211; \u010cerm\u00e1kovy Rovn\u011b (2km) &#8211; Rejdice (4km) &#8211; P\u0159\u00edchovice, odb. na \u0160t\u011bp\u00e1nku (7,5km) &#8211; P\u0159\u00edchovice, motorest Beseda (9km) &#8211; Horn\u00ed Polubn\u00fd, kostel (11,5km) &#8211; odb. Sou\u0161 (13,5km) &#8211; Desn\u00e1, odb. Tanvald a Ko\u0159enov (15,2km) &#8211; Desn\u00e1, odb. Albrechtice v Jiz. hor\u00e1ch (17,6km) &#8211; Albrechtice v Jizersk\u00fdch hor\u00e1ch, odb. na [&hellip;]","og_url":"https:\/\/www.sklenarice.com\/aktuality\/tipy\/vylety\/nejen-k-josefodolske-prehrade\/","og_site_name":"Sklena\u0159ice","article_publisher":"https:\/\/www.facebook.com\/sklenky\/","article_modified_time":"2014-08-27T19:15:42+00:00","twitter_card":"summary_large_image","twitter_misc":{"Odhadovan\u00e1 doba \u010dten\u00ed":"12 minut"},"schema":{"@context":"https:\/\/schema.org","@graph":[{"@type":"WebPage","@id":"https:\/\/www.sklenarice.com\/aktuality\/tipy\/vylety\/nejen-k-josefodolske-prehrade\/","url":"https:\/\/www.sklenarice.com\/aktuality\/tipy\/vylety\/nejen-k-josefodolske-prehrade\/","name":"Nejen k Josefodolsk\u00e9 p\u0159ehrad\u011b - Sklena\u0159ice","isPartOf":{"@id":"https:\/\/www.sklenarice.com\/aktuality\/#website"},"datePublished":"2014-08-16T14:23:47+00:00","dateModified":"2014-08-27T19:15:42+00:00","breadcrumb":{"@id":"https:\/\/www.sklenarice.com\/aktuality\/tipy\/vylety\/nejen-k-josefodolske-prehrade\/#breadcrumb"},"inLanguage":"cs","potentialAction":[{"@type":"ReadAction","target":["https:\/\/www.sklenarice.com\/aktuality\/tipy\/vylety\/nejen-k-josefodolske-prehrade\/"]}]},{"@type":"BreadcrumbList","@id":"https:\/\/www.sklenarice.com\/aktuality\/tipy\/vylety\/nejen-k-josefodolske-prehrade\/#breadcrumb","itemListElement":[{"@type":"ListItem","position":1,"name":"Dom\u016f","item":"https:\/\/www.sklenarice.com\/aktuality\/"},{"@type":"ListItem","position":2,"name":"Tipy","item":"https:\/\/www.sklenarice.com\/aktuality\/tipy\/"},{"@type":"ListItem","position":3,"name":"Cyklov\u00fdlety","item":"https:\/\/www.sklenarice.com\/aktuality\/tipy\/vylety\/"},{"@type":"ListItem","position":4,"name":"Nejen k Josefodolsk\u00e9 p\u0159ehrad\u011b"}]},{"@type":"WebSite","@id":"https:\/\/www.sklenarice.com\/aktuality\/#website","url":"https:\/\/www.sklenarice.com\/aktuality\/","name":"Sklena\u0159ice","description":"str\u00e1nky obce z podh\u016f\u0159\u00ed Krkono\u0161 a Jizersk\u00fdch hor","potentialAction":[{"@type":"SearchAction","target":{"@type":"EntryPoint","urlTemplate":"https:\/\/www.sklenarice.com\/aktuality\/?s={search_term_string}"},"query-input":{"@type":"PropertyValueSpecification","valueRequired":true,"valueName":"search_term_string"}}],"inLanguage":"cs"}]}},"_links":{"self":[{"href":"https:\/\/www.sklenarice.com\/aktuality\/wp-json\/wp\/v2\/pages\/60","targetHints":{"allow":["GET"]}}],"collection":[{"href":"https:\/\/www.sklenarice.com\/aktuality\/wp-json\/wp\/v2\/pages"}],"about":[{"href":"https:\/\/www.sklenarice.com\/aktuality\/wp-json\/wp\/v2\/types\/page"}],"author":[{"embeddable":true,"href":"https:\/\/www.sklenarice.com\/aktuality\/wp-json\/wp\/v2\/users\/1"}],"replies":[{"embeddable":true,"href":"https:\/\/www.sklenarice.com\/aktuality\/wp-json\/wp\/v2\/comments?post=60"}],"version-history":[{"count":1,"href":"https:\/\/www.sklenarice.com\/aktuality\/wp-json\/wp\/v2\/pages\/60\/revisions"}],"predecessor-version":[{"id":61,"href":"https:\/\/www.sklenarice.com\/aktuality\/wp-json\/wp\/v2\/pages\/60\/revisions\/61"}],"up":[{"embeddable":true,"href":"https:\/\/www.sklenarice.com\/aktuality\/wp-json\/wp\/v2\/pages\/54"}],"wp:attachment":[{"href":"https:\/\/www.sklenarice.com\/aktuality\/wp-json\/wp\/v2\/media?parent=60"}],"curies":[{"name":"wp","href":"https:\/\/api.w.org\/{rel}","templated":true}]}}