{"id":62,"date":"2014-08-16T16:26:07","date_gmt":"2014-08-16T14:26:07","guid":{"rendered":"http:\/\/www.sklenarice.com\/?page_id=62"},"modified":"2014-08-27T21:15:56","modified_gmt":"2014-08-27T19:15:56","slug":"prehrady-na-bile-a-cerne-desne","status":"publish","type":"page","link":"https:\/\/www.sklenarice.com\/aktuality\/tipy\/vylety\/prehrady-na-bile-a-cerne-desne\/","title":{"rendered":"P\u0159ehrady na B\u00edl\u00e9 a \u010cern\u00e9 Desn\u00e9"},"content":{"rendered":"<p style=\"text-align: center;\"><strong>&#8212; ?? km &#8212;<\/strong><\/p>\n<p><b>TRASA: Sklena\u0159ice &#8211; \u010cerm\u00e1kovy Rovn\u011b (2km) &#8211; Rejdice (4km) &#8211; P\u0159\u00edchovice, odb. na \u0160t\u011bp\u00e1nku (7,5km) &#8211; P\u0159\u00edchovice, motorest Beseda (9km) &#8211; Horn\u00ed Polubn\u00fd, kostel (11,5km) &#8211; odb. B\u00edl\u00e1 Vydra (11,7km) &#8211; B\u00edl\u00e1 Vydra () &#8211; N\u00fd\u010dovy domky () &#8211; vodn\u00ed n\u00e1dr\u017e Sou\u0161 () &#8211; odb. k Protr\u017een\u00e9 p\u0159ehrad\u011b () &#8211; Protr\u017een\u00e1 p\u0159ehrada () &#8211; Mari\u00e1nskohorsk\u00e9 boudy () &#8211; Josef\u016fv D\u016fl, vlakov\u00e9 n\u00e1dra\u017e\u00ed () &#8211; Albrechtice v Jizersk\u00fdch hor\u00e1ch, k\u0159i\u017eovatka u po\u0161ty () &#8211; odb. na Ji\u0159et\u00edn pod Bukovou () &#8211; Horn\u00ed Tanvald, k\u0159i\u017eovatka () &#8211; Tanvald, k\u0159i\u017eovatka Ko\u0159enov, Plavy () &#8211; \u010cesk\u00fd \u0160umburk () &#8211; Rejdice, k\u0159i\u017eovatka P\u0159\u00edchovice, Zlat\u00e1 Ole\u0161nice () &#8211; Zlat\u00e1 Ole\u0161nice, restaurace V \u00dadol\u00ed () &#8211; Sklena\u0159ice ().<\/b><\/p>\n<p><i>Trasa na hezk\u00fd ned\u011bln\u00ed odpoledne, pon\u011bkud aktivn\u011bj\u0161\u00ed, ne\u017e na gau\u010di &#8230;<\/i><\/p>\n<p style=\"text-align: justify;\">Z k\u0159i\u017eovatky p\u0159ed Mexikem se vyd\u00e1me vzh\u016fru do m\u00edrn\u00e9ho kopce sm\u011brem na P\u0159\u00edchovice. P\u0159ipravme se na cca 6 km \u0161lap\u00e1n\u00ed do ped\u00e1l\u016f, ale ne n\u011bjak zvl\u00e1\u0161\u0165 n\u00e1ro\u010dn\u00e9ho. Hned v prvn\u00edm kilometru m\u00edj\u00edme samotu &#8220;Amerika&#8221;, je to nyn\u00ed ji\u017e opravovan\u00fd domek po prav\u00e9 stran\u011b. Asi po kilometru cesty do kopce se ter\u00e9n narovn\u00e1, co\u017e znamen\u00e1, \u017ee jsme se ocitli na \u010cerm\u00e1kov\u00fdch Rovn\u00edch, sou\u010d\u00e1sti Sklena\u0159ic. Mineme odbo\u010dku do Pasek nad Jizerou a j\u00edzdu na rovince vyu\u017eijeme k pohledu na Kotel a Lysou horu a pod nimi na Rokytnici nad Jizerou. Kdy\u017e se dostate\u010dn\u011b naba\u017e\u00edme tohoto kr\u00e1sn\u00e9ho pohledu, pokra\u010dujeme d\u00e1le po silnici ji\u017e zase do m\u00edrn\u00e9ho kopce. Kdy\u017e vyjedem z lesa a m\u00e1me \u0161t\u011bst\u00ed na po\u010das\u00ed, m\u016f\u017eeme se zase hezky rozhl\u00eddnout po okol\u00ed.<br \/>\nAle to u\u017e budeme m\u00edt v noh\u00e1ch 4,5 km, a octneme se ji\u017e v obci zvan\u00e9 Rejdice. Hned na jej\u00edm za\u010d\u00e1tku m\u00edj\u00edme hostinec Espero, na konci zase penzion Agros. Rejdice n\u00e1m poskytuj\u00ed pohled na opa\u010dnou stranu, ne\u017e tomu bylo na Rovn\u00edch. A tak se m\u016f\u017eeme kochat pohledy na Jizersk\u00e9 hory, konkr\u00e9tn\u011bji t\u0159eba na Tanvald a jeho \u0160pi\u010d\u00e1k, rozhlednu \u010cern\u00e1 Studnice a nebo t\u0159eba i Je\u0161t\u011bd. U penzionu Agros p\u0159ijde ji\u017e asi tolik o\u010dek\u00e1v\u00e1n\u00e9 narovn\u00e1n\u00ed ter\u00e9nu, po 5,2 kilometrech ur\u010dit\u011b zaslou\u017een\u00e9 a a\u017e do P\u0159\u00edchovic se ji\u017e dostaneme jen s nepatrn\u00fdm \u00fasil\u00edm. Rovina si asi po kilometru d\u00e1 \u0159\u00edct a zm\u011bn\u00ed se v kles\u00e1n\u00ed, kter\u00e9 je dlouh\u00e9 n\u011bkolik kilometr\u016f. Do P\u0159\u00edchovic m\u016f\u017eeme tedy p\u0159ijet ji\u017e ve zna\u010dn\u00e9 rychlosti, ale mo\u017en\u00e1 by to byla \u0161koda, proto\u017ee ji\u017e p\u0159ed nimi se m\u016f\u017eeme op\u011bt rozhl\u00e9dnout do jizerskohorsk\u00e9 krajiny, nyn\u00ed je v\u0161ak obzor mnohem \u0161ir\u0161\u00ed. Kdy\u017e mineme odbo\u010dku na rozhlednu \u0160t\u011bp\u00e1nka, na kterou to je odsud necel\u00fd kilometr, sledujeme hlavn\u011b t\u00e9m\u011b\u0159 na obzoru \u00fadoln\u00ed n\u00e1dr\u017e Sou\u0161 a v d\u00e1lce za n\u00ed t\u0159et\u00ed nejvy\u0161\u0161\u00ed vrchol Jizersk\u00fdch hor Jizeru (1122 m.n.m.), s jej\u00edmi typick\u00fdmi skaln\u00edmi \u00fatvary na vrcholku. St\u00e1le pad\u00e1me do \u00fadol\u00ed, a\u017e k motorestu Beseda. Za motorestem zahneme doprava, jedeme asi 100 metr\u016f a pak odbo\u010dujeme doleva. Ji\u017e po rovin\u011b a pak z kopce se dostaneme do Polubn\u00e9ho, cestou sledujeme po prav\u00e9 stran\u011b nikdy nepou\u017eit\u00e1 opevn\u011bn\u00ed proti ve t\u0159ic\u00e1t\u00fdch letech se rozp\u00ednaj\u00edc\u00edmu N\u011bmecku. V Polubn\u00e9m u kostela odbo\u010d\u00edme vlevo, po dvou stech metrech odbo\u010dujeme doprava na B\u00edlou Vydru, kde je chovn\u00e1 stanice Sibi\u0159sk\u00e9ho husky a ???. V\u0161ak se o tom budeme moc za chv\u00edli p\u0159esv\u011bd\u010dit. Kdy\u017e se p\u0159esv\u011bd\u010d\u00edme, pokra\u010dujeme lesem m\u00edsty a\u017e po nesj\u00edzdn\u00e9 lesn\u00ed cest\u011b pln\u00e9 kamen\u016f a pak i kr\u00e1tce stoupaj\u00edc\u00ed a\u017e do osady N\u00fd\u010dovy domky s opravdu hezk\u00fdmi domky. \ud83d\ude42 Kdy\u017e pomalu opou\u0161t\u00edme tuto polosamotu, ohl\u00eddneme se zp\u011bt do krajiny a vid\u00edme, jak daleko a kr\u00e1sn\u00fd je p\u0159\u00edchovick\u00fd kostel a nebo vlevo od n\u011bho rozhledna \u0160t\u011bp\u00e1nka.Dr\u017e\u00edme se zelen\u00e9 turistick\u00e9 zna\u010dky.<br \/>\nKdy\u017e sjedeme kamenitou cestou a\u017e na silnici, jsme u\u017e jen kousek od Sou\u0161e. Sta\u010d\u00ed zahnout doprava a po m\u00edrn\u00e9m kles\u00e1n\u00ed kousek vystoupat a\u017e k hr\u00e1zi t\u00e9to p\u0159ehrady. Vznikla v letech 1912-15 p\u0159ehrazen\u00edm \u010cern\u00e9 Desn\u00e9. Ve stejn\u00e9 dob\u011b a stejnou metodou (sypan\u00e1 hr\u00e1z) byla postavena i p\u0159ehrada na B\u00edl\u00e9 Desn\u00e9, kter\u00e1 se v roce 1916 protrhla a tak se nebylo \u010demu divit, kdy\u017e byla po t\u00e9hle tragick\u00e9 ud\u00e1losti vypu\u0161t\u011bna i Sou\u0161sk\u00e1 p\u0159ehrada a napln\u011bna byla znovu a\u017e po d\u016fkladn\u00e9 revizi v letech 1925-27. Hr\u00e1z dosahuje 21 metr\u016f nad ter\u00e9nem, dlouh\u00e1 je 364 metr\u016f a zaplavuje plochu 364 hektary. A\u017e do roku 1974 byla vyu\u017e\u00edv\u00e1na pro rekreaci, pak byla asanov\u00e1na a p\u0159ebudov\u00e1na na rezervo\u00e1r pitn\u00e9 vody. Tak\u017ee koup\u00e1n\u00ed nebude. Jedeme po kr\u00e1sn\u00e9 silni\u010dce kolem t\u00e9to \u010dist\u00e9 vodn\u00ed plochy a posledn\u00edm staven\u00edm, kter\u00e9 po prav\u00e9 stran\u011b m\u00edj\u00edme, je penzion Darre. Darre je vlastn\u011b p\u016fvodn\u00ed n\u011bmeck\u00e1 verze nynej\u0161\u00edho \u010desk\u00e9ho p\u0159ekladu Sou\u0161. P\u0159ed t\u00edmto penzionem se n\u00e1m m\u016f\u017ee lehce st\u00e1t, \u017ee naraz\u00edme na z\u00e1voru a nebudeme moct pokra\u010dovat d\u00e1le. S nejv\u011bt\u0161\u00ed pravd\u011bpodobnost\u00ed se n\u00e1m to nestane mezi 1.5. a 15.10., kde je Sou\u0161sk\u00e1 silnice v provozu. Po zbytek roku je uzav\u0159ena a pokud je na n\u00ed sn\u00edh, jako to t\u0159eba dokl\u00e1d\u00e1 sn\u00edmek z 26.\u00fanora 2002, nen\u00ed opravdu moc rozumn\u00e9 pokra\u010dovat n\u011bkam d\u00e1le.<br \/>\nMy v\u0161ak ur\u010dit\u011b do t\u011bchto m\u00edst vyr\u00e1\u017e\u00edme a\u017e kdy\u017e l\u00e9to jasn\u011b v\u00edt\u011bz\u00ed a m\u016f\u017eeme tedy sm\u011ble d\u00e1l, a\u017e se octneme mimo dohled p\u0159ehrady a dojedeme na rozcest\u00ed se \u017elutou turistickou zna\u010dkou, neodol\u00e1me jej\u00edm svod\u016fm, odbo\u010dujeme doleva na lesn\u00ed cestu a za chv\u00edli p\u0159ej\u00ed\u017ed\u00edme m\u016fstek p\u0159es hlavn\u00ed zdroj vody pro Sou\u0161, \u010cernou Desnou. Ano, vypad\u00e1 to tam asi tak n\u011bjak. Dr\u017e\u00edme se \u017elut\u00e9ho zna\u010den\u00ed a za chvilku jsme ji\u017e v m\u00edstech b\u00fdval\u00e9 p\u0159ehrady na B\u00edl\u00e9 Desn\u00e9, kter\u00e1 prvn\u00ed vodu zadr\u017eela 1.\u010dervna 1915 a posledn\u00ed 18.z\u00e1\u0159\u00ed 1916. V ten den spat\u0159ili dva lesn\u00ed d\u011bln\u00edci, \u017ee z hr\u00e1ze vyt\u00e9k\u00e1 proud vody. Hl\u00edda\u010d, kter\u00fd okam\u017eit\u011b telefonoval do Doln\u00edho Polubn\u00e9ho stavbyvedouc\u00edmu ing. Gebauerovi, dostal p\u0159\u00edkaz otev\u0159\u00edt ob\u011b v\u00fdpust\u011b. Poda\u0159ilo se otev\u0159\u00edt prvn\u00ed, pak u\u017e se nikdo neodv\u00e1\u017eil vl\u00e9zt do t\u011blesa hr\u00e1ze &#8211; voda hu\u010dela, otvor se p\u0159ed o\u010dima zv\u011bt\u0161oval a vyletoval p\u00edsek a kameny. To ji\u017e byli varov\u00e1ni obyvatel\u00e9 obce Desn\u00e1, le\u017e\u00edc\u00ed n\u011bkolik kilometr\u016f pod p\u0159ehradou. Za 70 minut od objeven\u00ed prvn\u00edho pr\u016fsaku vody se hr\u00e1z s ohlu\u0161uj\u00edc\u00edm rachotem definitivn\u011b protrhla a osmn\u00e1ct metr\u016f \u0161irokou pr\u016frvou se vyhrnul vodn\u00ed \u017eivel. Valil se prudk\u00fdm lesnat\u00fdm \u00fadol\u00edm, vytrh\u00e1val stromy i s ko\u0159eny. Panskou pilu s h\u00e1jovnou smetl t\u00e9m\u011b\u0159 beze stopy a tam na\u0161el i prvn\u00ed ob\u011b\u0165 &#8211; d\u00edt\u011b, kter\u00e9 bylo samotn\u00e9 doma. Voda sebrala i p\u011bt tis\u00edc plnometr\u016f pila\u0159sk\u00e9ho d\u0159\u00edv\u00ed, to jako beranidlo ni\u010dilo domy, stoj\u00edc\u00ed v cest\u011b. T\u00e9m\u011b\u0159 p\u016fl hodiny trvalo \u0161\u00edlen\u00e9 b\u011bsn\u011bn\u00ed. Na t\u0159iat\u0159icet dom\u016f a tov\u00e1ten bylo zni\u010deno \u00fapln\u011b, dal\u0161\u00edch dev\u011bta\u0161edes\u00e1t bylo t\u011b\u017ece po\u0161kozeno. Zahynulo 62 lid\u00ed, dal\u0161\u00ed t\u0159i stovky z\u016fstaly bez p\u0159\u00edst\u0159e\u0161\u00ed. Osudn\u00fd den p\u0159ipom\u00edn\u00e1 vysok\u00e1 \u0161oup\u00e1tkov\u00e1 v\u011b\u017e, kter\u00e1 se nez\u0159\u00edtila a dnes vypad\u00e1 jako zbytek tajemn\u00e9ho hradu. P\u0159ehradu spojuje se sousedn\u00ed Sou\u0161skou p\u0159ehradou podzemn\u00ed kan\u00e1l (nen\u00ed p\u0159\u00edstupn\u00fd!), zimovi\u0161t\u011b netop\u00fdr\u016f. Roku 1981 byla do kan\u00e1lu znovu svedena voda z toku B\u00edl\u00e9 Desn\u00e9, aby zlep\u0161ovala vodn\u00ed re\u017eim Sou\u0161sk\u00e9 p\u0159ehrady.<br \/>\nNa\u0161e dal\u0161\u00ed trasa se na chv\u00edli odch\u00fdl\u00ed od \u017elut\u00e9 turistick\u00e9 zna\u010dky. P\u0159ed Protr\u017eenou p\u0159ehradou zahneme doprava a jedeme chv\u00edli proti proudu B\u00edl\u00e9 Desn\u00e9, ale pak ji p\u0159ejedeme a zase se vrac\u00edme po proudu, a\u017e se napoj\u00edme zp\u011bt na \u017elutou. Pokra\u010dujeme po n\u00ed a\u017e na samotu Mari\u00e1nskohorsk\u00e9 boudy. Pr\u00e1v\u011b m\u00e1me nadmo\u0159skou v\u00fd\u0161ku 843 m.n.m. Tuto v\u00fd\u0161ku v\u0161ak pokra\u010dov\u00e1n\u00edm po \u017elut\u00e9 brzo ztrat\u00edme a octneme se v Josefov\u011b Dole. Je\u0161t\u011b p\u0159ed t\u00edm se ale m\u016f\u017eeme pod\u00edvat na vodop\u00e1dy na \u0159\u00ed\u010dce Jedlov\u00e9, na kter\u00e9 n\u00e1s upozorn\u00ed ukazatel. A je\u0161t\u011b jedna pozn\u00e1mka. V doln\u00ed \u010d\u00e1sti z\u0159ejm\u011b naraz\u00edme na z\u00e1voru p\u0159es celou silni\u010dku, tak pozor, abysme nenarazili do n\u00ed. V Josefov\u011b Dole m\u016f\u017eeme shl\u00e9dnout zdej\u0161\u00ed pam\u00e1tku jednolodn\u00ed pseudogotick\u00fd kostel Prom\u011bn\u011bn\u00ed P\u00e1n\u011b z let 1862-65, ale on nen\u00ed zrovna udr\u017eovan\u00fd a proto na k\u0159i\u017eovatce se silnic\u00ed na Bed\u0159ichov a Tanvald, vol\u00edme druh\u00e9 m\u011bsto a odbo\u010dujeme doleva. Jedeme kolem zdej\u0161\u00edho vlakov\u00e9ho n\u00e1dra\u017e\u00ed a pak vlastn\u011b celou dobu pod\u00e9l Kamenice, co\u017e znamen\u00e1, \u017ee m\u00edrn\u011b kles\u00e1me. Odbo\u010dku u po\u0161ty na Albrechtice v Jizersk\u00fdch hor\u00e1ch ignorujeme, vede p\u0159ece do kopce&#8230; Pokra\u010dujeme rovn\u011b, po lev\u00e9 stran\u011b pak vid\u00edme zimn\u00ed ly\u017ea\u0159sk\u00fd are\u00e1l \u0160pi\u010d\u00e1k, za chv\u00edli pak po prav\u00e9 stran\u011b v\u00edsku Ji\u0159et\u00edn pod Bukovou s velkou fabrikou na d\u0159ev\u011bn\u00e9 hra\u010dky nesouc\u00ed jm\u00e9no TOFA. V poklidu pokra\u010dujeme a\u017e do Tanvaldu, kde abysme se vynuli velk\u00e9ho provozu, odbo\u010dujeme na prvn\u00ed k\u0159i\u017eovatce doleva a proj\u00ed\u017ed\u00edme nehezkou s\u00eddli\u0161tn\u00ed \u010d\u00e1st\u00ed tohoto textiln\u00edho m\u011bste\u010dka a\u017e se dostaneme dol\u016f na hlavn\u00ed tah \u017delezn\u00fd Brod &#8211; Harrachov. Bohu\u017eel ho mus\u00edme na chvilku pou\u017e\u00edt, jedeme sm\u011brem na Harrachov, tedy doleva. Ale nepojedeme po t\u00e9to ru\u0161n\u00e9 komunikaci dlouho, hned jak nalezneme odbo\u010dku doprava na \u010cesk\u00fd \u0160umburk, nev\u00e1h\u00e1ma a pou\u0161t\u00edme se do boje s kopcem. Bojujeme a\u017e do Rejdic, kde na k\u0159i\u017eovatce odbo\u010d\u00edme doprava a za chv\u00edli m\u00edj\u00edme zdej\u0161\u00ed zimn\u00ed st\u0159edisko. Za n\u00edm pak je\u0161t\u011b n\u011bkolikr\u00e1t budeme muset \u0161l\u00e1pnout do ped\u00e1l\u016f, abysme se dostali na nejvy\u0161\u0161\u00ed m\u00edsto Zlat\u00e9 Ole\u0161nice, kde se \u0159\u00edk\u00e1 U Kapli\u010dky a v\u00ed se pro\u010d. \ud83d\ude42 Pak jedeme st\u00e1le rovn\u011b z kopce, sledujeme, jak\u00fd kr\u00e1sn\u00fd v\u00fdhled odsud je a jak ho za chv\u00edli ztrat\u00edme. Na k\u0159i\u017eovatce &#8220;U Duch\u00e1\u010dk\u016f&#8221; neodbo\u010dujeme a pokra\u010dujeme st\u00e1le rovn\u011b a\u017e p\u0159ijedeme do silnice na Plavy a Sklena\u0159ice, odbo\u010d\u00edme ost\u0159e vlevo, tedy na Sklena\u0159ice, ale v\u0159ele doporu\u010duji zastavit se v m\u00edstn\u00ed restauraci V \u00dadol\u00ed, proto\u017ee jestli n\u011bkde v okol\u00ed dob\u0159e va\u0159ej, tak je to tady. Nemus\u00edme p\u0159ece nikam posp\u00edchat, do Sklena\u0159ic to je u\u017e necel\u00fdch p\u011bt kilometr\u016f. Sice pov\u011bt\u0161inou do kopce, ale s pln\u00fdm \u017ealudkem se to zvl\u00e1dnout d\u00e1. Kdy\u017e se tedy naj\u00edme, pokra\u010dujeme p\u0159es potok Zlatn\u00edk, na kter\u00e9m kdysi propukla &#8220;zlat\u00e1 hore\u010dka&#8221; a pak d\u00e1le po dlouh\u00e9 rovince, na jej\u00edm\u017e konci neodbo\u010dujeme na Stanov\u00fd, ale jedeme st\u00e1le rovn\u011b. Posledn\u00edm staven\u00edm, kter\u00e9 n\u00e1s ve Zlat\u00e9 Ole\u0161nici uvid\u00ed je zdej\u0161\u00ed krav\u00edn. Mysl\u00edm, \u017ee r\u00e1di tento kout rychle opust\u00edme &#8230; Jedeme st\u00e1le lesem a do kopce, proj\u00ed\u017ed\u00edme i velk\u00fdm pravoto\u010div\u00fdm kolenem, kter\u00e9 se zove Kr\u00e1lovo. Odsud je to ji\u017e jen kousek do Sklena\u0159ic a tak ten zbytek u\u017e vy\u0161lapeme jedn\u00edm dechem, pokud je\u0161t\u011b n\u011bjak\u00fd m\u00e1me.<\/p>\n","protected":false},"excerpt":{"rendered":"<p>&#8212; ?? km &#8212; TRASA: Sklena\u0159ice &#8211; \u010cerm\u00e1kovy Rovn\u011b (2km) &#8211; Rejdice (4km) &#8211; P\u0159\u00edchovice, odb. na \u0160t\u011bp\u00e1nku (7,5km) &#8211; P\u0159\u00edchovice, motorest Beseda (9km) &#8211; Horn\u00ed Polubn\u00fd, kostel (11,5km) &#8211; odb. B\u00edl\u00e1 Vydra (11,7km) &#8211; B\u00edl\u00e1 Vydra () &#8211; N\u00fd\u010dovy domky () &#8211; vodn\u00ed n\u00e1dr\u017e Sou\u0161 () &#8211; odb. k Protr\u017een\u00e9 p\u0159ehrad\u011b () &#8211; Protr\u017een\u00e1 [&hellip;]<\/p>\n","protected":false},"author":1,"featured_media":0,"parent":54,"menu_order":0,"comment_status":"closed","ping_status":"closed","template":"onecolumn-page.php","meta":{"ngg_post_thumbnail":0,"footnotes":""},"class_list":["post-62","page","type-page","status-publish","hentry"],"yoast_head":"<!-- This site is optimized with the Yoast SEO plugin v27.5 - https:\/\/yoast.com\/product\/yoast-seo-wordpress\/ -->\n<title>P\u0159ehrady na B\u00edl\u00e9 a \u010cern\u00e9 Desn\u00e9 - Sklena\u0159ice<\/title>\n<meta name=\"robots\" content=\"index, follow, max-snippet:-1, max-image-preview:large, max-video-preview:-1\" \/>\n<link rel=\"canonical\" href=\"https:\/\/www.sklenarice.com\/aktuality\/tipy\/vylety\/prehrady-na-bile-a-cerne-desne\/\" \/>\n<meta property=\"og:locale\" content=\"cs_CZ\" \/>\n<meta property=\"og:type\" content=\"article\" \/>\n<meta property=\"og:title\" content=\"P\u0159ehrady na B\u00edl\u00e9 a \u010cern\u00e9 Desn\u00e9 - Sklena\u0159ice\" \/>\n<meta property=\"og:description\" content=\"&#8212; ?? km &#8212; TRASA: Sklena\u0159ice &#8211; \u010cerm\u00e1kovy Rovn\u011b (2km) &#8211; Rejdice (4km) &#8211; P\u0159\u00edchovice, odb. na \u0160t\u011bp\u00e1nku (7,5km) &#8211; P\u0159\u00edchovice, motorest Beseda (9km) &#8211; Horn\u00ed Polubn\u00fd, kostel (11,5km) &#8211; odb. B\u00edl\u00e1 Vydra (11,7km) &#8211; B\u00edl\u00e1 Vydra () &#8211; N\u00fd\u010dovy domky () &#8211; vodn\u00ed n\u00e1dr\u017e Sou\u0161 () &#8211; odb. k Protr\u017een\u00e9 p\u0159ehrad\u011b () &#8211; Protr\u017een\u00e1 [&hellip;]\" \/>\n<meta property=\"og:url\" content=\"https:\/\/www.sklenarice.com\/aktuality\/tipy\/vylety\/prehrady-na-bile-a-cerne-desne\/\" \/>\n<meta property=\"og:site_name\" content=\"Sklena\u0159ice\" \/>\n<meta property=\"article:publisher\" content=\"https:\/\/www.facebook.com\/sklenky\/\" \/>\n<meta property=\"article:modified_time\" content=\"2014-08-27T19:15:56+00:00\" \/>\n<meta name=\"twitter:card\" content=\"summary_large_image\" \/>\n<meta name=\"twitter:label1\" content=\"Odhadovan\u00e1 doba \u010dten\u00ed\" \/>\n\t<meta name=\"twitter:data1\" content=\"10 minut\" \/>\n<script type=\"application\/ld+json\" class=\"yoast-schema-graph\">{\"@context\":\"https:\\\/\\\/schema.org\",\"@graph\":[{\"@type\":\"WebPage\",\"@id\":\"https:\\\/\\\/www.sklenarice.com\\\/aktuality\\\/tipy\\\/vylety\\\/prehrady-na-bile-a-cerne-desne\\\/\",\"url\":\"https:\\\/\\\/www.sklenarice.com\\\/aktuality\\\/tipy\\\/vylety\\\/prehrady-na-bile-a-cerne-desne\\\/\",\"name\":\"P\u0159ehrady na B\u00edl\u00e9 a \u010cern\u00e9 Desn\u00e9 - Sklena\u0159ice\",\"isPartOf\":{\"@id\":\"https:\\\/\\\/www.sklenarice.com\\\/aktuality\\\/#website\"},\"datePublished\":\"2014-08-16T14:26:07+00:00\",\"dateModified\":\"2014-08-27T19:15:56+00:00\",\"breadcrumb\":{\"@id\":\"https:\\\/\\\/www.sklenarice.com\\\/aktuality\\\/tipy\\\/vylety\\\/prehrady-na-bile-a-cerne-desne\\\/#breadcrumb\"},\"inLanguage\":\"cs\",\"potentialAction\":[{\"@type\":\"ReadAction\",\"target\":[\"https:\\\/\\\/www.sklenarice.com\\\/aktuality\\\/tipy\\\/vylety\\\/prehrady-na-bile-a-cerne-desne\\\/\"]}]},{\"@type\":\"BreadcrumbList\",\"@id\":\"https:\\\/\\\/www.sklenarice.com\\\/aktuality\\\/tipy\\\/vylety\\\/prehrady-na-bile-a-cerne-desne\\\/#breadcrumb\",\"itemListElement\":[{\"@type\":\"ListItem\",\"position\":1,\"name\":\"Dom\u016f\",\"item\":\"https:\\\/\\\/www.sklenarice.com\\\/aktuality\\\/\"},{\"@type\":\"ListItem\",\"position\":2,\"name\":\"Tipy\",\"item\":\"https:\\\/\\\/www.sklenarice.com\\\/aktuality\\\/tipy\\\/\"},{\"@type\":\"ListItem\",\"position\":3,\"name\":\"Cyklov\u00fdlety\",\"item\":\"https:\\\/\\\/www.sklenarice.com\\\/aktuality\\\/tipy\\\/vylety\\\/\"},{\"@type\":\"ListItem\",\"position\":4,\"name\":\"P\u0159ehrady na B\u00edl\u00e9 a \u010cern\u00e9 Desn\u00e9\"}]},{\"@type\":\"WebSite\",\"@id\":\"https:\\\/\\\/www.sklenarice.com\\\/aktuality\\\/#website\",\"url\":\"https:\\\/\\\/www.sklenarice.com\\\/aktuality\\\/\",\"name\":\"Sklena\u0159ice\",\"description\":\"str\u00e1nky obce z podh\u016f\u0159\u00ed Krkono\u0161 a Jizersk\u00fdch hor\",\"potentialAction\":[{\"@type\":\"SearchAction\",\"target\":{\"@type\":\"EntryPoint\",\"urlTemplate\":\"https:\\\/\\\/www.sklenarice.com\\\/aktuality\\\/?s={search_term_string}\"},\"query-input\":{\"@type\":\"PropertyValueSpecification\",\"valueRequired\":true,\"valueName\":\"search_term_string\"}}],\"inLanguage\":\"cs\"}]}<\/script>\n<!-- \/ Yoast SEO plugin. -->","yoast_head_json":{"title":"P\u0159ehrady na B\u00edl\u00e9 a \u010cern\u00e9 Desn\u00e9 - Sklena\u0159ice","robots":{"index":"index","follow":"follow","max-snippet":"max-snippet:-1","max-image-preview":"max-image-preview:large","max-video-preview":"max-video-preview:-1"},"canonical":"https:\/\/www.sklenarice.com\/aktuality\/tipy\/vylety\/prehrady-na-bile-a-cerne-desne\/","og_locale":"cs_CZ","og_type":"article","og_title":"P\u0159ehrady na B\u00edl\u00e9 a \u010cern\u00e9 Desn\u00e9 - Sklena\u0159ice","og_description":"&#8212; ?? km &#8212; TRASA: Sklena\u0159ice &#8211; \u010cerm\u00e1kovy Rovn\u011b (2km) &#8211; Rejdice (4km) &#8211; P\u0159\u00edchovice, odb. na \u0160t\u011bp\u00e1nku (7,5km) &#8211; P\u0159\u00edchovice, motorest Beseda (9km) &#8211; Horn\u00ed Polubn\u00fd, kostel (11,5km) &#8211; odb. B\u00edl\u00e1 Vydra (11,7km) &#8211; B\u00edl\u00e1 Vydra () &#8211; N\u00fd\u010dovy domky () &#8211; vodn\u00ed n\u00e1dr\u017e Sou\u0161 () &#8211; odb. k Protr\u017een\u00e9 p\u0159ehrad\u011b () &#8211; Protr\u017een\u00e1 [&hellip;]","og_url":"https:\/\/www.sklenarice.com\/aktuality\/tipy\/vylety\/prehrady-na-bile-a-cerne-desne\/","og_site_name":"Sklena\u0159ice","article_publisher":"https:\/\/www.facebook.com\/sklenky\/","article_modified_time":"2014-08-27T19:15:56+00:00","twitter_card":"summary_large_image","twitter_misc":{"Odhadovan\u00e1 doba \u010dten\u00ed":"10 minut"},"schema":{"@context":"https:\/\/schema.org","@graph":[{"@type":"WebPage","@id":"https:\/\/www.sklenarice.com\/aktuality\/tipy\/vylety\/prehrady-na-bile-a-cerne-desne\/","url":"https:\/\/www.sklenarice.com\/aktuality\/tipy\/vylety\/prehrady-na-bile-a-cerne-desne\/","name":"P\u0159ehrady na B\u00edl\u00e9 a \u010cern\u00e9 Desn\u00e9 - Sklena\u0159ice","isPartOf":{"@id":"https:\/\/www.sklenarice.com\/aktuality\/#website"},"datePublished":"2014-08-16T14:26:07+00:00","dateModified":"2014-08-27T19:15:56+00:00","breadcrumb":{"@id":"https:\/\/www.sklenarice.com\/aktuality\/tipy\/vylety\/prehrady-na-bile-a-cerne-desne\/#breadcrumb"},"inLanguage":"cs","potentialAction":[{"@type":"ReadAction","target":["https:\/\/www.sklenarice.com\/aktuality\/tipy\/vylety\/prehrady-na-bile-a-cerne-desne\/"]}]},{"@type":"BreadcrumbList","@id":"https:\/\/www.sklenarice.com\/aktuality\/tipy\/vylety\/prehrady-na-bile-a-cerne-desne\/#breadcrumb","itemListElement":[{"@type":"ListItem","position":1,"name":"Dom\u016f","item":"https:\/\/www.sklenarice.com\/aktuality\/"},{"@type":"ListItem","position":2,"name":"Tipy","item":"https:\/\/www.sklenarice.com\/aktuality\/tipy\/"},{"@type":"ListItem","position":3,"name":"Cyklov\u00fdlety","item":"https:\/\/www.sklenarice.com\/aktuality\/tipy\/vylety\/"},{"@type":"ListItem","position":4,"name":"P\u0159ehrady na B\u00edl\u00e9 a \u010cern\u00e9 Desn\u00e9"}]},{"@type":"WebSite","@id":"https:\/\/www.sklenarice.com\/aktuality\/#website","url":"https:\/\/www.sklenarice.com\/aktuality\/","name":"Sklena\u0159ice","description":"str\u00e1nky obce z podh\u016f\u0159\u00ed Krkono\u0161 a Jizersk\u00fdch hor","potentialAction":[{"@type":"SearchAction","target":{"@type":"EntryPoint","urlTemplate":"https:\/\/www.sklenarice.com\/aktuality\/?s={search_term_string}"},"query-input":{"@type":"PropertyValueSpecification","valueRequired":true,"valueName":"search_term_string"}}],"inLanguage":"cs"}]}},"_links":{"self":[{"href":"https:\/\/www.sklenarice.com\/aktuality\/wp-json\/wp\/v2\/pages\/62","targetHints":{"allow":["GET"]}}],"collection":[{"href":"https:\/\/www.sklenarice.com\/aktuality\/wp-json\/wp\/v2\/pages"}],"about":[{"href":"https:\/\/www.sklenarice.com\/aktuality\/wp-json\/wp\/v2\/types\/page"}],"author":[{"embeddable":true,"href":"https:\/\/www.sklenarice.com\/aktuality\/wp-json\/wp\/v2\/users\/1"}],"replies":[{"embeddable":true,"href":"https:\/\/www.sklenarice.com\/aktuality\/wp-json\/wp\/v2\/comments?post=62"}],"version-history":[{"count":1,"href":"https:\/\/www.sklenarice.com\/aktuality\/wp-json\/wp\/v2\/pages\/62\/revisions"}],"predecessor-version":[{"id":63,"href":"https:\/\/www.sklenarice.com\/aktuality\/wp-json\/wp\/v2\/pages\/62\/revisions\/63"}],"up":[{"embeddable":true,"href":"https:\/\/www.sklenarice.com\/aktuality\/wp-json\/wp\/v2\/pages\/54"}],"wp:attachment":[{"href":"https:\/\/www.sklenarice.com\/aktuality\/wp-json\/wp\/v2\/media?parent=62"}],"curies":[{"name":"wp","href":"https:\/\/api.w.org\/{rel}","templated":true}]}}