{"id":64,"date":"2014-08-16T16:28:23","date_gmt":"2014-08-16T14:28:23","guid":{"rendered":"http:\/\/www.sklenarice.com\/?page_id=64"},"modified":"2015-01-12T21:22:53","modified_gmt":"2015-01-12T20:22:53","slug":"putovani-za-kralovnou-jizerskych-hor","status":"publish","type":"page","link":"https:\/\/www.sklenarice.com\/aktuality\/tipy\/vylety\/putovani-za-kralovnou-jizerskych-hor\/","title":{"rendered":"Putov\u00e1n\u00ed za kr\u00e1lovnou Jizersk\u00fdch hor"},"content":{"rendered":"<p style=\"text-align: center;\"><strong>&#8212; ?? km &#8212;<\/strong><\/p>\n<p><b>TRASA: Sklena\u0159ice &#8211; \u010cerm\u00e1kovy Rovn\u011b (2km) &#8211; Rejdice (4km) &#8211; P\u0159\u00edchovice, odb. na \u0160t\u011bp\u00e1nku (7,5km) &#8211; P\u0159\u00edchovice, motorest Beseda (9km) &#8211; Horn\u00ed Polubn\u00fd, kostel (11,5km) &#8211; V\u00e1clav\u00edkova Stud\u00e1nka (13,8km) &#8211; Jizerka, parkovi\u0161t\u011b u Pensionu Pod Bukovcem (17km) &#8211; Jizerka, odb. na Lasi\u010d\u00ed cestu (18,5) &#8211; Jizerka, Hnojov\u00fd d\u016fm (18,7km) &#8211; Jizerka, Chata Pe\u0161\u00e1kovna (19km) &#8211; zimn\u00ed kiosek &#8211; Sm\u011bdava &#8211; vodn\u00ed n\u00e1dr\u017e Sou\u0161 &#8211; odb. na Desnou &#8211; Horn\u00ed Polubn\u00fd, kostel &#8211; zp\u011bt po zn\u00e1m\u00e9 trase ()<\/b><\/p>\n<p><i>Tato trasa je sj\u00edzdn\u00e1 i pro silni\u010dn\u00ed kolo a \u0159ekl bych, \u017ee je sp\u00ed\u0161e obt\u00ed\u017en\u00e1. <\/i><\/p>\n<p style=\"text-align: justify;\">Z k\u0159i\u017eovatky p\u0159ed Mexikem se vyd\u00e1me vzh\u016fru do m\u00edrn\u00e9ho kopce sm\u011brem na P\u0159\u00edchovice. P\u0159ipravme se na cca 6 km \u0161lap\u00e1n\u00ed do ped\u00e1l\u016f, ale ne n\u011bjak zvl\u00e1\u0161\u0165 n\u00e1ro\u010dn\u00e9ho. Hned v prvn\u00edm kilometru m\u00edj\u00edme samotu &#8220;Amerika&#8221;, je to nyn\u00ed ji\u017e opravovan\u00fd domek po prav\u00e9 stran\u011b. Asi po kilometru cesty do kopce se ter\u00e9n narovn\u00e1, co\u017e znamen\u00e1, \u017ee jsme se ocitli na \u010cerm\u00e1kov\u00fdch Rovn\u00edch, sou\u010d\u00e1sti Sklena\u0159ic. Mineme odbo\u010dku do Pasek nad Jizerou a j\u00edzdu na rovince vyu\u017eijeme k pohledu na Kotel a Lysou horu a pod nimi na Rokytnici nad Jizerou. Kdy\u017e se dostate\u010dn\u011b naba\u017e\u00edme tohoto kr\u00e1sn\u00e9ho pohledu, pokra\u010dujeme d\u00e1le po silnici ji\u017e zase do m\u00edrn\u00e9ho kopce.<br \/>\nKdy\u017e vyjedem z lesa a m\u00e1me \u0161t\u011bst\u00ed na po\u010das\u00ed, m\u016f\u017eeme se zase hezky rozhl\u00eddnout po okol\u00ed. Ale to u\u017e budeme m\u00edt v noh\u00e1ch 4,5 km, a octneme se ji\u017e v obci zvan\u00e9 Rejdice. Hned na jej\u00edm za\u010d\u00e1tku m\u00edj\u00edme hostinec Espero, na konci zase penzion Agros. Rejdice n\u00e1m poskytuj\u00ed pohled na opa\u010dnou stranu, ne\u017e tomu bylo na Rovn\u00edch. A tak se m\u016f\u017eeme kochat pohledy na Jizersk\u00e9 hory, konkr\u00e9tn\u011bji t\u0159eba na Tanvald a jeho \u0160pi\u010d\u00e1k, rozhlednu \u010cern\u00e1 Studnice a nebo t\u0159eba i Je\u0161t\u011bd. U penzionu Agros p\u0159ijde ji\u017e asi tolik o\u010dek\u00e1v\u00e1n\u00e9 narovn\u00e1n\u00ed ter\u00e9nu, po 5,2 kilometrech ur\u010dit\u011b zaslou\u017een\u00e9 a a\u017e do P\u0159\u00edchovic se ji\u017e dostaneme jen s nepatrn\u00fdm \u00fasil\u00edm. Rovina si asi po kilometru d\u00e1 \u0159\u00edct a zm\u011bn\u00ed se v kles\u00e1n\u00ed, kter\u00e9 je dlouh\u00e9 n\u011bkolik kilometr\u016f. Do P\u0159\u00edchovic m\u016f\u017eeme tedy p\u0159ijet ji\u017e ve zna\u010dn\u00e9 rychlosti, ale mo\u017en\u00e1 by to byla \u0161koda, proto\u017ee ji\u017e p\u0159ed nimi se m\u016f\u017eeme op\u011bt rozhl\u00e9dnout do jizerskohorsk\u00e9 krajiny, nyn\u00ed je v\u0161ak obzor mnohem \u0161ir\u0161\u00ed. Kdy\u017e mineme odbo\u010dku na rozhlednu \u0160t\u011bp\u00e1nka, na kterou to je odsud necel\u00fd kilometr, sledujeme hlavn\u011b t\u00e9m\u011b\u0159 na obzoru \u00fadoln\u00ed n\u00e1dr\u017e Sou\u0161 a v d\u00e1lce za n\u00ed t\u0159et\u00ed nejvy\u0161\u0161\u00ed vrchol Jizersk\u00fdch hor Jizeru (1122 m.n.m.), s jej\u00edmi typick\u00fdmi skaln\u00edmi \u00fatvary na vrcholku. St\u00e1le pad\u00e1me do \u00fadol\u00ed, a\u017e k motorestu Beseda, kde m\u00e1me mo\u017enost pokra\u010dovat nejkrat\u0161\u00ed cestou do Harrachova po st\u00e1tn\u00ed silnici vedouc\u00ed na hranice, ale my vol\u00edme rad\u011bji men\u0161\u00ed okliku p\u0159es Horn\u00ed Polubn\u00fd, kde je daleko men\u0161\u00ed provoz a hez\u010d\u00ed proj\u00ed\u017e\u010fka. Tedy za motorestem zahneme doprava, jedeme asi 100 metr\u016f a pak odbo\u010dujeme doleva. Ji\u017e po rovin\u011b a pak z kopce se dostaneme do Polubn\u00e9ho, cestou sledujeme po prav\u00e9 stran\u011b nikdy nepou\u017eit\u00e1 opevn\u011bn\u00ed proti ve t\u0159ic\u00e1t\u00fdch letech se rozp\u00ednaj\u00edc\u00edmu N\u011bmecku. V Polubn\u00e9m u kostela odbo\u010d\u00edme vpravo, ale hned zase odbo\u010dujeme vlevo a p\u011bkn\u011b \u0161lapeme do kope\u010dka a sledujeme jak se vzdalujeme z Horn\u00edho Polubn\u00e9ho. M\u00edj\u00edme op\u011bt n\u011bkolik opevn\u011bn\u00ed proti N\u011bmc\u016fm a po 2300 metrech m\u00edsty a\u017e nep\u0159\u00edjemn\u00e9ho stoup\u00e1n\u00ed se octneme na m\u00edst\u011b zvan\u00e9m V\u00e1clav\u00edkova Stud\u00e1nka. V jedn\u00e9 z t\u011bch chalup po prav\u00e9 stran\u011b maj\u00ed Bernard\u00fdna velk\u00e9ho jako medv\u011bda, tak pozor, aby n\u00e1s nese\u017eral. Kousek za shlukem n\u011bkolika dom\u016f se n\u00e1m otev\u0159e pohled na z\u00e1padn\u00ed Krkono\u0161e a celkem lehko na svaz\u00edch rozezn\u00e1v\u00e1me harrachovsk\u00e9 skokansk\u00e9 m\u016fstky. M\u00edrn\u011b stoup\u00e1me je\u0161t\u011b asi kilometr a pak si vychutn\u00e1me kr\u00e1sn\u00fd se\u0161up kolem samoty zvan\u00e9 Na Kobyle, kter\u00e1 se n\u00e1m z\u0159ejm\u011b jen mihne po lev\u00e9 stran\u011b. To z\u00e1le\u017e\u00ed, jak moc si budeme vychutn\u00e1vat ten se\u0161up. Po se\u0161upu p\u0159ijde zase n\u00e1\u0161up, teda jako stoup\u00e1n\u00ed do kopce, ale to ji\u017e nem\u00e1 dlouh\u00e9ho trv\u00e1n\u00ed a za chv\u00edli se p\u0159ed n\u00e1mi objev\u00ed ona naho\u0159e zm\u00edn\u011bn\u00e1 kr\u00e1lovna Jizersk\u00fdch hor, horsk\u00e1 osada Jizerka.<br \/>\nV podstat\u011b p\u0159\u00edmo p\u0159ed n\u00e1mi se ani nezd\u00e1 b\u00fdti p\u0159\u00edli\u0161 n\u00e1padn\u00fdm kopec sope\u010dn\u00e9ho p\u016fvodu Bukovec (1005 m.n.m), kter\u00fd je naprostou dominantou pro tuto osadu. Ale to pozn\u00e1me a\u017e pozd\u011bji, a\u017e se na n\u011bj budeme d\u00edvat z jin\u00e9 strany. Parkovi\u0161t\u011b b\u00fdv\u00e1 p\u0159\u00edli\u0161 ru\u0161n\u00e9, proto ob\u010derstven\u00ed odlo\u017e\u00edme na pozd\u011bji a vrhneme se do nitra t\u00e9 n\u00e1dhery. Kles\u00e1me a\u017e k hotelu Pyramida a pak pokra\u010dujeme k Pansk\u00e9mu domu a Pensionu Skl\u00e1rna, kde jsou ve v\u00fdb\u011bhu kon\u011b a v\u0161ude kolem se v\u011bt\u0161inou pase p\u011bkn\u00e1 tlupa \u010d\u00ednsk\u00fdch prasat, co maj b\u0159icha a\u017e na zem. Tady bych r\u00e1d zd\u016fraznil mo\u017enost zaj\u00edt do zdej\u0161\u00edho muzea.<br \/>\nKdy\u017e toti\u017e zabo\u010d\u00edme za Skl\u00e1rnou doprava, tak asi po 100m je celkem nen\u00e1padnej domek a v n\u011bm expozice o Jizersk\u00fdch hor\u00e1ch. Nev\u00edm, kdo to vlastn\u011b spravuje, ale \u0159eknu V\u00e1m, \u017ee zn\u00e1m os\u016fbku \u017eensk\u00e9ho pohlav\u00ed, kter\u00e9 se zde dostalo mil\u00e9ho p\u0159ijet\u00ed. Nejen \u017ee se dozv\u00edme spoustu zaj\u00edmav\u00fdch v\u011bc\u00ed, ale kdy\u017e je venku slota, m\u016f\u017eeme se oh\u0159\u00e1t u krbu a n\u00e1davkem dostaneme t\u0159eba i hrnek \u010daje. Kdy\u017e se pat\u0159i\u010dn\u011b oh\u0159ejeme u krbu, pokra\u010dujeme v krasoj\u00edzd\u011b po rovin\u011b, p\u0159ej\u00ed\u017ed\u00edme \u0159\u00ed\u010dku Jizerka, men\u0161\u00ed sestru Jizery a ocit\u00e1me se na rozcest\u00ed. Pokud uhneme doprava na Lasi\u010d\u00ed cestu, \u010dek\u00e1 n\u00e1s mo\u017en\u00e1 taky pramen Jizery, ale my se pro dne\u0161ek d\u00e1me rovn\u011b za nosem a hned po n\u011bkolika metrech m\u00e1me p\u0159ed sebou Hnojov\u00fd d\u016fm, d\u016fm pln\u00fd v\u0161eho mo\u017en\u00e9ho ze v\u0161ech konc\u016f sv\u011bta. Pokra\u010dujeme pak d\u00e1le k Chat\u011b Pe\u0161\u00e1kovna, kde se d\u00e1 sed\u011bt s pivem dob\u0159e i venku a je odtud asi nejlep\u0161\u00ed v\u00fdhled na celou osadu Jizerka. Te\u010f u\u017e vid\u00edme, za\u010d je toho Bukovec.<\/p>\n<div style=\"width: 353px\" class=\"wp-caption alignright\"><img loading=\"lazy\" decoding=\"async\" class=\"ngg-singlepic ngg-right\" src=\"http:\/\/www.sklenarice.com\/wp-content\/gallery\/barevne-foceno-digitalem\/g040822018.jpg\" alt=\"Bukovec\" width=\"343\" height=\"257\" \/><p class=\"wp-caption-text\">Bukovec<\/p><\/div>\n<p style=\"text-align: justify;\">Opou\u0161t\u00edme Jizerka a vyd\u00e1v\u00e1me se p\u0159es ra\u0161elini\u0161t\u011b Jizerky sm\u011brem na Sm\u011bdavu. Nev\u0161\u00edm\u00e1me si p\u0159itom toho, \u017ee velice slu\u0161n\u011b \u0161lapeme do ped\u00e1l\u016f a najednou se octneme u zimn\u00edho kiosku, na nejvy\u0161\u0161\u00edm m\u00edst\u011b dne\u0161n\u00ed v\u00fdpravy, v nadmo\u0159sk\u00e9 v\u00fd\u0161ce asi 940 m.n.m. I vyu\u017eijeme t\u00e9to v\u00fd\u0161ky a rozhl\u00e9dneme se kolem. M\u016f\u017eeme je\u0161t\u011b zavzpom\u00ednat na Bukovec, kter\u00fd se n\u00e1m u\u017e tro\u0161ku ztr\u00e1c\u00ed v d\u00e1lce, ale st\u00e1le je vlastn\u011b s n\u00e1mi a nebo se u\u017e v\u011bnujeme dal\u0161\u00edm c\u00edl\u016fm, t\u0159eba Smrku (1124 m.n.m.), kter\u00fd jde ale jen t\u011b\u017eko ve spleti kopc\u016f rozeznat. Po koch\u00e1n\u00ed se krajinou se m\u016f\u017eeme nechat odv\u00e9st a\u017e na Sm\u011bdavu, proto\u017ee to tam je docela hezkej se\u0161up. Pozor dole na z\u00e1voru, kter\u00e1 sem m\u00e1 zabr\u00e1nit vjezdu aut, aby nezabr\u00e1nila n\u00e1m v n\u011b\u010dem podobn\u00e9m. A jsme na Sm\u011bdav\u011b. Jsme vlastn\u011b pod t\u0159et\u00edm nejvy\u0161\u0161\u00edm vrcholkem Jizersk\u00fdch hor, Jizerou (1122 m.n.m.), ale na jej\u00ed poko\u0159en\u00ed rad\u011bji zapomeneme. To my si rad\u011bji z mnoha mo\u017enost\u00ed, kam odsud vyrazit, vybereme tu, kter\u00e1 n\u00e1s vlastn\u011b u\u017e obr\u00e1t\u00ed zp\u011bt do Sklena\u0159ic, to znamen\u00e1, \u017ee po sjezdu od toho zimn\u00edho kiosku se d\u00e1me doleva a zase stoup\u00e1me nahoru. M\u00e1lem bych zapomn\u011bl, v\u0161ude se pohybujeme po kvalitn\u00edch asfaltov\u00fdch cest\u00e1ch. U Stud\u00e1nky se kopec p\u0159elom\u00ed a my kles\u00e1me vlastn\u011b a\u017e k vodn\u00ed n\u00e1dr\u017ei na \u010cern\u00e9 Desn\u00e9 &#8211; Sou\u0161i. Je to divn\u00e9, ale kles\u00e1me tak\u00e9 k jednomu z vrchol\u016f dne\u0161n\u00ed cesty. Mus\u00ed se to vid\u011bt, popisuje se to t\u011b\u017eko. V t\u00e9to lokalit\u011b se zdr\u017eujeme vylu\u010dov\u00e1n\u00ed \u010dehokoliv, nechceme p\u0159ece otr\u00e1vit lidi v Jablonci nad Nisou, kam se odsud dod\u00e1v\u00e1 pitn\u00e1 voda a tedy bohu\u017eel mus\u00edme zapomenout i na koup\u00e1n\u00ed. Taky by n\u00e1s pak mohl n\u011bkdo p\u011bkn\u011b zkoupat. \ud83d\ude42 Opust\u00edme rovinu kolem p\u0159ehrady, kter\u00e1 byla vybudov\u00e1na v letech 1912-15. Jej\u00ed zlobiv\u011bj\u0161\u00ed sestra zbudovan\u00e1 ve stejn\u00fdch letech tak\u00e9 jako sypan\u00e1 hr\u00e1z na sousedn\u00ed B\u00edl\u00e9 Desn\u00e9 se roku 1916 protrhla. Postupn\u011b ztr\u00e1c\u00edme nadmo\u0159skou v\u00fd\u0161ku a\u017e k odbo\u010dce na Desnou a Horn\u00ed Polubn\u00fd, kde si vybereme bohu\u017eel tu variantu do kopce, op\u011bt pomalu nab\u00edr\u00e1me ztracenou nadmo\u0159skou v\u00fd\u0161ku a vrac\u00edme se ke kostelu, odkud ji\u017e cestu do Sklena\u0159ic zvl\u00e1dneme, proto\u017ee jsme po n\u00ed sem p\u0159ijeli.<\/p>\n","protected":false},"excerpt":{"rendered":"<p>&#8212; ?? km &#8212; TRASA: Sklena\u0159ice &#8211; \u010cerm\u00e1kovy Rovn\u011b (2km) &#8211; Rejdice (4km) &#8211; P\u0159\u00edchovice, odb. na \u0160t\u011bp\u00e1nku (7,5km) &#8211; P\u0159\u00edchovice, motorest Beseda (9km) &#8211; Horn\u00ed Polubn\u00fd, kostel (11,5km) &#8211; V\u00e1clav\u00edkova Stud\u00e1nka (13,8km) &#8211; Jizerka, parkovi\u0161t\u011b u Pensionu Pod Bukovcem (17km) &#8211; Jizerka, odb. na Lasi\u010d\u00ed cestu (18,5) &#8211; Jizerka, Hnojov\u00fd d\u016fm (18,7km) &#8211; Jizerka, [&hellip;]<\/p>\n","protected":false},"author":1,"featured_media":0,"parent":54,"menu_order":0,"comment_status":"closed","ping_status":"closed","template":"","meta":{"ngg_post_thumbnail":0,"footnotes":""},"class_list":["post-64","page","type-page","status-publish","hentry"],"yoast_head":"<!-- This site is optimized with the Yoast SEO plugin v27.5 - https:\/\/yoast.com\/product\/yoast-seo-wordpress\/ -->\n<title>Putov\u00e1n\u00ed za kr\u00e1lovnou Jizersk\u00fdch hor - Sklena\u0159ice<\/title>\n<meta name=\"robots\" content=\"index, follow, max-snippet:-1, max-image-preview:large, max-video-preview:-1\" \/>\n<link rel=\"canonical\" href=\"https:\/\/www.sklenarice.com\/aktuality\/tipy\/vylety\/putovani-za-kralovnou-jizerskych-hor\/\" \/>\n<meta property=\"og:locale\" content=\"cs_CZ\" \/>\n<meta property=\"og:type\" content=\"article\" \/>\n<meta property=\"og:title\" content=\"Putov\u00e1n\u00ed za kr\u00e1lovnou Jizersk\u00fdch hor - Sklena\u0159ice\" \/>\n<meta property=\"og:description\" content=\"&#8212; ?? km &#8212; TRASA: Sklena\u0159ice &#8211; \u010cerm\u00e1kovy Rovn\u011b (2km) &#8211; Rejdice (4km) &#8211; P\u0159\u00edchovice, odb. na \u0160t\u011bp\u00e1nku (7,5km) &#8211; P\u0159\u00edchovice, motorest Beseda (9km) &#8211; Horn\u00ed Polubn\u00fd, kostel (11,5km) &#8211; V\u00e1clav\u00edkova Stud\u00e1nka (13,8km) &#8211; Jizerka, parkovi\u0161t\u011b u Pensionu Pod Bukovcem (17km) &#8211; Jizerka, odb. na Lasi\u010d\u00ed cestu (18,5) &#8211; Jizerka, Hnojov\u00fd d\u016fm (18,7km) &#8211; Jizerka, [&hellip;]\" \/>\n<meta property=\"og:url\" content=\"https:\/\/www.sklenarice.com\/aktuality\/tipy\/vylety\/putovani-za-kralovnou-jizerskych-hor\/\" \/>\n<meta property=\"og:site_name\" content=\"Sklena\u0159ice\" \/>\n<meta property=\"article:publisher\" content=\"https:\/\/www.facebook.com\/sklenky\/\" \/>\n<meta property=\"article:modified_time\" content=\"2015-01-12T20:22:53+00:00\" \/>\n<meta property=\"og:image\" content=\"http:\/\/www.sklenarice.com\/wp-content\/gallery\/barevne-foceno-digitalem\/g040822018.jpg\" \/>\n<meta name=\"twitter:card\" content=\"summary_large_image\" \/>\n<meta name=\"twitter:label1\" content=\"Odhadovan\u00e1 doba \u010dten\u00ed\" \/>\n\t<meta name=\"twitter:data1\" content=\"8 minut\" \/>\n<script type=\"application\/ld+json\" class=\"yoast-schema-graph\">{\"@context\":\"https:\\\/\\\/schema.org\",\"@graph\":[{\"@type\":\"WebPage\",\"@id\":\"https:\\\/\\\/www.sklenarice.com\\\/aktuality\\\/tipy\\\/vylety\\\/putovani-za-kralovnou-jizerskych-hor\\\/\",\"url\":\"https:\\\/\\\/www.sklenarice.com\\\/aktuality\\\/tipy\\\/vylety\\\/putovani-za-kralovnou-jizerskych-hor\\\/\",\"name\":\"Putov\u00e1n\u00ed za kr\u00e1lovnou Jizersk\u00fdch hor - Sklena\u0159ice\",\"isPartOf\":{\"@id\":\"https:\\\/\\\/www.sklenarice.com\\\/aktuality\\\/#website\"},\"primaryImageOfPage\":{\"@id\":\"https:\\\/\\\/www.sklenarice.com\\\/aktuality\\\/tipy\\\/vylety\\\/putovani-za-kralovnou-jizerskych-hor\\\/#primaryimage\"},\"image\":{\"@id\":\"https:\\\/\\\/www.sklenarice.com\\\/aktuality\\\/tipy\\\/vylety\\\/putovani-za-kralovnou-jizerskych-hor\\\/#primaryimage\"},\"thumbnailUrl\":\"http:\\\/\\\/www.sklenarice.com\\\/wp-content\\\/gallery\\\/barevne-foceno-digitalem\\\/g040822018.jpg\",\"datePublished\":\"2014-08-16T14:28:23+00:00\",\"dateModified\":\"2015-01-12T20:22:53+00:00\",\"breadcrumb\":{\"@id\":\"https:\\\/\\\/www.sklenarice.com\\\/aktuality\\\/tipy\\\/vylety\\\/putovani-za-kralovnou-jizerskych-hor\\\/#breadcrumb\"},\"inLanguage\":\"cs\",\"potentialAction\":[{\"@type\":\"ReadAction\",\"target\":[\"https:\\\/\\\/www.sklenarice.com\\\/aktuality\\\/tipy\\\/vylety\\\/putovani-za-kralovnou-jizerskych-hor\\\/\"]}]},{\"@type\":\"ImageObject\",\"inLanguage\":\"cs\",\"@id\":\"https:\\\/\\\/www.sklenarice.com\\\/aktuality\\\/tipy\\\/vylety\\\/putovani-za-kralovnou-jizerskych-hor\\\/#primaryimage\",\"url\":\"http:\\\/\\\/www.sklenarice.com\\\/wp-content\\\/gallery\\\/barevne-foceno-digitalem\\\/g040822018.jpg\",\"contentUrl\":\"http:\\\/\\\/www.sklenarice.com\\\/wp-content\\\/gallery\\\/barevne-foceno-digitalem\\\/g040822018.jpg\"},{\"@type\":\"BreadcrumbList\",\"@id\":\"https:\\\/\\\/www.sklenarice.com\\\/aktuality\\\/tipy\\\/vylety\\\/putovani-za-kralovnou-jizerskych-hor\\\/#breadcrumb\",\"itemListElement\":[{\"@type\":\"ListItem\",\"position\":1,\"name\":\"Dom\u016f\",\"item\":\"https:\\\/\\\/www.sklenarice.com\\\/aktuality\\\/\"},{\"@type\":\"ListItem\",\"position\":2,\"name\":\"Tipy\",\"item\":\"https:\\\/\\\/www.sklenarice.com\\\/aktuality\\\/tipy\\\/\"},{\"@type\":\"ListItem\",\"position\":3,\"name\":\"Cyklov\u00fdlety\",\"item\":\"https:\\\/\\\/www.sklenarice.com\\\/aktuality\\\/tipy\\\/vylety\\\/\"},{\"@type\":\"ListItem\",\"position\":4,\"name\":\"Putov\u00e1n\u00ed za kr\u00e1lovnou Jizersk\u00fdch hor\"}]},{\"@type\":\"WebSite\",\"@id\":\"https:\\\/\\\/www.sklenarice.com\\\/aktuality\\\/#website\",\"url\":\"https:\\\/\\\/www.sklenarice.com\\\/aktuality\\\/\",\"name\":\"Sklena\u0159ice\",\"description\":\"str\u00e1nky obce z podh\u016f\u0159\u00ed Krkono\u0161 a Jizersk\u00fdch hor\",\"potentialAction\":[{\"@type\":\"SearchAction\",\"target\":{\"@type\":\"EntryPoint\",\"urlTemplate\":\"https:\\\/\\\/www.sklenarice.com\\\/aktuality\\\/?s={search_term_string}\"},\"query-input\":{\"@type\":\"PropertyValueSpecification\",\"valueRequired\":true,\"valueName\":\"search_term_string\"}}],\"inLanguage\":\"cs\"}]}<\/script>\n<!-- \/ Yoast SEO plugin. -->","yoast_head_json":{"title":"Putov\u00e1n\u00ed za kr\u00e1lovnou Jizersk\u00fdch hor - Sklena\u0159ice","robots":{"index":"index","follow":"follow","max-snippet":"max-snippet:-1","max-image-preview":"max-image-preview:large","max-video-preview":"max-video-preview:-1"},"canonical":"https:\/\/www.sklenarice.com\/aktuality\/tipy\/vylety\/putovani-za-kralovnou-jizerskych-hor\/","og_locale":"cs_CZ","og_type":"article","og_title":"Putov\u00e1n\u00ed za kr\u00e1lovnou Jizersk\u00fdch hor - Sklena\u0159ice","og_description":"&#8212; ?? km &#8212; TRASA: Sklena\u0159ice &#8211; \u010cerm\u00e1kovy Rovn\u011b (2km) &#8211; Rejdice (4km) &#8211; P\u0159\u00edchovice, odb. na \u0160t\u011bp\u00e1nku (7,5km) &#8211; P\u0159\u00edchovice, motorest Beseda (9km) &#8211; Horn\u00ed Polubn\u00fd, kostel (11,5km) &#8211; V\u00e1clav\u00edkova Stud\u00e1nka (13,8km) &#8211; Jizerka, parkovi\u0161t\u011b u Pensionu Pod Bukovcem (17km) &#8211; Jizerka, odb. na Lasi\u010d\u00ed cestu (18,5) &#8211; Jizerka, Hnojov\u00fd d\u016fm (18,7km) &#8211; Jizerka, [&hellip;]","og_url":"https:\/\/www.sklenarice.com\/aktuality\/tipy\/vylety\/putovani-za-kralovnou-jizerskych-hor\/","og_site_name":"Sklena\u0159ice","article_publisher":"https:\/\/www.facebook.com\/sklenky\/","article_modified_time":"2015-01-12T20:22:53+00:00","og_image":[{"url":"http:\/\/www.sklenarice.com\/wp-content\/gallery\/barevne-foceno-digitalem\/g040822018.jpg","type":"","width":"","height":""}],"twitter_card":"summary_large_image","twitter_misc":{"Odhadovan\u00e1 doba \u010dten\u00ed":"8 minut"},"schema":{"@context":"https:\/\/schema.org","@graph":[{"@type":"WebPage","@id":"https:\/\/www.sklenarice.com\/aktuality\/tipy\/vylety\/putovani-za-kralovnou-jizerskych-hor\/","url":"https:\/\/www.sklenarice.com\/aktuality\/tipy\/vylety\/putovani-za-kralovnou-jizerskych-hor\/","name":"Putov\u00e1n\u00ed za kr\u00e1lovnou Jizersk\u00fdch hor - Sklena\u0159ice","isPartOf":{"@id":"https:\/\/www.sklenarice.com\/aktuality\/#website"},"primaryImageOfPage":{"@id":"https:\/\/www.sklenarice.com\/aktuality\/tipy\/vylety\/putovani-za-kralovnou-jizerskych-hor\/#primaryimage"},"image":{"@id":"https:\/\/www.sklenarice.com\/aktuality\/tipy\/vylety\/putovani-za-kralovnou-jizerskych-hor\/#primaryimage"},"thumbnailUrl":"http:\/\/www.sklenarice.com\/wp-content\/gallery\/barevne-foceno-digitalem\/g040822018.jpg","datePublished":"2014-08-16T14:28:23+00:00","dateModified":"2015-01-12T20:22:53+00:00","breadcrumb":{"@id":"https:\/\/www.sklenarice.com\/aktuality\/tipy\/vylety\/putovani-za-kralovnou-jizerskych-hor\/#breadcrumb"},"inLanguage":"cs","potentialAction":[{"@type":"ReadAction","target":["https:\/\/www.sklenarice.com\/aktuality\/tipy\/vylety\/putovani-za-kralovnou-jizerskych-hor\/"]}]},{"@type":"ImageObject","inLanguage":"cs","@id":"https:\/\/www.sklenarice.com\/aktuality\/tipy\/vylety\/putovani-za-kralovnou-jizerskych-hor\/#primaryimage","url":"http:\/\/www.sklenarice.com\/wp-content\/gallery\/barevne-foceno-digitalem\/g040822018.jpg","contentUrl":"http:\/\/www.sklenarice.com\/wp-content\/gallery\/barevne-foceno-digitalem\/g040822018.jpg"},{"@type":"BreadcrumbList","@id":"https:\/\/www.sklenarice.com\/aktuality\/tipy\/vylety\/putovani-za-kralovnou-jizerskych-hor\/#breadcrumb","itemListElement":[{"@type":"ListItem","position":1,"name":"Dom\u016f","item":"https:\/\/www.sklenarice.com\/aktuality\/"},{"@type":"ListItem","position":2,"name":"Tipy","item":"https:\/\/www.sklenarice.com\/aktuality\/tipy\/"},{"@type":"ListItem","position":3,"name":"Cyklov\u00fdlety","item":"https:\/\/www.sklenarice.com\/aktuality\/tipy\/vylety\/"},{"@type":"ListItem","position":4,"name":"Putov\u00e1n\u00ed za kr\u00e1lovnou Jizersk\u00fdch hor"}]},{"@type":"WebSite","@id":"https:\/\/www.sklenarice.com\/aktuality\/#website","url":"https:\/\/www.sklenarice.com\/aktuality\/","name":"Sklena\u0159ice","description":"str\u00e1nky obce z podh\u016f\u0159\u00ed Krkono\u0161 a Jizersk\u00fdch hor","potentialAction":[{"@type":"SearchAction","target":{"@type":"EntryPoint","urlTemplate":"https:\/\/www.sklenarice.com\/aktuality\/?s={search_term_string}"},"query-input":{"@type":"PropertyValueSpecification","valueRequired":true,"valueName":"search_term_string"}}],"inLanguage":"cs"}]}},"_links":{"self":[{"href":"https:\/\/www.sklenarice.com\/aktuality\/wp-json\/wp\/v2\/pages\/64","targetHints":{"allow":["GET"]}}],"collection":[{"href":"https:\/\/www.sklenarice.com\/aktuality\/wp-json\/wp\/v2\/pages"}],"about":[{"href":"https:\/\/www.sklenarice.com\/aktuality\/wp-json\/wp\/v2\/types\/page"}],"author":[{"embeddable":true,"href":"https:\/\/www.sklenarice.com\/aktuality\/wp-json\/wp\/v2\/users\/1"}],"replies":[{"embeddable":true,"href":"https:\/\/www.sklenarice.com\/aktuality\/wp-json\/wp\/v2\/comments?post=64"}],"version-history":[{"count":3,"href":"https:\/\/www.sklenarice.com\/aktuality\/wp-json\/wp\/v2\/pages\/64\/revisions"}],"predecessor-version":[{"id":722,"href":"https:\/\/www.sklenarice.com\/aktuality\/wp-json\/wp\/v2\/pages\/64\/revisions\/722"}],"up":[{"embeddable":true,"href":"https:\/\/www.sklenarice.com\/aktuality\/wp-json\/wp\/v2\/pages\/54"}],"wp:attachment":[{"href":"https:\/\/www.sklenarice.com\/aktuality\/wp-json\/wp\/v2\/media?parent=64"}],"curies":[{"name":"wp","href":"https:\/\/api.w.org\/{rel}","templated":true}]}}