{"id":74,"date":"2014-08-16T16:42:56","date_gmt":"2014-08-16T14:42:56","guid":{"rendered":"http:\/\/www.sklenarice.com\/?page_id=74"},"modified":"2014-08-27T21:25:16","modified_gmt":"2014-08-27T19:25:16","slug":"z-puvodnich-stranek","status":"publish","type":"page","link":"https:\/\/www.sklenarice.com\/aktuality\/aktuality\/z-puvodnich-stranek\/","title":{"rendered":"Z p\u016fvodn\u00edch str\u00e1nek"},"content":{"rendered":"<div style=\"text-align: justify;\">\n<p><b>15.8.2014<\/b> &#8211; Ve\u010der na Mexiku docela \u017eivo. \u00dadajn\u011b tam popili a p\u0159ed Mexikem pak i pohul\u00e1kali n\u011bjak\u00fd angl\u00e1ni, co bydlej u Bla\u017ek\u016f. Ve\u010der na\u0161t\u011bst\u00ed za\u010dalo pr\u0161et a bylo po hulasu. \ud83d\ude42<\/p>\n<p><b>26.12.2009<\/b> &#8211; Dnes jsem si v\u0161imnul, \u017ee m\u00e1me u\u017e zase zp\u00e1tky na m\u00edst\u011b renovovan\u00fd Tom\u00e1\u0161\u016fv k\u0159\u00ed\u017e. O opravu se zaslou\u017eila rodina Holcova ze Sklena\u0159ic.<\/p>\n<p><b>17.12.2009<\/b> &#8211; V Lidovk\u00e1ch vy\u0161el zaj\u00edmav\u00fd <a title=\"Tour des Farmes po \u010desku\" href=\"http:\/\/www.lidovky.cz\/tour-des-farmes-po-cesku-cerstve-potraviny-primo-z-farmy-pev-\/dobra-chut.asp?c=A091217_101924_dobra-chut_glu\" target=\"_blank\">\u010dl\u00e1nek<\/a> , kter\u00fd se t\u00fdk\u00e1 i Sklena\u0159ic a m\u00edstn\u00edho vyhl\u00e1\u0161en\u00e9ho \u010derven\u00e9ho zel\u00ed.<\/p>\n<p><b>26.3.2009 <\/b> &#8211; Zima fakt neskute\u010dn\u011b bojuje. Teploty pod nulou, sn\u011b\u017een\u00ed typu &#8220;b\u00edl\u00e1 tma&#8221; a motory sn\u011bhov\u00fdch fr\u00e9z, to je obr\u00e1zek kon\u010d\u00edc\u00edho b\u0159ezna ve Sklena\u0159ic\u00edch.<\/p>\n<p><b>21.3.2009<\/b> &#8211; Kr\u00e1sn\u00fd slune\u010dn\u00fd den. Ale zima. Teploty jen kolem 4\u00b0C. Tak\u017ee sn\u00edh, po kter\u00e9m je\u0161t\u011b i sem tam n\u011bjak\u00fd b\u011b\u017eka\u0159 projede, moc neub\u00fdv\u00e1, je ho st\u00e1le n\u011bco p\u0159es 20 cm. I kdy\u017e meze jsou u\u017e hol\u00e9. \ud83d\ude42<\/p>\n<p><b>15.3.2009<\/b> &#8211; Klasicky se ten p\u0159\u00edchod jara t\u00e1hne &#8230; no mus\u00edme je\u0161t\u011b po\u010dkat tak do p\u016flky kv\u011btna, pak bude tro\u0161ku teplo &#8230;<\/p>\n<p><b>7.3.2009<\/b> &#8211; Jaro je tady, jsou tu prvn\u00ed \u0161pa\u010dci!<\/p>\n<p><b>6.3.2009<\/b> &#8211; Za t\u00fdden tepl\u00e9ho po\u010das\u00ed je 50 cm sn\u011bhu pry\u010d. Dnes je u\u017e jenom n\u011bco do 30ti centimetr\u016f sn\u011bhu.<\/p>\n<p><b>1.3.2009<\/b> &#8211; Tak jarn\u00ed obleva d\u011bl\u00e1 divy. U\u017e m\u00e1me jen n\u011bco kolem 60 sn\u011bhu.<\/p>\n<p><b>28.2.2009<\/b> &#8211; Dnes chodili hasi\u010di zv\u00e1t na <a href=\"http:\/\/sklenarice.com\/Aktuality\/Kalendar\/%28month%29\/3\/%28year%29\/2009\" target=\"_self\">Bab\u00ed hop<\/a> . V Ho\u0159ensku Iveta J\u00f3nov\u00e1 a Lenka Noskov\u00e1 (od Honzy), v Dolensku chodili ti dva ho\u0161i, co d\u011blaj p\u00e1rky.<\/p>\n<p><b>27.2.2009<\/b> &#8211; Ve Vysok\u00fdm maj\u00ed kalamitn\u00ed stav, na n\u00e1m\u011bst\u00ed zapadan\u00fd auta sn\u011bhem, t\u00edm p\u00e1dem n\u00e1m\u011bst\u00ed neuklizen\u00fd a pr\u016fjezd ulicema, to je tokovej horor, pad\u00e1 tam sn\u00edh se st\u0159ech, m\u011bli tam nasazenou t\u011b\u017ekou techniku , ale t\u00edm p\u00e1dem chv\u00edlem \u00fapln\u011b zastavenej provoz a t\u011bch aut (n\u00e1v\u0161t\u011bvn\u00edk\u016f) mraky.<\/p>\n<p>Taky n\u00e1m vyso\u010d\u00e1ci opravili tu vodu. Probl\u00e9m byl nakonec v tom, \u017ee m\u011b\u0159\u00e1k, kterej n\u00e1m sem dali na m\u011b\u0159en\u00ed odb\u011bru Sklena\u0159ic, nepropu\u0161t\u011bl \u017e\u00e1dnou vodu. Metody Gazpromu ve Sklena\u0159ic\u00edch. \ud83d\ude42<\/p>\n<p><b>26.2.2009<\/b> &#8211; ve Sklena\u0159ic\u00edch m\u00e1me probl\u00e9my s vodou. A Vyso\u010d\u00e1ci, na\u0161e slavn\u00e1 samospr\u00e1va ve Vysok\u00fdm, na to ka\u0161lou. \ud83d\ude41<\/p>\n<p><b>23.2.2009<\/b> &#8211; m\u00e1me tu nejv\u00edc sn\u011bhu za celou zimu. Podle m\u011b\u0159en\u00ed meteorologick\u00e9 stanice Hamburk je 75 cm sn\u011bhu.<\/p>\n<\/div>\n","protected":false},"excerpt":{"rendered":"<p>15.8.2014 &#8211; Ve\u010der na Mexiku docela \u017eivo. \u00dadajn\u011b tam popili a p\u0159ed Mexikem pak i pohul\u00e1kali n\u011bjak\u00fd angl\u00e1ni, co bydlej u Bla\u017ek\u016f. Ve\u010der na\u0161t\u011bst\u00ed za\u010dalo pr\u0161et a bylo po hulasu. \ud83d\ude42 26.12.2009 &#8211; Dnes jsem si v\u0161imnul, \u017ee m\u00e1me u\u017e zase zp\u00e1tky na m\u00edst\u011b renovovan\u00fd Tom\u00e1\u0161\u016fv k\u0159\u00ed\u017e. O opravu se zaslou\u017eila rodina Holcova ze Sklena\u0159ic. [&hellip;]<\/p>\n","protected":false},"author":1,"featured_media":0,"parent":72,"menu_order":0,"comment_status":"closed","ping_status":"closed","template":"","meta":{"ngg_post_thumbnail":0,"footnotes":""},"class_list":["post-74","page","type-page","status-publish","hentry"],"yoast_head":"<!-- This site is optimized with the Yoast SEO plugin v27.4 - https:\/\/yoast.com\/product\/yoast-seo-wordpress\/ -->\n<title>Z p\u016fvodn\u00edch str\u00e1nek - Sklena\u0159ice<\/title>\n<meta name=\"robots\" content=\"index, follow, max-snippet:-1, max-image-preview:large, max-video-preview:-1\" \/>\n<link rel=\"canonical\" href=\"https:\/\/www.sklenarice.com\/aktuality\/aktuality\/z-puvodnich-stranek\/\" \/>\n<meta property=\"og:locale\" content=\"cs_CZ\" \/>\n<meta property=\"og:type\" content=\"article\" \/>\n<meta property=\"og:title\" content=\"Z p\u016fvodn\u00edch str\u00e1nek - Sklena\u0159ice\" \/>\n<meta property=\"og:description\" content=\"15.8.2014 &#8211; Ve\u010der na Mexiku docela \u017eivo. \u00dadajn\u011b tam popili a p\u0159ed Mexikem pak i pohul\u00e1kali n\u011bjak\u00fd angl\u00e1ni, co bydlej u Bla\u017ek\u016f. Ve\u010der na\u0161t\u011bst\u00ed za\u010dalo pr\u0161et a bylo po hulasu. \ud83d\ude42 26.12.2009 &#8211; Dnes jsem si v\u0161imnul, \u017ee m\u00e1me u\u017e zase zp\u00e1tky na m\u00edst\u011b renovovan\u00fd Tom\u00e1\u0161\u016fv k\u0159\u00ed\u017e. O opravu se zaslou\u017eila rodina Holcova ze Sklena\u0159ic. [&hellip;]\" \/>\n<meta property=\"og:url\" content=\"https:\/\/www.sklenarice.com\/aktuality\/aktuality\/z-puvodnich-stranek\/\" \/>\n<meta property=\"og:site_name\" content=\"Sklena\u0159ice\" \/>\n<meta property=\"article:publisher\" content=\"https:\/\/www.facebook.com\/sklenky\/\" \/>\n<meta property=\"article:modified_time\" content=\"2014-08-27T19:25:16+00:00\" \/>\n<meta name=\"twitter:card\" content=\"summary_large_image\" \/>\n<meta name=\"twitter:label1\" content=\"Odhadovan\u00e1 doba \u010dten\u00ed\" \/>\n\t<meta name=\"twitter:data1\" content=\"2 minuty\" \/>\n<script type=\"application\/ld+json\" class=\"yoast-schema-graph\">{\"@context\":\"https:\\\/\\\/schema.org\",\"@graph\":[{\"@type\":\"WebPage\",\"@id\":\"https:\\\/\\\/www.sklenarice.com\\\/aktuality\\\/aktuality\\\/z-puvodnich-stranek\\\/\",\"url\":\"https:\\\/\\\/www.sklenarice.com\\\/aktuality\\\/aktuality\\\/z-puvodnich-stranek\\\/\",\"name\":\"Z p\u016fvodn\u00edch str\u00e1nek - Sklena\u0159ice\",\"isPartOf\":{\"@id\":\"https:\\\/\\\/www.sklenarice.com\\\/aktuality\\\/#website\"},\"datePublished\":\"2014-08-16T14:42:56+00:00\",\"dateModified\":\"2014-08-27T19:25:16+00:00\",\"breadcrumb\":{\"@id\":\"https:\\\/\\\/www.sklenarice.com\\\/aktuality\\\/aktuality\\\/z-puvodnich-stranek\\\/#breadcrumb\"},\"inLanguage\":\"cs\",\"potentialAction\":[{\"@type\":\"ReadAction\",\"target\":[\"https:\\\/\\\/www.sklenarice.com\\\/aktuality\\\/aktuality\\\/z-puvodnich-stranek\\\/\"]}]},{\"@type\":\"BreadcrumbList\",\"@id\":\"https:\\\/\\\/www.sklenarice.com\\\/aktuality\\\/aktuality\\\/z-puvodnich-stranek\\\/#breadcrumb\",\"itemListElement\":[{\"@type\":\"ListItem\",\"position\":1,\"name\":\"Dom\u016f\",\"item\":\"https:\\\/\\\/www.sklenarice.com\\\/aktuality\\\/\"},{\"@type\":\"ListItem\",\"position\":2,\"name\":\"Aktuality\",\"item\":\"https:\\\/\\\/www.sklenarice.com\\\/aktuality\\\/\"},{\"@type\":\"ListItem\",\"position\":3,\"name\":\"Z p\u016fvodn\u00edch str\u00e1nek\"}]},{\"@type\":\"WebSite\",\"@id\":\"https:\\\/\\\/www.sklenarice.com\\\/aktuality\\\/#website\",\"url\":\"https:\\\/\\\/www.sklenarice.com\\\/aktuality\\\/\",\"name\":\"Sklena\u0159ice\",\"description\":\"str\u00e1nky obce z podh\u016f\u0159\u00ed Krkono\u0161 a Jizersk\u00fdch hor\",\"potentialAction\":[{\"@type\":\"SearchAction\",\"target\":{\"@type\":\"EntryPoint\",\"urlTemplate\":\"https:\\\/\\\/www.sklenarice.com\\\/aktuality\\\/?s={search_term_string}\"},\"query-input\":{\"@type\":\"PropertyValueSpecification\",\"valueRequired\":true,\"valueName\":\"search_term_string\"}}],\"inLanguage\":\"cs\"}]}<\/script>\n<!-- \/ Yoast SEO plugin. -->","yoast_head_json":{"title":"Z p\u016fvodn\u00edch str\u00e1nek - Sklena\u0159ice","robots":{"index":"index","follow":"follow","max-snippet":"max-snippet:-1","max-image-preview":"max-image-preview:large","max-video-preview":"max-video-preview:-1"},"canonical":"https:\/\/www.sklenarice.com\/aktuality\/aktuality\/z-puvodnich-stranek\/","og_locale":"cs_CZ","og_type":"article","og_title":"Z p\u016fvodn\u00edch str\u00e1nek - Sklena\u0159ice","og_description":"15.8.2014 &#8211; Ve\u010der na Mexiku docela \u017eivo. \u00dadajn\u011b tam popili a p\u0159ed Mexikem pak i pohul\u00e1kali n\u011bjak\u00fd angl\u00e1ni, co bydlej u Bla\u017ek\u016f. Ve\u010der na\u0161t\u011bst\u00ed za\u010dalo pr\u0161et a bylo po hulasu. \ud83d\ude42 26.12.2009 &#8211; Dnes jsem si v\u0161imnul, \u017ee m\u00e1me u\u017e zase zp\u00e1tky na m\u00edst\u011b renovovan\u00fd Tom\u00e1\u0161\u016fv k\u0159\u00ed\u017e. O opravu se zaslou\u017eila rodina Holcova ze Sklena\u0159ic. [&hellip;]","og_url":"https:\/\/www.sklenarice.com\/aktuality\/aktuality\/z-puvodnich-stranek\/","og_site_name":"Sklena\u0159ice","article_publisher":"https:\/\/www.facebook.com\/sklenky\/","article_modified_time":"2014-08-27T19:25:16+00:00","twitter_card":"summary_large_image","twitter_misc":{"Odhadovan\u00e1 doba \u010dten\u00ed":"2 minuty"},"schema":{"@context":"https:\/\/schema.org","@graph":[{"@type":"WebPage","@id":"https:\/\/www.sklenarice.com\/aktuality\/aktuality\/z-puvodnich-stranek\/","url":"https:\/\/www.sklenarice.com\/aktuality\/aktuality\/z-puvodnich-stranek\/","name":"Z p\u016fvodn\u00edch str\u00e1nek - Sklena\u0159ice","isPartOf":{"@id":"https:\/\/www.sklenarice.com\/aktuality\/#website"},"datePublished":"2014-08-16T14:42:56+00:00","dateModified":"2014-08-27T19:25:16+00:00","breadcrumb":{"@id":"https:\/\/www.sklenarice.com\/aktuality\/aktuality\/z-puvodnich-stranek\/#breadcrumb"},"inLanguage":"cs","potentialAction":[{"@type":"ReadAction","target":["https:\/\/www.sklenarice.com\/aktuality\/aktuality\/z-puvodnich-stranek\/"]}]},{"@type":"BreadcrumbList","@id":"https:\/\/www.sklenarice.com\/aktuality\/aktuality\/z-puvodnich-stranek\/#breadcrumb","itemListElement":[{"@type":"ListItem","position":1,"name":"Dom\u016f","item":"https:\/\/www.sklenarice.com\/aktuality\/"},{"@type":"ListItem","position":2,"name":"Aktuality","item":"https:\/\/www.sklenarice.com\/aktuality\/"},{"@type":"ListItem","position":3,"name":"Z p\u016fvodn\u00edch str\u00e1nek"}]},{"@type":"WebSite","@id":"https:\/\/www.sklenarice.com\/aktuality\/#website","url":"https:\/\/www.sklenarice.com\/aktuality\/","name":"Sklena\u0159ice","description":"str\u00e1nky obce z podh\u016f\u0159\u00ed Krkono\u0161 a Jizersk\u00fdch hor","potentialAction":[{"@type":"SearchAction","target":{"@type":"EntryPoint","urlTemplate":"https:\/\/www.sklenarice.com\/aktuality\/?s={search_term_string}"},"query-input":{"@type":"PropertyValueSpecification","valueRequired":true,"valueName":"search_term_string"}}],"inLanguage":"cs"}]}},"_links":{"self":[{"href":"https:\/\/www.sklenarice.com\/aktuality\/wp-json\/wp\/v2\/pages\/74","targetHints":{"allow":["GET"]}}],"collection":[{"href":"https:\/\/www.sklenarice.com\/aktuality\/wp-json\/wp\/v2\/pages"}],"about":[{"href":"https:\/\/www.sklenarice.com\/aktuality\/wp-json\/wp\/v2\/types\/page"}],"author":[{"embeddable":true,"href":"https:\/\/www.sklenarice.com\/aktuality\/wp-json\/wp\/v2\/users\/1"}],"replies":[{"embeddable":true,"href":"https:\/\/www.sklenarice.com\/aktuality\/wp-json\/wp\/v2\/comments?post=74"}],"version-history":[{"count":2,"href":"https:\/\/www.sklenarice.com\/aktuality\/wp-json\/wp\/v2\/pages\/74\/revisions"}],"predecessor-version":[{"id":202,"href":"https:\/\/www.sklenarice.com\/aktuality\/wp-json\/wp\/v2\/pages\/74\/revisions\/202"}],"up":[{"embeddable":true,"href":"https:\/\/www.sklenarice.com\/aktuality\/wp-json\/wp\/v2\/pages\/72"}],"wp:attachment":[{"href":"https:\/\/www.sklenarice.com\/aktuality\/wp-json\/wp\/v2\/media?parent=74"}],"curies":[{"name":"wp","href":"https:\/\/api.w.org\/{rel}","templated":true}]}}