{"id":78,"date":"2014-08-16T16:46:27","date_gmt":"2014-08-16T14:46:27","guid":{"rendered":"http:\/\/www.sklenarice.com\/?page_id=78"},"modified":"2014-08-28T17:30:34","modified_gmt":"2014-08-28T15:30:34","slug":"fotografie","status":"publish","type":"page","link":"https:\/\/www.sklenarice.com\/aktuality\/fotografie\/","title":{"rendered":"Fotografie"},"content":{"rendered":"<p>To bude chv\u00edli trvat, ne\u017e p\u0159ekopu &#8230; ale u\u017e se to l\u00edhne &#8230; i kdy\u017e je\u0161t\u011b to bude t\u0159eba tro\u0161ku poladit. Ale fotky na prohl\u00ed\u017een\u00ed jsou u\u017e aspo\u0148 n\u011bjak dostupn\u00e9.<\/p>\n<p>\t<div class=\"ngg-albumoverview default-view\">\n\t\t\t\t\t<div class=\"ngg-album\">\n\t\t\t\t<div class=\"ngg-albumcontent\">\n\t\t\t\t\t\t\t\t\t\t\t<div class=\"ngg-thumbnail\">\n\t\t\t\t\t\t\t<a class='gallery_link' href='https:\/\/www.sklenarice.com\/aktuality\/fotografie\/nggallery\/nejlepsi-vyber\/cernobile-historicke'>\n\t\t\t\t\t\t\t\t<img class=\"Thumb\"\n\t\t\t\t\t\t\t\t\talt=\"\u010cernob\u00edl\u00e9 - historick\u00e9, scanov\u00e1no\"\n\t\t\t\t\t\t\t\t\tsrc=\"https:\/\/www.sklenarice.com\/wp-content\/gallery\/cernobile-historicke\/cache\/lipa.jpg-nggid011-ngg0dyn-91x68-00f0w010c011r110f110r010t010.jpg?t=1575051523\"\/>\n\t\t\t\t\t\t\t<\/a>\n\t\t\t\t\t\t<\/div>\n\t\t\t\t\t\t\t\t\t\t<div class=\"ngg-albumtitle\">\n\t\t\t\t\t\t<a class='gallery_link' href='https:\/\/www.sklenarice.com\/aktuality\/fotografie\/nggallery\/nejlepsi-vyber\/cernobile-historicke'>\u010cernob\u00edl\u00e9 - historick\u00e9, scanov\u00e1no<\/a>\n\t\t\t\t\t<\/div>\n\t\t\t\t\t<div class=\"ngg-description\">\n\t\t\t\t\t\t<p>\n\t\t\t\t\t\t\t\t\t\t\t\t<\/p>\n\t\t\t\t\t\t\t\t\t\t\t\t\t<p class=\"ngg-album-gallery-image-counter\">\n\t\t\t\t\t\t\t\t<strong>37<\/strong>&nbsp;Fotky<\/p>\n\t\t\t\t\t\t\t\t\t\t\t<\/div>\n\t\t\t\t<\/div>\n\t\t\t<\/div>\n\t\t\t\t\t<div class=\"ngg-album\">\n\t\t\t\t<div class=\"ngg-albumcontent\">\n\t\t\t\t\t\t\t\t\t\t\t<div class=\"ngg-thumbnail\">\n\t\t\t\t\t\t\t<a class='gallery_link' href='https:\/\/www.sklenarice.com\/aktuality\/fotografie\/nggallery\/nejlepsi-vyber\/barevne-z-prelomu-tisicileti'>\n\t\t\t\t\t\t\t\t<img class=\"Thumb\"\n\t\t\t\t\t\t\t\t\talt=\"Barevn\u00e9 - scanov\u00e1no\"\n\t\t\t\t\t\t\t\t\tsrc=\"https:\/\/www.sklenarice.com\/wp-content\/gallery\/barevne-z-prelomu-tisicileti\/cache\/2002007.jpg-nggid0238-ngg0dyn-91x68-00f0w010c011r110f110r010t010.jpg?t=1573980991\"\/>\n\t\t\t\t\t\t\t<\/a>\n\t\t\t\t\t\t<\/div>\n\t\t\t\t\t\t\t\t\t\t<div class=\"ngg-albumtitle\">\n\t\t\t\t\t\t<a class='gallery_link' href='https:\/\/www.sklenarice.com\/aktuality\/fotografie\/nggallery\/nejlepsi-vyber\/barevne-z-prelomu-tisicileti'>Barevn\u00e9 - scanov\u00e1no<\/a>\n\t\t\t\t\t<\/div>\n\t\t\t\t\t<div class=\"ngg-description\">\n\t\t\t\t\t\t<p>\n\t\t\t\t\t\t\t\t\t\t\t\t<\/p>\n\t\t\t\t\t\t\t\t\t\t\t\t\t<p class=\"ngg-album-gallery-image-counter\">\n\t\t\t\t\t\t\t\t<strong>36<\/strong>&nbsp;Fotky<\/p>\n\t\t\t\t\t\t\t\t\t\t\t<\/div>\n\t\t\t\t<\/div>\n\t\t\t<\/div>\n\t\t\t\t\t<div class=\"ngg-album\">\n\t\t\t\t<div class=\"ngg-albumcontent\">\n\t\t\t\t\t\t\t\t\t\t\t<div class=\"ngg-thumbnail\">\n\t\t\t\t\t\t\t<a class='gallery_link' href='https:\/\/www.sklenarice.com\/aktuality\/fotografie\/nggallery\/nejlepsi-vyber\/barevne-foceno-digitalem'>\n\t\t\t\t\t\t\t\t<img class=\"Thumb\"\n\t\t\t\t\t\t\t\t\talt=\"Barevn\u00e9 - foceno digit\u00e1lem\"\n\t\t\t\t\t\t\t\t\tsrc=\"https:\/\/www.sklenarice.com\/wp-content\/gallery\/barevne-foceno-digitalem\/cache\/g051223016.jpg-nggid0286-ngg0dyn-91x68-00f0w010c011r110f110r010t010.jpg?t=1573980991\"\/>\n\t\t\t\t\t\t\t<\/a>\n\t\t\t\t\t\t<\/div>\n\t\t\t\t\t\t\t\t\t\t<div class=\"ngg-albumtitle\">\n\t\t\t\t\t\t<a class='gallery_link' href='https:\/\/www.sklenarice.com\/aktuality\/fotografie\/nggallery\/nejlepsi-vyber\/barevne-foceno-digitalem'>Barevn\u00e9 - foceno digit\u00e1lem<\/a>\n\t\t\t\t\t<\/div>\n\t\t\t\t\t<div class=\"ngg-description\">\n\t\t\t\t\t\t<p>\n\t\t\t\t\t\t\t\t\t\t\t\t<\/p>\n\t\t\t\t\t\t\t\t\t\t\t\t\t<p class=\"ngg-album-gallery-image-counter\">\n\t\t\t\t\t\t\t\t<strong>117<\/strong>&nbsp;Fotky<\/p>\n\t\t\t\t\t\t\t\t\t\t\t<\/div>\n\t\t\t\t<\/div>\n\t\t\t<\/div>\n\t\t\t\t<div class='ngg-clear'><\/div>\t<\/div>\n<\/p>\n<p>&nbsp;<\/p>\n","protected":false},"excerpt":{"rendered":"<p>To bude chv\u00edli trvat, ne\u017e p\u0159ekopu &#8230; ale u\u017e se to l\u00edhne &#8230; i kdy\u017e je\u0161t\u011b to bude t\u0159eba tro\u0161ku poladit. Ale fotky na prohl\u00ed\u017een\u00ed jsou u\u017e aspo\u0148 n\u011bjak dostupn\u00e9. \u010cernob\u00edl\u00e9 &#8211; historick\u00e9, scanov\u00e1no 37&nbsp;Fotky Barevn\u00e9 &#8211; scanov\u00e1no 36&nbsp;Fotky Barevn\u00e9 &#8211; foceno digit\u00e1lem 117&nbsp;Fotky &nbsp;<\/p>\n","protected":false},"author":1,"featured_media":0,"parent":0,"menu_order":0,"comment_status":"closed","ping_status":"closed","template":"","meta":{"ngg_post_thumbnail":0,"footnotes":""},"class_list":["post-78","page","type-page","status-publish","hentry"],"yoast_head":"<!-- This site is optimized with the Yoast SEO plugin v27.5 - https:\/\/yoast.com\/product\/yoast-seo-wordpress\/ -->\n<title>Fotografie - Sklena\u0159ice<\/title>\n<meta name=\"robots\" content=\"index, follow, max-snippet:-1, max-image-preview:large, max-video-preview:-1\" \/>\n<link rel=\"canonical\" href=\"https:\/\/www.sklenarice.com\/aktuality\/fotografie\/\" \/>\n<meta property=\"og:locale\" content=\"cs_CZ\" \/>\n<meta property=\"og:type\" content=\"article\" \/>\n<meta property=\"og:title\" content=\"Fotografie - Sklena\u0159ice\" \/>\n<meta property=\"og:description\" content=\"To bude chv\u00edli trvat, ne\u017e p\u0159ekopu &#8230; ale u\u017e se to l\u00edhne &#8230; i kdy\u017e je\u0161t\u011b to bude t\u0159eba tro\u0161ku poladit. Ale fotky na prohl\u00ed\u017een\u00ed jsou u\u017e aspo\u0148 n\u011bjak dostupn\u00e9. \u010cernob\u00edl\u00e9 - historick\u00e9, scanov\u00e1no 37&nbsp;Fotky Barevn\u00e9 - scanov\u00e1no 36&nbsp;Fotky Barevn\u00e9 - foceno digit\u00e1lem 117&nbsp;Fotky &nbsp;\" \/>\n<meta property=\"og:url\" content=\"https:\/\/www.sklenarice.com\/aktuality\/fotografie\/\" \/>\n<meta property=\"og:site_name\" content=\"Sklena\u0159ice\" \/>\n<meta property=\"article:publisher\" content=\"https:\/\/www.facebook.com\/sklenky\/\" \/>\n<meta property=\"article:modified_time\" content=\"2014-08-28T15:30:34+00:00\" \/>\n<meta property=\"og:image\" content=\"http:\/\/www.sklenarice.com\/nextgen-attach_to_post\/preview\/id--635\" \/>\n<meta name=\"twitter:card\" content=\"summary_large_image\" \/>\n<script type=\"application\/ld+json\" class=\"yoast-schema-graph\">{\"@context\":\"https:\\\/\\\/schema.org\",\"@graph\":[{\"@type\":\"WebPage\",\"@id\":\"https:\\\/\\\/www.sklenarice.com\\\/aktuality\\\/fotografie\\\/\",\"url\":\"https:\\\/\\\/www.sklenarice.com\\\/aktuality\\\/fotografie\\\/\",\"name\":\"Fotografie - Sklena\u0159ice\",\"isPartOf\":{\"@id\":\"https:\\\/\\\/www.sklenarice.com\\\/aktuality\\\/#website\"},\"primaryImageOfPage\":{\"@id\":\"https:\\\/\\\/www.sklenarice.com\\\/aktuality\\\/fotografie\\\/#primaryimage\"},\"image\":{\"@id\":\"https:\\\/\\\/www.sklenarice.com\\\/aktuality\\\/fotografie\\\/#primaryimage\"},\"thumbnailUrl\":\"http:\\\/\\\/www.sklenarice.com\\\/nextgen-attach_to_post\\\/preview\\\/id--635\",\"datePublished\":\"2014-08-16T14:46:27+00:00\",\"dateModified\":\"2014-08-28T15:30:34+00:00\",\"breadcrumb\":{\"@id\":\"https:\\\/\\\/www.sklenarice.com\\\/aktuality\\\/fotografie\\\/#breadcrumb\"},\"inLanguage\":\"cs\",\"potentialAction\":[{\"@type\":\"ReadAction\",\"target\":[\"https:\\\/\\\/www.sklenarice.com\\\/aktuality\\\/fotografie\\\/\"]}]},{\"@type\":\"ImageObject\",\"inLanguage\":\"cs\",\"@id\":\"https:\\\/\\\/www.sklenarice.com\\\/aktuality\\\/fotografie\\\/#primaryimage\",\"url\":\"http:\\\/\\\/www.sklenarice.com\\\/nextgen-attach_to_post\\\/preview\\\/id--635\",\"contentUrl\":\"http:\\\/\\\/www.sklenarice.com\\\/nextgen-attach_to_post\\\/preview\\\/id--635\"},{\"@type\":\"BreadcrumbList\",\"@id\":\"https:\\\/\\\/www.sklenarice.com\\\/aktuality\\\/fotografie\\\/#breadcrumb\",\"itemListElement\":[{\"@type\":\"ListItem\",\"position\":1,\"name\":\"Dom\u016f\",\"item\":\"https:\\\/\\\/www.sklenarice.com\\\/aktuality\\\/\"},{\"@type\":\"ListItem\",\"position\":2,\"name\":\"Fotografie\"}]},{\"@type\":\"WebSite\",\"@id\":\"https:\\\/\\\/www.sklenarice.com\\\/aktuality\\\/#website\",\"url\":\"https:\\\/\\\/www.sklenarice.com\\\/aktuality\\\/\",\"name\":\"Sklena\u0159ice\",\"description\":\"str\u00e1nky obce z podh\u016f\u0159\u00ed Krkono\u0161 a Jizersk\u00fdch hor\",\"potentialAction\":[{\"@type\":\"SearchAction\",\"target\":{\"@type\":\"EntryPoint\",\"urlTemplate\":\"https:\\\/\\\/www.sklenarice.com\\\/aktuality\\\/?s={search_term_string}\"},\"query-input\":{\"@type\":\"PropertyValueSpecification\",\"valueRequired\":true,\"valueName\":\"search_term_string\"}}],\"inLanguage\":\"cs\"}]}<\/script>\n<!-- \/ Yoast SEO plugin. -->","yoast_head_json":{"title":"Fotografie - Sklena\u0159ice","robots":{"index":"index","follow":"follow","max-snippet":"max-snippet:-1","max-image-preview":"max-image-preview:large","max-video-preview":"max-video-preview:-1"},"canonical":"https:\/\/www.sklenarice.com\/aktuality\/fotografie\/","og_locale":"cs_CZ","og_type":"article","og_title":"Fotografie - Sklena\u0159ice","og_description":"To bude chv\u00edli trvat, ne\u017e p\u0159ekopu &#8230; ale u\u017e se to l\u00edhne &#8230; i kdy\u017e je\u0161t\u011b to bude t\u0159eba tro\u0161ku poladit. Ale fotky na prohl\u00ed\u017een\u00ed jsou u\u017e aspo\u0148 n\u011bjak dostupn\u00e9. \u010cernob\u00edl\u00e9 - historick\u00e9, scanov\u00e1no 37&nbsp;Fotky Barevn\u00e9 - scanov\u00e1no 36&nbsp;Fotky Barevn\u00e9 - foceno digit\u00e1lem 117&nbsp;Fotky &nbsp;","og_url":"https:\/\/www.sklenarice.com\/aktuality\/fotografie\/","og_site_name":"Sklena\u0159ice","article_publisher":"https:\/\/www.facebook.com\/sklenky\/","article_modified_time":"2014-08-28T15:30:34+00:00","og_image":[{"url":"http:\/\/www.sklenarice.com\/nextgen-attach_to_post\/preview\/id--635","type":"","width":"","height":""}],"twitter_card":"summary_large_image","schema":{"@context":"https:\/\/schema.org","@graph":[{"@type":"WebPage","@id":"https:\/\/www.sklenarice.com\/aktuality\/fotografie\/","url":"https:\/\/www.sklenarice.com\/aktuality\/fotografie\/","name":"Fotografie - Sklena\u0159ice","isPartOf":{"@id":"https:\/\/www.sklenarice.com\/aktuality\/#website"},"primaryImageOfPage":{"@id":"https:\/\/www.sklenarice.com\/aktuality\/fotografie\/#primaryimage"},"image":{"@id":"https:\/\/www.sklenarice.com\/aktuality\/fotografie\/#primaryimage"},"thumbnailUrl":"http:\/\/www.sklenarice.com\/nextgen-attach_to_post\/preview\/id--635","datePublished":"2014-08-16T14:46:27+00:00","dateModified":"2014-08-28T15:30:34+00:00","breadcrumb":{"@id":"https:\/\/www.sklenarice.com\/aktuality\/fotografie\/#breadcrumb"},"inLanguage":"cs","potentialAction":[{"@type":"ReadAction","target":["https:\/\/www.sklenarice.com\/aktuality\/fotografie\/"]}]},{"@type":"ImageObject","inLanguage":"cs","@id":"https:\/\/www.sklenarice.com\/aktuality\/fotografie\/#primaryimage","url":"http:\/\/www.sklenarice.com\/nextgen-attach_to_post\/preview\/id--635","contentUrl":"http:\/\/www.sklenarice.com\/nextgen-attach_to_post\/preview\/id--635"},{"@type":"BreadcrumbList","@id":"https:\/\/www.sklenarice.com\/aktuality\/fotografie\/#breadcrumb","itemListElement":[{"@type":"ListItem","position":1,"name":"Dom\u016f","item":"https:\/\/www.sklenarice.com\/aktuality\/"},{"@type":"ListItem","position":2,"name":"Fotografie"}]},{"@type":"WebSite","@id":"https:\/\/www.sklenarice.com\/aktuality\/#website","url":"https:\/\/www.sklenarice.com\/aktuality\/","name":"Sklena\u0159ice","description":"str\u00e1nky obce z podh\u016f\u0159\u00ed Krkono\u0161 a Jizersk\u00fdch hor","potentialAction":[{"@type":"SearchAction","target":{"@type":"EntryPoint","urlTemplate":"https:\/\/www.sklenarice.com\/aktuality\/?s={search_term_string}"},"query-input":{"@type":"PropertyValueSpecification","valueRequired":true,"valueName":"search_term_string"}}],"inLanguage":"cs"}]}},"_links":{"self":[{"href":"https:\/\/www.sklenarice.com\/aktuality\/wp-json\/wp\/v2\/pages\/78","targetHints":{"allow":["GET"]}}],"collection":[{"href":"https:\/\/www.sklenarice.com\/aktuality\/wp-json\/wp\/v2\/pages"}],"about":[{"href":"https:\/\/www.sklenarice.com\/aktuality\/wp-json\/wp\/v2\/types\/page"}],"author":[{"embeddable":true,"href":"https:\/\/www.sklenarice.com\/aktuality\/wp-json\/wp\/v2\/users\/1"}],"replies":[{"embeddable":true,"href":"https:\/\/www.sklenarice.com\/aktuality\/wp-json\/wp\/v2\/comments?post=78"}],"version-history":[{"count":3,"href":"https:\/\/www.sklenarice.com\/aktuality\/wp-json\/wp\/v2\/pages\/78\/revisions"}],"predecessor-version":[{"id":636,"href":"https:\/\/www.sklenarice.com\/aktuality\/wp-json\/wp\/v2\/pages\/78\/revisions\/636"}],"wp:attachment":[{"href":"https:\/\/www.sklenarice.com\/aktuality\/wp-json\/wp\/v2\/media?parent=78"}],"curies":[{"name":"wp","href":"https:\/\/api.w.org\/{rel}","templated":true}]}}