{"id":82,"date":"2014-08-16T16:49:53","date_gmt":"2014-08-16T14:49:53","guid":{"rendered":"http:\/\/www.sklenarice.com\/?page_id=82"},"modified":"2014-08-27T21:17:32","modified_gmt":"2014-08-27T19:17:32","slug":"recepty","status":"publish","type":"page","link":"https:\/\/www.sklenarice.com\/aktuality\/tipy\/recepty\/","title":{"rendered":"Recepty"},"content":{"rendered":"<p>Co se ve Sklena\u0159ic\u00edch j\u00ed a pije? No pod\u00edvejte se sami &#8230;<br \/>\n<em>V\u011bnov\u00e1no moj\u00ed mamince, co n\u00e1m z nich tak r\u00e1da va\u0159ila a pekla &#8230; <\/em><\/p>\n<p><a href=\"http:\/\/www.sklenarice.com\/wp-content\/uploads\/2014\/08\/Recepty.pdf\"><img loading=\"lazy\" decoding=\"async\" class=\"alignnone size-medium wp-image-166\" alt=\"recepty_cover\" src=\"http:\/\/www.sklenarice.com\/wp-content\/uploads\/2014\/08\/recepty_cover-264x300.png\" width=\"264\" height=\"300\" srcset=\"https:\/\/www.sklenarice.com\/wp-content\/uploads\/2014\/08\/recepty_cover-264x300.png 264w, https:\/\/www.sklenarice.com\/wp-content\/uploads\/2014\/08\/recepty_cover.png 405w\" sizes=\"auto, (max-width: 264px) 100vw, 264px\" \/><\/a><\/p>\n","protected":false},"excerpt":{"rendered":"<p>Co se ve Sklena\u0159ic\u00edch j\u00ed a pije? No pod\u00edvejte se sami &#8230; V\u011bnov\u00e1no moj\u00ed mamince, co n\u00e1m z nich tak r\u00e1da va\u0159ila a pekla &#8230;<\/p>\n","protected":false},"author":1,"featured_media":0,"parent":198,"menu_order":0,"comment_status":"closed","ping_status":"closed","template":"","meta":{"ngg_post_thumbnail":0,"footnotes":""},"class_list":["post-82","page","type-page","status-publish","hentry"],"yoast_head":"<!-- This site is optimized with the Yoast SEO plugin v27.5 - https:\/\/yoast.com\/product\/yoast-seo-wordpress\/ -->\n<title>Recepty - Sklena\u0159ice<\/title>\n<meta name=\"robots\" content=\"index, follow, max-snippet:-1, max-image-preview:large, max-video-preview:-1\" \/>\n<link rel=\"canonical\" href=\"https:\/\/www.sklenarice.com\/aktuality\/tipy\/recepty\/\" \/>\n<meta property=\"og:locale\" content=\"cs_CZ\" \/>\n<meta property=\"og:type\" content=\"article\" \/>\n<meta property=\"og:title\" content=\"Recepty - Sklena\u0159ice\" \/>\n<meta property=\"og:description\" content=\"Co se ve Sklena\u0159ic\u00edch j\u00ed a pije? No pod\u00edvejte se sami &#8230; V\u011bnov\u00e1no moj\u00ed mamince, co n\u00e1m z nich tak r\u00e1da va\u0159ila a pekla &#8230;\" \/>\n<meta property=\"og:url\" content=\"https:\/\/www.sklenarice.com\/aktuality\/tipy\/recepty\/\" \/>\n<meta property=\"og:site_name\" content=\"Sklena\u0159ice\" \/>\n<meta property=\"article:publisher\" content=\"https:\/\/www.facebook.com\/sklenky\/\" \/>\n<meta property=\"article:modified_time\" content=\"2014-08-27T19:17:32+00:00\" \/>\n<meta property=\"og:image\" content=\"http:\/\/www.sklenarice.com\/wp-content\/uploads\/2014\/08\/recepty_cover-264x300.png\" \/>\n<meta name=\"twitter:card\" content=\"summary_large_image\" \/>\n<script type=\"application\/ld+json\" class=\"yoast-schema-graph\">{\"@context\":\"https:\\\/\\\/schema.org\",\"@graph\":[{\"@type\":\"WebPage\",\"@id\":\"https:\\\/\\\/www.sklenarice.com\\\/aktuality\\\/tipy\\\/recepty\\\/\",\"url\":\"https:\\\/\\\/www.sklenarice.com\\\/aktuality\\\/tipy\\\/recepty\\\/\",\"name\":\"Recepty - Sklena\u0159ice\",\"isPartOf\":{\"@id\":\"https:\\\/\\\/www.sklenarice.com\\\/aktuality\\\/#website\"},\"primaryImageOfPage\":{\"@id\":\"https:\\\/\\\/www.sklenarice.com\\\/aktuality\\\/tipy\\\/recepty\\\/#primaryimage\"},\"image\":{\"@id\":\"https:\\\/\\\/www.sklenarice.com\\\/aktuality\\\/tipy\\\/recepty\\\/#primaryimage\"},\"thumbnailUrl\":\"http:\\\/\\\/www.sklenarice.com\\\/wp-content\\\/uploads\\\/2014\\\/08\\\/recepty_cover-264x300.png\",\"datePublished\":\"2014-08-16T14:49:53+00:00\",\"dateModified\":\"2014-08-27T19:17:32+00:00\",\"breadcrumb\":{\"@id\":\"https:\\\/\\\/www.sklenarice.com\\\/aktuality\\\/tipy\\\/recepty\\\/#breadcrumb\"},\"inLanguage\":\"cs\",\"potentialAction\":[{\"@type\":\"ReadAction\",\"target\":[\"https:\\\/\\\/www.sklenarice.com\\\/aktuality\\\/tipy\\\/recepty\\\/\"]}]},{\"@type\":\"ImageObject\",\"inLanguage\":\"cs\",\"@id\":\"https:\\\/\\\/www.sklenarice.com\\\/aktuality\\\/tipy\\\/recepty\\\/#primaryimage\",\"url\":\"http:\\\/\\\/www.sklenarice.com\\\/wp-content\\\/uploads\\\/2014\\\/08\\\/recepty_cover-264x300.png\",\"contentUrl\":\"http:\\\/\\\/www.sklenarice.com\\\/wp-content\\\/uploads\\\/2014\\\/08\\\/recepty_cover-264x300.png\"},{\"@type\":\"BreadcrumbList\",\"@id\":\"https:\\\/\\\/www.sklenarice.com\\\/aktuality\\\/tipy\\\/recepty\\\/#breadcrumb\",\"itemListElement\":[{\"@type\":\"ListItem\",\"position\":1,\"name\":\"Dom\u016f\",\"item\":\"https:\\\/\\\/www.sklenarice.com\\\/aktuality\\\/\"},{\"@type\":\"ListItem\",\"position\":2,\"name\":\"Tipy\",\"item\":\"https:\\\/\\\/www.sklenarice.com\\\/aktuality\\\/tipy\\\/\"},{\"@type\":\"ListItem\",\"position\":3,\"name\":\"Recepty\"}]},{\"@type\":\"WebSite\",\"@id\":\"https:\\\/\\\/www.sklenarice.com\\\/aktuality\\\/#website\",\"url\":\"https:\\\/\\\/www.sklenarice.com\\\/aktuality\\\/\",\"name\":\"Sklena\u0159ice\",\"description\":\"str\u00e1nky obce z podh\u016f\u0159\u00ed Krkono\u0161 a Jizersk\u00fdch hor\",\"potentialAction\":[{\"@type\":\"SearchAction\",\"target\":{\"@type\":\"EntryPoint\",\"urlTemplate\":\"https:\\\/\\\/www.sklenarice.com\\\/aktuality\\\/?s={search_term_string}\"},\"query-input\":{\"@type\":\"PropertyValueSpecification\",\"valueRequired\":true,\"valueName\":\"search_term_string\"}}],\"inLanguage\":\"cs\"}]}<\/script>\n<!-- \/ Yoast SEO plugin. -->","yoast_head_json":{"title":"Recepty - Sklena\u0159ice","robots":{"index":"index","follow":"follow","max-snippet":"max-snippet:-1","max-image-preview":"max-image-preview:large","max-video-preview":"max-video-preview:-1"},"canonical":"https:\/\/www.sklenarice.com\/aktuality\/tipy\/recepty\/","og_locale":"cs_CZ","og_type":"article","og_title":"Recepty - Sklena\u0159ice","og_description":"Co se ve Sklena\u0159ic\u00edch j\u00ed a pije? No pod\u00edvejte se sami &#8230; V\u011bnov\u00e1no moj\u00ed mamince, co n\u00e1m z nich tak r\u00e1da va\u0159ila a pekla &#8230;","og_url":"https:\/\/www.sklenarice.com\/aktuality\/tipy\/recepty\/","og_site_name":"Sklena\u0159ice","article_publisher":"https:\/\/www.facebook.com\/sklenky\/","article_modified_time":"2014-08-27T19:17:32+00:00","og_image":[{"url":"http:\/\/www.sklenarice.com\/wp-content\/uploads\/2014\/08\/recepty_cover-264x300.png","type":"","width":"","height":""}],"twitter_card":"summary_large_image","schema":{"@context":"https:\/\/schema.org","@graph":[{"@type":"WebPage","@id":"https:\/\/www.sklenarice.com\/aktuality\/tipy\/recepty\/","url":"https:\/\/www.sklenarice.com\/aktuality\/tipy\/recepty\/","name":"Recepty - Sklena\u0159ice","isPartOf":{"@id":"https:\/\/www.sklenarice.com\/aktuality\/#website"},"primaryImageOfPage":{"@id":"https:\/\/www.sklenarice.com\/aktuality\/tipy\/recepty\/#primaryimage"},"image":{"@id":"https:\/\/www.sklenarice.com\/aktuality\/tipy\/recepty\/#primaryimage"},"thumbnailUrl":"http:\/\/www.sklenarice.com\/wp-content\/uploads\/2014\/08\/recepty_cover-264x300.png","datePublished":"2014-08-16T14:49:53+00:00","dateModified":"2014-08-27T19:17:32+00:00","breadcrumb":{"@id":"https:\/\/www.sklenarice.com\/aktuality\/tipy\/recepty\/#breadcrumb"},"inLanguage":"cs","potentialAction":[{"@type":"ReadAction","target":["https:\/\/www.sklenarice.com\/aktuality\/tipy\/recepty\/"]}]},{"@type":"ImageObject","inLanguage":"cs","@id":"https:\/\/www.sklenarice.com\/aktuality\/tipy\/recepty\/#primaryimage","url":"http:\/\/www.sklenarice.com\/wp-content\/uploads\/2014\/08\/recepty_cover-264x300.png","contentUrl":"http:\/\/www.sklenarice.com\/wp-content\/uploads\/2014\/08\/recepty_cover-264x300.png"},{"@type":"BreadcrumbList","@id":"https:\/\/www.sklenarice.com\/aktuality\/tipy\/recepty\/#breadcrumb","itemListElement":[{"@type":"ListItem","position":1,"name":"Dom\u016f","item":"https:\/\/www.sklenarice.com\/aktuality\/"},{"@type":"ListItem","position":2,"name":"Tipy","item":"https:\/\/www.sklenarice.com\/aktuality\/tipy\/"},{"@type":"ListItem","position":3,"name":"Recepty"}]},{"@type":"WebSite","@id":"https:\/\/www.sklenarice.com\/aktuality\/#website","url":"https:\/\/www.sklenarice.com\/aktuality\/","name":"Sklena\u0159ice","description":"str\u00e1nky obce z podh\u016f\u0159\u00ed Krkono\u0161 a Jizersk\u00fdch hor","potentialAction":[{"@type":"SearchAction","target":{"@type":"EntryPoint","urlTemplate":"https:\/\/www.sklenarice.com\/aktuality\/?s={search_term_string}"},"query-input":{"@type":"PropertyValueSpecification","valueRequired":true,"valueName":"search_term_string"}}],"inLanguage":"cs"}]}},"_links":{"self":[{"href":"https:\/\/www.sklenarice.com\/aktuality\/wp-json\/wp\/v2\/pages\/82","targetHints":{"allow":["GET"]}}],"collection":[{"href":"https:\/\/www.sklenarice.com\/aktuality\/wp-json\/wp\/v2\/pages"}],"about":[{"href":"https:\/\/www.sklenarice.com\/aktuality\/wp-json\/wp\/v2\/types\/page"}],"author":[{"embeddable":true,"href":"https:\/\/www.sklenarice.com\/aktuality\/wp-json\/wp\/v2\/users\/1"}],"replies":[{"embeddable":true,"href":"https:\/\/www.sklenarice.com\/aktuality\/wp-json\/wp\/v2\/comments?post=82"}],"version-history":[{"count":6,"href":"https:\/\/www.sklenarice.com\/aktuality\/wp-json\/wp\/v2\/pages\/82\/revisions"}],"predecessor-version":[{"id":185,"href":"https:\/\/www.sklenarice.com\/aktuality\/wp-json\/wp\/v2\/pages\/82\/revisions\/185"}],"up":[{"embeddable":true,"href":"https:\/\/www.sklenarice.com\/aktuality\/wp-json\/wp\/v2\/pages\/198"}],"wp:attachment":[{"href":"https:\/\/www.sklenarice.com\/aktuality\/wp-json\/wp\/v2\/media?parent=82"}],"curies":[{"name":"wp","href":"https:\/\/api.w.org\/{rel}","templated":true}]}}