{"id":84,"date":"2014-08-16T16:51:35","date_gmt":"2014-08-16T14:51:35","guid":{"rendered":"http:\/\/www.sklenarice.com\/?page_id=84"},"modified":"2014-08-27T21:17:24","modified_gmt":"2014-08-27T19:17:24","slug":"krakonosove","status":"publish","type":"page","link":"https:\/\/www.sklenarice.com\/aktuality\/tipy\/krakonosove\/","title":{"rendered":"Krakono\u0161ov\u00e9"},"content":{"rendered":"<p>Pro ty, kte\u0159\u00ed do Sklena\u0159ic p\u0159ijedou a budou si cht\u00edt odv\u00e9zt n\u011bco na pam\u00e1tku.<br \/>\nP\u00e1nem Krkono\u0161 byl odjak\u017eiva <a title=\"Kdo to je Krakono\u0161?\" href=\"http:\/\/cs.wikipedia.org\/wiki\/Krakono%C5%A1\" target=\"_blank\">Krakono\u0161<\/a> . Snad proto, \u017ee je tento moudr\u00fd vl\u00e1dce na\u0161ich nejvy\u0161\u0161\u00edch hor mezi lidmi obl\u00edben\u00fd, se stal motivem mnoha m\u00edstn\u00edch um\u011blc\u016f, kte\u0159\u00ed se sna\u017e\u00ed zv\u011b\u010dnit jeho podobu.<\/p>\n<div>\n<div>\n<div>\n<div><img loading=\"lazy\" decoding=\"async\" class=\"aligncenter\" title=\"Krakono\u0161\" alt=\"Krakono\u0161\" src=\"http:\/\/ez.sklenarice.com\/var\/sklenarice.com\/storage\/images\/media\/images\/krakonos2\/9634-1-cze-CZ\/Krakonos_medium.jpg\" width=\"189\" height=\"290\" \/><\/div>\n<\/div>\n<\/div>\n<\/div>\n<p>Jedn\u00edm z nich je i Libor Br\u016fna ze Sklena\u0159ic, kter\u00fd ve voln\u00fdch chv\u00edl\u00edch vy\u0159ez\u00e1v\u00e1 kr\u00e1sn\u00e9 podobizny Krakono\u0161e.<br \/>\nNo posu\u010fte sami a p\u0159ij\u010fte pobej\u0165, v\u0161ak se i pro V\u00e1s najde n\u011bjak\u00fd ten Krakono\u0161 a vypr\u00e1v\u011bn\u00ed o \u017eivot\u011b v na\u0161\u00ed kr\u00e1sn\u00e9 horsk\u00e9 vesni\u010dce. Naproti Mexiku, v Hamburku na V\u00e1s \u010dek\u00e1me s hork\u00fdm \u010dajem, grogem nebo sva\u0159\u00e1kem.<\/p>\n<div>\n<div>\n<div>\n<div><img loading=\"lazy\" decoding=\"async\" class=\"aligncenter\" title=\"Krakono\u0161ov\u00e9\" alt=\"Krakono\u0161ov\u00e9\" src=\"http:\/\/ez.sklenarice.com\/var\/sklenarice.com\/storage\/images\/media\/images\/krakonosove2\/9620-1-cze-CZ\/Krakonosove_large.jpg\" width=\"360\" height=\"270\" \/><\/div>\n<\/div>\n<\/div>\n<\/div>\n","protected":false},"excerpt":{"rendered":"<p>Pro ty, kte\u0159\u00ed do Sklena\u0159ic p\u0159ijedou a budou si cht\u00edt odv\u00e9zt n\u011bco na pam\u00e1tku. P\u00e1nem Krkono\u0161 byl odjak\u017eiva Krakono\u0161 . Snad proto, \u017ee je tento moudr\u00fd vl\u00e1dce na\u0161ich nejvy\u0161\u0161\u00edch hor mezi lidmi obl\u00edben\u00fd, se stal motivem mnoha m\u00edstn\u00edch um\u011blc\u016f, kte\u0159\u00ed se sna\u017e\u00ed zv\u011b\u010dnit jeho podobu. Jedn\u00edm z nich je i Libor Br\u016fna ze Sklena\u0159ic, kter\u00fd [&hellip;]<\/p>\n","protected":false},"author":1,"featured_media":0,"parent":198,"menu_order":0,"comment_status":"closed","ping_status":"closed","template":"onecolumn-page.php","meta":{"ngg_post_thumbnail":0,"footnotes":""},"class_list":["post-84","page","type-page","status-publish","hentry"],"yoast_head":"<!-- This site is optimized with the Yoast SEO plugin v27.5 - https:\/\/yoast.com\/product\/yoast-seo-wordpress\/ -->\n<title>Krakono\u0161ov\u00e9 - Sklena\u0159ice<\/title>\n<meta name=\"robots\" content=\"index, follow, max-snippet:-1, max-image-preview:large, max-video-preview:-1\" \/>\n<link rel=\"canonical\" href=\"https:\/\/www.sklenarice.com\/aktuality\/tipy\/krakonosove\/\" \/>\n<meta property=\"og:locale\" content=\"cs_CZ\" \/>\n<meta property=\"og:type\" content=\"article\" \/>\n<meta property=\"og:title\" content=\"Krakono\u0161ov\u00e9 - Sklena\u0159ice\" \/>\n<meta property=\"og:description\" content=\"Pro ty, kte\u0159\u00ed do Sklena\u0159ic p\u0159ijedou a budou si cht\u00edt odv\u00e9zt n\u011bco na pam\u00e1tku. P\u00e1nem Krkono\u0161 byl odjak\u017eiva Krakono\u0161 . Snad proto, \u017ee je tento moudr\u00fd vl\u00e1dce na\u0161ich nejvy\u0161\u0161\u00edch hor mezi lidmi obl\u00edben\u00fd, se stal motivem mnoha m\u00edstn\u00edch um\u011blc\u016f, kte\u0159\u00ed se sna\u017e\u00ed zv\u011b\u010dnit jeho podobu. Jedn\u00edm z nich je i Libor Br\u016fna ze Sklena\u0159ic, kter\u00fd [&hellip;]\" \/>\n<meta property=\"og:url\" content=\"https:\/\/www.sklenarice.com\/aktuality\/tipy\/krakonosove\/\" \/>\n<meta property=\"og:site_name\" content=\"Sklena\u0159ice\" \/>\n<meta property=\"article:publisher\" content=\"https:\/\/www.facebook.com\/sklenky\/\" \/>\n<meta property=\"article:modified_time\" content=\"2014-08-27T19:17:24+00:00\" \/>\n<meta property=\"og:image\" content=\"http:\/\/ez.sklenarice.com\/var\/sklenarice.com\/storage\/images\/media\/images\/krakonos2\/9634-1-cze-CZ\/Krakonos_medium.jpg\" \/>\n<meta name=\"twitter:card\" content=\"summary_large_image\" \/>\n<meta name=\"twitter:label1\" content=\"Odhadovan\u00e1 doba \u010dten\u00ed\" \/>\n\t<meta name=\"twitter:data1\" content=\"1 minuta\" \/>\n<script type=\"application\/ld+json\" class=\"yoast-schema-graph\">{\"@context\":\"https:\\\/\\\/schema.org\",\"@graph\":[{\"@type\":\"WebPage\",\"@id\":\"https:\\\/\\\/www.sklenarice.com\\\/aktuality\\\/tipy\\\/krakonosove\\\/\",\"url\":\"https:\\\/\\\/www.sklenarice.com\\\/aktuality\\\/tipy\\\/krakonosove\\\/\",\"name\":\"Krakono\u0161ov\u00e9 - Sklena\u0159ice\",\"isPartOf\":{\"@id\":\"https:\\\/\\\/www.sklenarice.com\\\/aktuality\\\/#website\"},\"primaryImageOfPage\":{\"@id\":\"https:\\\/\\\/www.sklenarice.com\\\/aktuality\\\/tipy\\\/krakonosove\\\/#primaryimage\"},\"image\":{\"@id\":\"https:\\\/\\\/www.sklenarice.com\\\/aktuality\\\/tipy\\\/krakonosove\\\/#primaryimage\"},\"thumbnailUrl\":\"http:\\\/\\\/ez.sklenarice.com\\\/var\\\/sklenarice.com\\\/storage\\\/images\\\/media\\\/images\\\/krakonos2\\\/9634-1-cze-CZ\\\/Krakonos_medium.jpg\",\"datePublished\":\"2014-08-16T14:51:35+00:00\",\"dateModified\":\"2014-08-27T19:17:24+00:00\",\"breadcrumb\":{\"@id\":\"https:\\\/\\\/www.sklenarice.com\\\/aktuality\\\/tipy\\\/krakonosove\\\/#breadcrumb\"},\"inLanguage\":\"cs\",\"potentialAction\":[{\"@type\":\"ReadAction\",\"target\":[\"https:\\\/\\\/www.sklenarice.com\\\/aktuality\\\/tipy\\\/krakonosove\\\/\"]}]},{\"@type\":\"ImageObject\",\"inLanguage\":\"cs\",\"@id\":\"https:\\\/\\\/www.sklenarice.com\\\/aktuality\\\/tipy\\\/krakonosove\\\/#primaryimage\",\"url\":\"http:\\\/\\\/ez.sklenarice.com\\\/var\\\/sklenarice.com\\\/storage\\\/images\\\/media\\\/images\\\/krakonos2\\\/9634-1-cze-CZ\\\/Krakonos_medium.jpg\",\"contentUrl\":\"http:\\\/\\\/ez.sklenarice.com\\\/var\\\/sklenarice.com\\\/storage\\\/images\\\/media\\\/images\\\/krakonos2\\\/9634-1-cze-CZ\\\/Krakonos_medium.jpg\"},{\"@type\":\"BreadcrumbList\",\"@id\":\"https:\\\/\\\/www.sklenarice.com\\\/aktuality\\\/tipy\\\/krakonosove\\\/#breadcrumb\",\"itemListElement\":[{\"@type\":\"ListItem\",\"position\":1,\"name\":\"Dom\u016f\",\"item\":\"https:\\\/\\\/www.sklenarice.com\\\/aktuality\\\/\"},{\"@type\":\"ListItem\",\"position\":2,\"name\":\"Tipy\",\"item\":\"https:\\\/\\\/www.sklenarice.com\\\/aktuality\\\/tipy\\\/\"},{\"@type\":\"ListItem\",\"position\":3,\"name\":\"Krakono\u0161ov\u00e9\"}]},{\"@type\":\"WebSite\",\"@id\":\"https:\\\/\\\/www.sklenarice.com\\\/aktuality\\\/#website\",\"url\":\"https:\\\/\\\/www.sklenarice.com\\\/aktuality\\\/\",\"name\":\"Sklena\u0159ice\",\"description\":\"str\u00e1nky obce z podh\u016f\u0159\u00ed Krkono\u0161 a Jizersk\u00fdch hor\",\"potentialAction\":[{\"@type\":\"SearchAction\",\"target\":{\"@type\":\"EntryPoint\",\"urlTemplate\":\"https:\\\/\\\/www.sklenarice.com\\\/aktuality\\\/?s={search_term_string}\"},\"query-input\":{\"@type\":\"PropertyValueSpecification\",\"valueRequired\":true,\"valueName\":\"search_term_string\"}}],\"inLanguage\":\"cs\"}]}<\/script>\n<!-- \/ Yoast SEO plugin. -->","yoast_head_json":{"title":"Krakono\u0161ov\u00e9 - Sklena\u0159ice","robots":{"index":"index","follow":"follow","max-snippet":"max-snippet:-1","max-image-preview":"max-image-preview:large","max-video-preview":"max-video-preview:-1"},"canonical":"https:\/\/www.sklenarice.com\/aktuality\/tipy\/krakonosove\/","og_locale":"cs_CZ","og_type":"article","og_title":"Krakono\u0161ov\u00e9 - Sklena\u0159ice","og_description":"Pro ty, kte\u0159\u00ed do Sklena\u0159ic p\u0159ijedou a budou si cht\u00edt odv\u00e9zt n\u011bco na pam\u00e1tku. P\u00e1nem Krkono\u0161 byl odjak\u017eiva Krakono\u0161 . Snad proto, \u017ee je tento moudr\u00fd vl\u00e1dce na\u0161ich nejvy\u0161\u0161\u00edch hor mezi lidmi obl\u00edben\u00fd, se stal motivem mnoha m\u00edstn\u00edch um\u011blc\u016f, kte\u0159\u00ed se sna\u017e\u00ed zv\u011b\u010dnit jeho podobu. Jedn\u00edm z nich je i Libor Br\u016fna ze Sklena\u0159ic, kter\u00fd [&hellip;]","og_url":"https:\/\/www.sklenarice.com\/aktuality\/tipy\/krakonosove\/","og_site_name":"Sklena\u0159ice","article_publisher":"https:\/\/www.facebook.com\/sklenky\/","article_modified_time":"2014-08-27T19:17:24+00:00","og_image":[{"url":"http:\/\/ez.sklenarice.com\/var\/sklenarice.com\/storage\/images\/media\/images\/krakonos2\/9634-1-cze-CZ\/Krakonos_medium.jpg","type":"","width":"","height":""}],"twitter_card":"summary_large_image","twitter_misc":{"Odhadovan\u00e1 doba \u010dten\u00ed":"1 minuta"},"schema":{"@context":"https:\/\/schema.org","@graph":[{"@type":"WebPage","@id":"https:\/\/www.sklenarice.com\/aktuality\/tipy\/krakonosove\/","url":"https:\/\/www.sklenarice.com\/aktuality\/tipy\/krakonosove\/","name":"Krakono\u0161ov\u00e9 - Sklena\u0159ice","isPartOf":{"@id":"https:\/\/www.sklenarice.com\/aktuality\/#website"},"primaryImageOfPage":{"@id":"https:\/\/www.sklenarice.com\/aktuality\/tipy\/krakonosove\/#primaryimage"},"image":{"@id":"https:\/\/www.sklenarice.com\/aktuality\/tipy\/krakonosove\/#primaryimage"},"thumbnailUrl":"http:\/\/ez.sklenarice.com\/var\/sklenarice.com\/storage\/images\/media\/images\/krakonos2\/9634-1-cze-CZ\/Krakonos_medium.jpg","datePublished":"2014-08-16T14:51:35+00:00","dateModified":"2014-08-27T19:17:24+00:00","breadcrumb":{"@id":"https:\/\/www.sklenarice.com\/aktuality\/tipy\/krakonosove\/#breadcrumb"},"inLanguage":"cs","potentialAction":[{"@type":"ReadAction","target":["https:\/\/www.sklenarice.com\/aktuality\/tipy\/krakonosove\/"]}]},{"@type":"ImageObject","inLanguage":"cs","@id":"https:\/\/www.sklenarice.com\/aktuality\/tipy\/krakonosove\/#primaryimage","url":"http:\/\/ez.sklenarice.com\/var\/sklenarice.com\/storage\/images\/media\/images\/krakonos2\/9634-1-cze-CZ\/Krakonos_medium.jpg","contentUrl":"http:\/\/ez.sklenarice.com\/var\/sklenarice.com\/storage\/images\/media\/images\/krakonos2\/9634-1-cze-CZ\/Krakonos_medium.jpg"},{"@type":"BreadcrumbList","@id":"https:\/\/www.sklenarice.com\/aktuality\/tipy\/krakonosove\/#breadcrumb","itemListElement":[{"@type":"ListItem","position":1,"name":"Dom\u016f","item":"https:\/\/www.sklenarice.com\/aktuality\/"},{"@type":"ListItem","position":2,"name":"Tipy","item":"https:\/\/www.sklenarice.com\/aktuality\/tipy\/"},{"@type":"ListItem","position":3,"name":"Krakono\u0161ov\u00e9"}]},{"@type":"WebSite","@id":"https:\/\/www.sklenarice.com\/aktuality\/#website","url":"https:\/\/www.sklenarice.com\/aktuality\/","name":"Sklena\u0159ice","description":"str\u00e1nky obce z podh\u016f\u0159\u00ed Krkono\u0161 a Jizersk\u00fdch hor","potentialAction":[{"@type":"SearchAction","target":{"@type":"EntryPoint","urlTemplate":"https:\/\/www.sklenarice.com\/aktuality\/?s={search_term_string}"},"query-input":{"@type":"PropertyValueSpecification","valueRequired":true,"valueName":"search_term_string"}}],"inLanguage":"cs"}]}},"_links":{"self":[{"href":"https:\/\/www.sklenarice.com\/aktuality\/wp-json\/wp\/v2\/pages\/84","targetHints":{"allow":["GET"]}}],"collection":[{"href":"https:\/\/www.sklenarice.com\/aktuality\/wp-json\/wp\/v2\/pages"}],"about":[{"href":"https:\/\/www.sklenarice.com\/aktuality\/wp-json\/wp\/v2\/types\/page"}],"author":[{"embeddable":true,"href":"https:\/\/www.sklenarice.com\/aktuality\/wp-json\/wp\/v2\/users\/1"}],"replies":[{"embeddable":true,"href":"https:\/\/www.sklenarice.com\/aktuality\/wp-json\/wp\/v2\/comments?post=84"}],"version-history":[{"count":1,"href":"https:\/\/www.sklenarice.com\/aktuality\/wp-json\/wp\/v2\/pages\/84\/revisions"}],"predecessor-version":[{"id":85,"href":"https:\/\/www.sklenarice.com\/aktuality\/wp-json\/wp\/v2\/pages\/84\/revisions\/85"}],"up":[{"embeddable":true,"href":"https:\/\/www.sklenarice.com\/aktuality\/wp-json\/wp\/v2\/pages\/198"}],"wp:attachment":[{"href":"https:\/\/www.sklenarice.com\/aktuality\/wp-json\/wp\/v2\/media?parent=84"}],"curies":[{"name":"wp","href":"https:\/\/api.w.org\/{rel}","templated":true}]}}